{"id":14663,"date":"2023-04-17T17:40:29","date_gmt":"2023-04-17T15:40:29","guid":{"rendered":"https:\/\/weingut-stoerzel.de\/agb\/"},"modified":"2025-07-30T17:24:37","modified_gmt":"2025-07-30T15:24:37","slug":"agb","status":"publish","type":"page","link":"https:\/\/weingut-stoerzel.de\/en\/agb\/","title":{"rendered":"AGB"},"content":{"rendered":"\n<h1 class=\"wp-block-heading\">ALLGEMEINE GESCH\u00c4FTSBEDINGUNGEN&nbsp;<\/h1>\n\n\n\n<h2 class=\"wp-block-heading\">Allgemeine Gesch\u00e4ftsbedingungen f\u00fcr den Webshop<\/h2>\n\n\n\n<ul class=\"wp-block-list\">\n<li>Geltungsbereich<\/li>\n\n\n\n<li>Vertragspartner<\/li>\n\n\n\n<li>Vertragsschluss<\/li>\n\n\n\n<li>Preise und Versandkosten<\/li>\n\n\n\n<li>Lieferung<\/li>\n\n\n\n<li>Zahlung<\/li>\n\n\n\n<li>Eigentumsvorbehalt<\/li>\n\n\n\n<li>Streitbeilegung<\/li>\n<\/ul>\n\n\n\n<h2 class=\"wp-block-heading\">Allgemeine Gesch\u00e4ftsbedingungen<\/h2>\n\n\n\n<h3 class=\"wp-block-heading\">Geltungsbereich<\/h3>\n\n\n\n<p>F\u00fcr alle Lieferungen vom Online Shop. (nachfolgend Online-Shop) an Verbraucher gelten diese Allgemeinen Gesch\u00e4ftsbedingungen (AGB).<br>Verbraucher ist jede nat\u00fcrliche Person, die ein Rechtsgesch\u00e4ft zu einem Zwecke abschlie\u00dft, der \u00fcberwiegend weder ihrer gewerblichen noch ihrer selbstst\u00e4ndigen beruflichen T\u00e4tigkeit zugerechnet werden kann.<\/p>\n\n\n\n<p><strong>Vertragspartner<\/strong><br>Weingut Heinz St\u00f6rzel Inhaber Martin St\u00f6rzel<\/p>\n\n\n\n<p>Jakobstr.16<br>65385 R\u00fcdesheim am Rhein<\/p>\n\n\n\n<p><strong>Kontakt<\/strong><br>Telefon: +49 (0) 15253910842<br>E-Mail: hallo@weingut-stoerzel.de<\/p>\n\n\n\n<h3 class=\"wp-block-heading\">Vertragsschluss<\/h3>\n\n\n\n<p>Die Darstellung der Produkte im Online-Shop stellt kein rechtlich bindendes Angebot, sondern nur eine Aufforderung zur Bestellung dar.<\/p>\n\n\n\n<p>Durch Anklicken des Buttons [Kaufen\/kostenpflichtig bestellen] geben Sie eine verbindliche Bestellung der auf der Bestellseite aufgelisteten Waren ab. Ihr Kaufvertrag kommt zustande, wenn wir Ihre Bestellung durch eine Auftragsbest\u00e4tigung per E-Mail unmittelbar nach dem Erhalt Ihrer Bestellung annehmen.<\/p>\n\n\n\n<h3 class=\"wp-block-heading\">Widerrufsrecht<\/h3>\n\n\n\n<p>Wenn Sie Verbraucher sind (also eine nat\u00fcrliche Person, die die Bestellung zu einem Zweck abgibt, der weder Ihrer gewerblichen oder selbst\u00e4ndigen beruflichen T\u00e4tigkeit zugerechnet werden kann), steht Ihnen nach Ma\u00dfgabe der gesetzlichen Bestimmungen ein Widerrufsrecht zu.<\/p>\n\n\n\n<p>Machen Sie als Verbraucher von Ihrem Widerrufsrecht nach Ziffer 4.1 Gebrauch, so haben Sie die regelm\u00e4\u00dfigen Kosten der R\u00fccksendung zu tragen. Im \u00dcbrigen gelten f\u00fcr das Widerrufsrecht die Regelungen, die im Einzelnen wiedergegeben sind in der folgenden<\/p>\n\n\n\n<h2 class=\"wp-block-heading\"><\/h2>\n\n\n\n<h2 class=\"wp-block-heading\">M\u00e4ngelhaftung\/Verj\u00e4hrungsfrist<\/h2>\n\n\n\n<p>Es besteht grunds\u00e4tzlich ein gesetzliches M\u00e4ngelhaftungsrecht, soweit nicht ein anderes bestimmt ist.<\/p>\n\n\n\n<h2 class=\"wp-block-heading\">Preise und Versandkosten<\/h2>\n\n\n\n<p>Die auf den Produktseiten genannten Preise enthalten die gesetzliche Mehrwertsteuer und sonstige Preisbestandteile.<br><br><strong>Weinversand:\u00a0<\/strong><br>Wir verschicken in 3er, 6er, 12er, 15er Kartons. Versandkostenpauschale pro Versandkarton 7,50\u20ac.<br><br>Die Versandkosten werden Ihnen auf den Produktseiten, im Warenkorbsystem und auf der Bestellseite nochmals deutlich mitgeteilt.<br>Die Lieferung erfolgt mit DHL, DPD oder UPS.<br>Die Lieferzeit betr\u00e4gt bis 5 Werktage. Auf eventuell abweichende Lieferzeiten weisen wir auf der jeweiligen Produktseite hin.<\/p>\n\n\n\n<h2 class=\"wp-block-heading\">Jugendschutz<\/h2>\n\n\n\n<p>Die von uns angebotenen Waren geh\u00f6ren ausschlie\u00dflich in die H\u00e4nde von Erwachsenen. Der Kunde erkl\u00e4rt mit Absenden einer Bestellung, mindestens 18 Jahre alt zu sein. Die f\u00fcr die Bestellung erforderlichen Daten wie Name, Anschrift usw. sind vollst\u00e4ndig und wahrheitsgem\u00e4\u00df anzugeben. Die Ware wird durch den Zusteller erst nach erfolgter Alterspr\u00fcfung und nur an den Besteller pers\u00f6nlich ausgeh\u00e4ndigt.<\/p>\n\n\n\n<h2 class=\"wp-block-heading\">Zahlung<\/h2>\n\n\n\n<p>Die Zahlung erfolgt wahlweise per Vorkasse oder PayPal.<br>Bei Auswahl der Zahlungsart Vorkasse nennen wir Ihnen unsere Bankverbindung in der Auftragsbest\u00e4tigung und liefern die Ware nach Zahlungseingang.<\/p>\n\n\n\n<h2 class=\"wp-block-heading\">Eigentumsvorbehalt<\/h2>\n\n\n\n<p>Bis zur vollst\u00e4ndigen Zahlung bleibt die Ware unser Eigentum.<\/p>\n\n\n\n<h2 class=\"wp-block-heading\">Hinweis zur R\u00fccknahme von Verpackungen<\/h2>\n\n\n\n<p>Wir sind dem Entsorgungssystem Interseroh+ GmbH angeschlossen. Unsere Kundennummer lautet 39531<\/p>\n\n\n\n<h2 class=\"wp-block-heading\">Streitbeilegung<\/h2>\n\n\n\n<p>Die EU-Kommission hat eine Internetplattform zur Online-Beilegung von Streitigkeiten geschaffen. Die Plattform dient als Anlaufstelle zur au\u00dfergerichtlichen Beilegung von Streitigkeiten betreffend vertragliche Verpflichtungen, die aus Online-Kaufvertr\u00e4gen erwachsen. N\u00e4here Informationen sind unter dem folgenden Link verf\u00fcgbar: <a href=\"http:\/\/ec.europa.eu\/consumers\/odr\" target=\"_blank\" rel=\"noreferrer noopener\">http:\/\/ec.europa.eu\/consumers\/odr<\/a> . Zur Teilnahme an einem Streitbeilegungsverfahren vor einer Verbraucherschlichtungsstelle sind wir weder bereit noch verpflichtet.<\/p>\n\n\n\n<p><\/p>\n\n<div class=\"woocommerce woocommerce-gzd woocommerce-gzd-complaints-shortcode\">\n\t\t\t<h3>Alternative Dispute Resolution in accordance with Art. 14 (1) ODR-VO and \u00a7 36 VSBG:<\/h3>\n\t\nZur Teilnahme an einem Streitbeilegungsverfahren vor einer Verbraucherschlichtungsstelle sind wir nicht verpflichtet und nicht bereit.<\/div>\n","protected":false},"excerpt":{"rendered":"<p>ALLGEMEINE GESCH\u00c4FTSBEDINGUNGEN&nbsp; Allgemeine Gesch\u00e4ftsbedingungen f\u00fcr den Webshop Allgemeine Gesch\u00e4ftsbedingungen Geltungsbereich F\u00fcr alle Lieferungen vom Online Shop. (nachfolgend Online-Shop) an Verbraucher gelten diese Allgemeinen Gesch\u00e4ftsbedingungen (AGB).Verbraucher ist jede nat\u00fcrliche Person, die ein Rechtsgesch\u00e4ft zu einem Zwecke abschlie\u00dft, der \u00fcberwiegend weder ihrer gewerblichen noch ihrer selbstst\u00e4ndigen beruflichen T\u00e4tigkeit zugerechnet werden kann. VertragspartnerWeingut Heinz St\u00f6rzel Inhaber Martin St\u00f6rzel&#8230;<\/p>","protected":false},"author":1,"featured_media":0,"parent":0,"menu_order":0,"comment_status":"closed","ping_status":"closed","template":"","meta":{"_kadence_starter_templates_imported_post":false,"_kad_post_transparent":"","_kad_post_title":"","_kad_post_layout":"","_kad_post_sidebar_id":"","_kad_post_content_style":"","_kad_post_vertical_padding":"","_kad_post_feature":"","_kad_post_feature_position":"","_kad_post_header":false,"_kad_post_footer":false,"_kad_post_classname":"","footnotes":""},"class_list":["post-14663","page","type-page","status-publish","hentry"],"yoast_head":"<!-- This site is optimized with the Yoast SEO plugin v27.4 - https:\/\/yoast.com\/product\/yoast-seo-wordpress\/ -->\n<title>AGB - Weingut Heinz St\u00f6rzel<\/title>\n<meta name=\"robots\" content=\"noindex, nofollow\" \/>\n<meta property=\"og:locale\" content=\"en_US\" \/>\n<meta property=\"og:type\" content=\"article\" \/>\n<meta property=\"og:title\" content=\"AGB - Weingut Heinz St\u00f6rzel\" \/>\n<meta property=\"og:description\" content=\"ALLGEMEINE GESCH\u00c4FTSBEDINGUNGEN&nbsp; Allgemeine Gesch\u00e4ftsbedingungen f\u00fcr den Webshop Allgemeine Gesch\u00e4ftsbedingungen Geltungsbereich F\u00fcr alle Lieferungen vom Online Shop. (nachfolgend Online-Shop) an Verbraucher gelten diese Allgemeinen Gesch\u00e4ftsbedingungen (AGB).Verbraucher ist jede nat\u00fcrliche Person, die ein Rechtsgesch\u00e4ft zu einem Zwecke abschlie\u00dft, der \u00fcberwiegend weder ihrer gewerblichen noch ihrer selbstst\u00e4ndigen beruflichen T\u00e4tigkeit zugerechnet werden kann. VertragspartnerWeingut Heinz St\u00f6rzel Inhaber Martin St\u00f6rzel...\" \/>\n<meta property=\"og:url\" content=\"https:\/\/weingut-stoerzel.de\/en\/agb\/\" \/>\n<meta property=\"og:site_name\" content=\"Weingut Heinz St\u00f6rzel\" \/>\n<meta property=\"article:publisher\" content=\"https:\/\/www.facebook.com\/HStoerzel\/\" \/>\n<meta property=\"article:modified_time\" content=\"2025-07-30T15:24:37+00:00\" \/>\n<meta name=\"twitter:card\" content=\"summary_large_image\" \/>\n<meta name=\"twitter:label1\" content=\"Est. reading time\" \/>\n\t<meta name=\"twitter:data1\" content=\"3 minutes\" \/>\n<script type=\"application\/ld+json\" class=\"yoast-schema-graph\">{\"@context\":\"https:\\\/\\\/schema.org\",\"@graph\":[{\"@type\":\"WebPage\",\"@id\":\"https:\\\/\\\/weingut-stoerzel.de\\\/agb\\\/\",\"url\":\"https:\\\/\\\/weingut-stoerzel.de\\\/agb\\\/\",\"name\":\"AGB - Weingut Heinz St\u00f6rzel\",\"isPartOf\":{\"@id\":\"https:\\\/\\\/weingut-stoerzel.de\\\/#website\"},\"datePublished\":\"2023-04-17T15:40:29+00:00\",\"dateModified\":\"2025-07-30T15:24:37+00:00\",\"breadcrumb\":{\"@id\":\"https:\\\/\\\/weingut-stoerzel.de\\\/agb\\\/#breadcrumb\"},\"inLanguage\":\"en-US\",\"potentialAction\":[{\"@type\":\"ReadAction\",\"target\":[\"https:\\\/\\\/weingut-stoerzel.de\\\/agb\\\/\"]}]},{\"@type\":\"BreadcrumbList\",\"@id\":\"https:\\\/\\\/weingut-stoerzel.de\\\/agb\\\/#breadcrumb\",\"itemListElement\":[{\"@type\":\"ListItem\",\"position\":1,\"name\":\"Startseite\",\"item\":\"https:\\\/\\\/weingut-stoerzel.de\\\/\"},{\"@type\":\"ListItem\",\"position\":2,\"name\":\"AGB\"}]},{\"@type\":\"WebSite\",\"@id\":\"https:\\\/\\\/weingut-stoerzel.de\\\/#website\",\"url\":\"https:\\\/\\\/weingut-stoerzel.de\\\/\",\"name\":\"Weingut Heinz St\u00f6rzel\",\"description\":\"Wein schenkt Freude\",\"publisher\":{\"@id\":\"https:\\\/\\\/weingut-stoerzel.de\\\/#organization\"},\"potentialAction\":[{\"@type\":\"SearchAction\",\"target\":{\"@type\":\"EntryPoint\",\"urlTemplate\":\"https:\\\/\\\/weingut-stoerzel.de\\\/?s={search_term_string}\"},\"query-input\":{\"@type\":\"PropertyValueSpecification\",\"valueRequired\":true,\"valueName\":\"search_term_string\"}}],\"inLanguage\":\"en-US\"},{\"@type\":\"Organization\",\"@id\":\"https:\\\/\\\/weingut-stoerzel.de\\\/#organization\",\"name\":\"Weingut Heinz St\u00f6rzel\",\"url\":\"https:\\\/\\\/weingut-stoerzel.de\\\/\",\"logo\":{\"@type\":\"ImageObject\",\"inLanguage\":\"en-US\",\"@id\":\"https:\\\/\\\/weingut-stoerzel.de\\\/#\\\/schema\\\/logo\\\/image\\\/\",\"url\":\"https:\\\/\\\/weingut-stoerzel.de\\\/wp-content\\\/uploads\\\/2017\\\/02\\\/Wappen_HStoerzel.jpg\",\"contentUrl\":\"https:\\\/\\\/weingut-stoerzel.de\\\/wp-content\\\/uploads\\\/2017\\\/02\\\/Wappen_HStoerzel.jpg\",\"width\":592,\"height\":592,\"caption\":\"Weingut Heinz St\u00f6rzel\"},\"image\":{\"@id\":\"https:\\\/\\\/weingut-stoerzel.de\\\/#\\\/schema\\\/logo\\\/image\\\/\"},\"sameAs\":[\"https:\\\/\\\/www.facebook.com\\\/HStoerzel\\\/\",\"https:\\\/\\\/www.instagram.com\\\/weingutstoerzel\\\/\",\"https:\\\/\\\/www.youtube.com\\\/channel\\\/UC5BdI5neurScmsGaRkCtsDQ\"]}]}<\/script>\n<!-- \/ Yoast SEO plugin. -->","yoast_head_json":{"title":"AGB - Weingut Heinz St\u00f6rzel","robots":{"index":"noindex","follow":"nofollow"},"og_locale":"en_US","og_type":"article","og_title":"AGB - Weingut Heinz St\u00f6rzel","og_description":"ALLGEMEINE GESCH\u00c4FTSBEDINGUNGEN&nbsp; Allgemeine Gesch\u00e4ftsbedingungen f\u00fcr den Webshop Allgemeine Gesch\u00e4ftsbedingungen Geltungsbereich F\u00fcr alle Lieferungen vom Online Shop. (nachfolgend Online-Shop) an Verbraucher gelten diese Allgemeinen Gesch\u00e4ftsbedingungen (AGB).Verbraucher ist jede nat\u00fcrliche Person, die ein Rechtsgesch\u00e4ft zu einem Zwecke abschlie\u00dft, der \u00fcberwiegend weder ihrer gewerblichen noch ihrer selbstst\u00e4ndigen beruflichen T\u00e4tigkeit zugerechnet werden kann. VertragspartnerWeingut Heinz St\u00f6rzel Inhaber Martin St\u00f6rzel...","og_url":"https:\/\/weingut-stoerzel.de\/en\/agb\/","og_site_name":"Weingut Heinz St\u00f6rzel","article_publisher":"https:\/\/www.facebook.com\/HStoerzel\/","article_modified_time":"2025-07-30T15:24:37+00:00","twitter_card":"summary_large_image","twitter_misc":{"Est. reading time":"3 minutes"},"schema":{"@context":"https:\/\/schema.org","@graph":[{"@type":"WebPage","@id":"https:\/\/weingut-stoerzel.de\/agb\/","url":"https:\/\/weingut-stoerzel.de\/agb\/","name":"AGB - Weingut Heinz St\u00f6rzel","isPartOf":{"@id":"https:\/\/weingut-stoerzel.de\/#website"},"datePublished":"2023-04-17T15:40:29+00:00","dateModified":"2025-07-30T15:24:37+00:00","breadcrumb":{"@id":"https:\/\/weingut-stoerzel.de\/agb\/#breadcrumb"},"inLanguage":"en-US","potentialAction":[{"@type":"ReadAction","target":["https:\/\/weingut-stoerzel.de\/agb\/"]}]},{"@type":"BreadcrumbList","@id":"https:\/\/weingut-stoerzel.de\/agb\/#breadcrumb","itemListElement":[{"@type":"ListItem","position":1,"name":"Startseite","item":"https:\/\/weingut-stoerzel.de\/"},{"@type":"ListItem","position":2,"name":"AGB"}]},{"@type":"WebSite","@id":"https:\/\/weingut-stoerzel.de\/#website","url":"https:\/\/weingut-stoerzel.de\/","name":"Weingut Heinz St\u00f6rzel","description":"Wein schenkt Freude","publisher":{"@id":"https:\/\/weingut-stoerzel.de\/#organization"},"potentialAction":[{"@type":"SearchAction","target":{"@type":"EntryPoint","urlTemplate":"https:\/\/weingut-stoerzel.de\/?s={search_term_string}"},"query-input":{"@type":"PropertyValueSpecification","valueRequired":true,"valueName":"search_term_string"}}],"inLanguage":"en-US"},{"@type":"Organization","@id":"https:\/\/weingut-stoerzel.de\/#organization","name":"Weingut Heinz St\u00f6rzel","url":"https:\/\/weingut-stoerzel.de\/","logo":{"@type":"ImageObject","inLanguage":"en-US","@id":"https:\/\/weingut-stoerzel.de\/#\/schema\/logo\/image\/","url":"https:\/\/weingut-stoerzel.de\/wp-content\/uploads\/2017\/02\/Wappen_HStoerzel.jpg","contentUrl":"https:\/\/weingut-stoerzel.de\/wp-content\/uploads\/2017\/02\/Wappen_HStoerzel.jpg","width":592,"height":592,"caption":"Weingut Heinz St\u00f6rzel"},"image":{"@id":"https:\/\/weingut-stoerzel.de\/#\/schema\/logo\/image\/"},"sameAs":["https:\/\/www.facebook.com\/HStoerzel\/","https:\/\/www.instagram.com\/weingutstoerzel\/","https:\/\/www.youtube.com\/channel\/UC5BdI5neurScmsGaRkCtsDQ"]}]}},"jetpack_sharing_enabled":true,"_links":{"self":[{"href":"https:\/\/weingut-stoerzel.de\/en\/wp-json\/wp\/v2\/pages\/14663","targetHints":{"allow":["GET"]}}],"collection":[{"href":"https:\/\/weingut-stoerzel.de\/en\/wp-json\/wp\/v2\/pages"}],"about":[{"href":"https:\/\/weingut-stoerzel.de\/en\/wp-json\/wp\/v2\/types\/page"}],"author":[{"embeddable":true,"href":"https:\/\/weingut-stoerzel.de\/en\/wp-json\/wp\/v2\/users\/1"}],"replies":[{"embeddable":true,"href":"https:\/\/weingut-stoerzel.de\/en\/wp-json\/wp\/v2\/comments?post=14663"}],"version-history":[{"count":5,"href":"https:\/\/weingut-stoerzel.de\/en\/wp-json\/wp\/v2\/pages\/14663\/revisions"}],"predecessor-version":[{"id":15567,"href":"https:\/\/weingut-stoerzel.de\/en\/wp-json\/wp\/v2\/pages\/14663\/revisions\/15567"}],"wp:attachment":[{"href":"https:\/\/weingut-stoerzel.de\/en\/wp-json\/wp\/v2\/media?parent=14663"}],"curies":[{"name":"wp","href":"https:\/\/api.w.org\/{rel}","templated":true}]}}