{"id":398,"date":"2019-03-17T14:18:13","date_gmt":"2019-03-17T13:18:13","guid":{"rendered":"http:\/\/weingut-stoerzel.de\/?page_id=398"},"modified":"2026-03-21T16:24:03","modified_gmt":"2026-03-21T15:24:03","slug":"weinprobe","status":"publish","type":"page","link":"https:\/\/weingut-stoerzel.de\/en\/weinprobe\/","title":{"rendered":"Weinproben"},"content":{"rendered":"<p>Weinprobe mit Winzer Martin St\u00f6rzel \u2013 R\u00fcdesheimer Weingenuss hautnah erleben<\/p>\n\n\n\n<div class=\"wp-block-jetpack-tiled-gallery aligncenter is-style-rectangular\"><div class=\"\"><div class=\"tiled-gallery__gallery\"><div class=\"tiled-gallery__row\"><div class=\"tiled-gallery__col\" style=\"flex-basis:26.49607%\"><figure class=\"tiled-gallery__item\"><img decoding=\"async\" srcset=\"https:\/\/i0.wp.com\/weingut-stoerzel.de\/wp-content\/uploads\/2026\/03\/20250628_141658-768x1024.jpg?strip=info&#038;w=600&#038;ssl=1 600w,https:\/\/i0.wp.com\/weingut-stoerzel.de\/wp-content\/uploads\/2026\/03\/20250628_141658-768x1024.jpg?strip=info&#038;w=900&#038;ssl=1 900w,https:\/\/i0.wp.com\/weingut-stoerzel.de\/wp-content\/uploads\/2026\/03\/20250628_141658-768x1024.jpg?strip=info&#038;w=1200&#038;ssl=1 1200w,https:\/\/i0.wp.com\/weingut-stoerzel.de\/wp-content\/uploads\/2026\/03\/20250628_141658-768x1024.jpg?strip=info&#038;w=1500&#038;ssl=1 1500w,https:\/\/i0.wp.com\/weingut-stoerzel.de\/wp-content\/uploads\/2026\/03\/20250628_141658-768x1024.jpg?strip=info&#038;w=1800&#038;ssl=1 1800w,https:\/\/i0.wp.com\/weingut-stoerzel.de\/wp-content\/uploads\/2026\/03\/20250628_141658-768x1024.jpg?strip=info&#038;w=1920&#038;ssl=1 1920w\" alt=\"\" data-height=\"2560\" data-id=\"15644\" data-link=\"https:\/\/weingut-stoerzel.de\/weinprobe\/20250628_141658\/\" data-url=\"https:\/\/weingut-stoerzel.de\/wp-content\/uploads\/2026\/03\/20250628_141658-768x1024.jpg\" data-width=\"1920\" src=\"https:\/\/i0.wp.com\/weingut-stoerzel.de\/wp-content\/uploads\/2026\/03\/20250628_141658-768x1024.jpg?ssl=1\" data-amp-layout=\"responsive\"\/><\/figure><\/div><div class=\"tiled-gallery__col\" style=\"flex-basis:47.00786%\"><figure class=\"tiled-gallery__item\"><img decoding=\"async\" srcset=\"https:\/\/i0.wp.com\/weingut-stoerzel.de\/wp-content\/uploads\/2026\/03\/20250628_141716-1024x768.jpg?strip=info&#038;w=600&#038;ssl=1 600w,https:\/\/i0.wp.com\/weingut-stoerzel.de\/wp-content\/uploads\/2026\/03\/20250628_141716-1024x768.jpg?strip=info&#038;w=900&#038;ssl=1 900w,https:\/\/i0.wp.com\/weingut-stoerzel.de\/wp-content\/uploads\/2026\/03\/20250628_141716-1024x768.jpg?strip=info&#038;w=1200&#038;ssl=1 1200w,https:\/\/i0.wp.com\/weingut-stoerzel.de\/wp-content\/uploads\/2026\/03\/20250628_141716-1024x768.jpg?strip=info&#038;w=1500&#038;ssl=1 1500w,https:\/\/i0.wp.com\/weingut-stoerzel.de\/wp-content\/uploads\/2026\/03\/20250628_141716-1024x768.jpg?strip=info&#038;w=1800&#038;ssl=1 1800w,https:\/\/i0.wp.com\/weingut-stoerzel.de\/wp-content\/uploads\/2026\/03\/20250628_141716-1024x768.jpg?strip=info&#038;w=2000&#038;ssl=1 2000w\" alt=\"\" data-height=\"1920\" data-id=\"15645\" data-link=\"https:\/\/weingut-stoerzel.de\/weinprobe\/20250628_141716\/\" data-url=\"https:\/\/weingut-stoerzel.de\/wp-content\/uploads\/2026\/03\/20250628_141716-1024x768.jpg\" data-width=\"2560\" src=\"https:\/\/i0.wp.com\/weingut-stoerzel.de\/wp-content\/uploads\/2026\/03\/20250628_141716-1024x768.jpg?ssl=1\" data-amp-layout=\"responsive\"\/><\/figure><\/div><div class=\"tiled-gallery__col\" style=\"flex-basis:26.49607%\"><figure class=\"tiled-gallery__item\"><img decoding=\"async\" srcset=\"https:\/\/i0.wp.com\/weingut-stoerzel.de\/wp-content\/uploads\/2026\/03\/20250628_142011-768x1024.jpg?strip=info&#038;w=600&#038;ssl=1 600w,https:\/\/i0.wp.com\/weingut-stoerzel.de\/wp-content\/uploads\/2026\/03\/20250628_142011-768x1024.jpg?strip=info&#038;w=900&#038;ssl=1 900w,https:\/\/i0.wp.com\/weingut-stoerzel.de\/wp-content\/uploads\/2026\/03\/20250628_142011-768x1024.jpg?strip=info&#038;w=1200&#038;ssl=1 1200w,https:\/\/i0.wp.com\/weingut-stoerzel.de\/wp-content\/uploads\/2026\/03\/20250628_142011-768x1024.jpg?strip=info&#038;w=1500&#038;ssl=1 1500w,https:\/\/i0.wp.com\/weingut-stoerzel.de\/wp-content\/uploads\/2026\/03\/20250628_142011-768x1024.jpg?strip=info&#038;w=1800&#038;ssl=1 1800w,https:\/\/i0.wp.com\/weingut-stoerzel.de\/wp-content\/uploads\/2026\/03\/20250628_142011-768x1024.jpg?strip=info&#038;w=1920&#038;ssl=1 1920w\" alt=\"\" data-height=\"2560\" data-id=\"15643\" data-link=\"https:\/\/weingut-stoerzel.de\/weinprobe\/20250628_142011\/\" data-url=\"https:\/\/weingut-stoerzel.de\/wp-content\/uploads\/2026\/03\/20250628_142011-768x1024.jpg\" data-width=\"1920\" src=\"https:\/\/i0.wp.com\/weingut-stoerzel.de\/wp-content\/uploads\/2026\/03\/20250628_142011-768x1024.jpg?ssl=1\" data-amp-layout=\"responsive\"\/><\/figure><\/div><\/div><\/div><\/div><\/div>\n\n\n\n<p>Erleben Sie eine authentische Weinprobe mit f\u00fcnf ausgew\u00e4hlten R\u00fcdesheimer Weinen aus eigener Herstellung \u2013 pr\u00e4sentiert vom Winzer pers\u00f6nlich.<\/p>\n\n\n\n<p>In ca. 75 Minuten f\u00fchrt Martin St\u00f6rzel Sie durch eine sorgf\u00e4ltig zusammengestellte Auswahl seiner Weine und gibt spannende Einblicke in das Handwerk des Winzers, die Philosophie hinter seinen Weinen und die Besonderheiten des R\u00fcdesheimer Terroirs.<\/p>\n\n\n\n<p>Die Probe findet im historischen Gew\u00f6lbekeller des Gr\u00fcnen Kranz statt \u2013 ein stimmungsvoller Rahmen f\u00fcr eine echte Genussreise.<\/p>\n\n\n\n<p>Das erwartet Sie:<\/p>\n\n\n\n<p>F\u00fcnf charaktervolle Weine aus eigener Herstellung<\/p>\n\n\n\n<p>Pers\u00f6nliche Moderation durch Winzer Martin St\u00f6rzel<\/p>\n\n\n\n<p>Hintergrundwissen aus erster Hand<\/p>\n\n\n\n<p>Authentische Atmosph\u00e4re im historischen Gew\u00f6lbekeller<\/p>\n\n\n\n<p>Ort: Gew\u00f6lbekeller, Gr\u00fcner Kranz, Oberstra\u00dfe 42\u201344, R\u00fcdesheim am Rhein<br>Dauer: ca. 75 Minuten<\/p>\n\n\n<style>\n.weinprobe-liste {<br \/>\n  max-width: 820px;<br \/>\n  font-family: Arial, sans-serif;<br \/>\n}<br \/>\n.weinprobe-item {<br \/>\n  display: flex;<br \/>\n  justify-content: space-between;<br \/>\n  align-items: center;<br \/>\n  gap: 16px;<br \/>\n  padding: 12px 0;<br \/>\n  border-bottom: 1px solid #e5e5e5;<br \/>\n  flex-wrap: wrap;<br \/>\n}<br \/>\n.weinprobe-daten {<br \/>\n  font-size: 16px;<br \/>\n}<br \/>\n.weinprobe-datum {font-weight: 700;}<br \/>\n.weinprobe-uhrzeit {color: #666;}<br \/>\n.weinprobe-button {<br \/>\n  padding: 10px 16px;<br \/>\n  border-radius: 6px;<br \/>\n  text-decoration: none;<br \/>\n  color: #fff;<br \/>\n  font-size: 14px;<br \/>\n  font-weight: 600;<br \/>\n  background: #9b6b43;<br \/>\n}<br \/>\n.weinprobe-button:hover {opacity: 0.9;}<br \/>\n<\/style>\n<div class=\"weinprobe-liste\">\n<div class=\"weinprobe-item\">\n<div class=\"weinprobe-daten\"><span class=\"weinprobe-datum\">04.04.2026<\/span> \u2013 <span class=\"weinprobe-uhrzeit\">16:30\u201317:45<\/span><\/div>\n<p>  <a class=\"weinprobe-button\" href=\"mailto:hotel@gruenerkranz.com?subject=Weinprobe%2004.04.2026%2016:30\">Anfragen<\/a>\n<\/div>\n<div class=\"weinprobe-item\">\n<div class=\"weinprobe-daten\"><span class=\"weinprobe-datum\">01.05.2026<\/span> \u2013 <span class=\"weinprobe-uhrzeit\">16:30\u201317:45<\/span><\/div>\n<p>  <a class=\"weinprobe-button\" href=\"mailto:hotel@gruenerkranz.com?subject=Weinprobe%2001.05.2026%2016:30\">Anfragen<\/a>\n<\/div>\n<div class=\"weinprobe-item\">\n<div class=\"weinprobe-daten\"><span class=\"weinprobe-datum\">14.05.2026<\/span> \u2013 <span class=\"weinprobe-uhrzeit\">16:30\u201317:45<\/span><\/div>\n<p>  <a class=\"weinprobe-button\" href=\"mailto:hotel@gruenerkranz.com?subject=Weinprobe%2014.05.2026%2016:30\">Anfragen<\/a>\n<\/div>\n<div class=\"weinprobe-item\">\n<div class=\"weinprobe-daten\"><span class=\"weinprobe-datum\">15.05.2026<\/span> \u2013 <span class=\"weinprobe-uhrzeit\">16:30\u201317:45<\/span><\/div>\n<p>  <a class=\"weinprobe-button\" href=\"mailto:hotel@gruenerkranz.com?subject=Weinprobe%2015.05.2026%2016:30\">Anfragen<\/a>\n<\/div>\n<div class=\"weinprobe-item\">\n<div class=\"weinprobe-daten\"><span class=\"weinprobe-datum\">24.05.2026<\/span> \u2013 <span class=\"weinprobe-uhrzeit\">16:30\u201317:45<\/span><\/div>\n<p>  <a class=\"weinprobe-button\" href=\"mailto:hotel@gruenerkranz.com?subject=Weinprobe%2024.05.2026%2016:30\">Anfragen<\/a>\n<\/div>\n<div class=\"weinprobe-item\">\n<div class=\"weinprobe-daten\"><span class=\"weinprobe-datum\">20.06.2026<\/span> \u2013 <span class=\"weinprobe-uhrzeit\">16:30\u201317:45<\/span><\/div>\n<p>  <a class=\"weinprobe-button\" href=\"mailto:hotel@gruenerkranz.com?subject=Weinprobe%2020.06.2026%2016:30\">Anfragen<\/a>\n<\/div>\n<div class=\"weinprobe-item\">\n<div class=\"weinprobe-daten\"><span class=\"weinprobe-datum\">11.07.2026<\/span> \u2013 <span class=\"weinprobe-uhrzeit\">16:30\u201317:45<\/span><\/div>\n<p>  <a class=\"weinprobe-button\" href=\"mailto:hotel@gruenerkranz.com?subject=Weinprobe%2011.07.2026%2016:30\">Anfragen<\/a>\n<\/div>\n<div class=\"weinprobe-item\">\n<div class=\"weinprobe-daten\"><span class=\"weinprobe-datum\">18.07.2026<\/span> \u2013 <span class=\"weinprobe-uhrzeit\">16:30\u201317:45<\/span><\/div>\n<p>  <a class=\"weinprobe-button\" href=\"mailto:hotel@gruenerkranz.com?subject=Weinprobe%2018.07.2026%2016:30\">Anfragen<\/a>\n<\/div>\n<div class=\"weinprobe-item\">\n<div class=\"weinprobe-daten\"><span class=\"weinprobe-datum\">25.07.2026<\/span> \u2013 <span class=\"weinprobe-uhrzeit\">16:30\u201317:45<\/span><\/div>\n<p>  <a class=\"weinprobe-button\" href=\"mailto:hotel@gruenerkranz.com?subject=Weinprobe%2025.07.2026%2016:30\">Anfragen<\/a>\n<\/div>\n<div class=\"weinprobe-item\">\n<div class=\"weinprobe-daten\"><span class=\"weinprobe-datum\">01.08.2026<\/span> \u2013 <span class=\"weinprobe-uhrzeit\">16:30\u201317:45<\/span><\/div>\n<p>  <a class=\"weinprobe-button\" href=\"mailto:hotel@gruenerkranz.com?subject=Weinprobe%2001.08.2026%2016:30\">Anfragen<\/a>\n<\/div>\n<div class=\"weinprobe-item\">\n<div class=\"weinprobe-daten\"><span class=\"weinprobe-datum\">08.08.2026<\/span> \u2013 <span class=\"weinprobe-uhrzeit\">16:30\u201317:45<\/span><\/div>\n<p>  <a class=\"weinprobe-button\" href=\"mailto:hotel@gruenerkranz.com?subject=Weinprobe%2008.08.2026%2016:30\">Anfragen<\/a>\n<\/div>\n<div class=\"weinprobe-item\">\n<div class=\"weinprobe-daten\"><span class=\"weinprobe-datum\">22.08.2026<\/span> \u2013 <span class=\"weinprobe-uhrzeit\">16:30\u201317:45<\/span><\/div>\n<p>  <a class=\"weinprobe-button\" href=\"mailto:hotel@gruenerkranz.com?subject=Weinprobe%2022.08.2026%2016:30\">Anfragen<\/a>\n<\/div>\n<div class=\"weinprobe-item\">\n<div class=\"weinprobe-daten\"><span class=\"weinprobe-datum\">30.08.2026<\/span> \u2013 <span class=\"weinprobe-uhrzeit\">16:30\u201317:45<\/span><\/div>\n<p>  <a class=\"weinprobe-button\" href=\"mailto:hotel@gruenerkranz.com?subject=Weinprobe%2030.08.2026%2016:30\">Anfragen<\/a>\n<\/div>\n<div class=\"weinprobe-item\">\n<div class=\"weinprobe-daten\"><span class=\"weinprobe-datum\">05.09.2026<\/span> \u2013 <span class=\"weinprobe-uhrzeit\">16:30\u201317:45<\/span><\/div>\n<p>  <a class=\"weinprobe-button\" href=\"mailto:hotel@gruenerkranz.com?subject=Weinprobe%2005.09.2026%2016:30\">Anfragen<\/a>\n<\/div>\n<div class=\"weinprobe-item\">\n<div class=\"weinprobe-daten\"><span class=\"weinprobe-datum\">12.09.2026<\/span> \u2013 <span class=\"weinprobe-uhrzeit\">16:30\u201317:45<\/span><\/div>\n<p>  <a class=\"weinprobe-button\" href=\"mailto:hotel@gruenerkranz.com?subject=Weinprobe%2012.09.2026%2016:30\">Anfragen<\/a>\n<\/div>\n<div class=\"weinprobe-item\">\n<div class=\"weinprobe-daten\"><span class=\"weinprobe-datum\">19.09.2026<\/span> \u2013 <span class=\"weinprobe-uhrzeit\">16:30\u201317:45<\/span><\/div>\n<p>  <a class=\"weinprobe-button\" href=\"mailto:hotel@gruenerkranz.com?subject=Weinprobe%2019.09.2026%2016:30\">Anfragen<\/a>\n<\/div>\n<div class=\"weinprobe-item\">\n<div class=\"weinprobe-daten\"><span class=\"weinprobe-datum\">26.09.2026<\/span> \u2013 <span class=\"weinprobe-uhrzeit\">16:30\u201317:45<\/span><\/div>\n<p>  <a class=\"weinprobe-button\" href=\"mailto:hotel@gruenerkranz.com?subject=Weinprobe%2026.09.2026%2016:30\">Anfragen<\/a>\n<\/div>\n<div class=\"weinprobe-item\">\n<div class=\"weinprobe-daten\"><span class=\"weinprobe-datum\">03.10.2026<\/span> \u2013 <span class=\"weinprobe-uhrzeit\">16:30\u201317:45<\/span><\/div>\n<p>  <a class=\"weinprobe-button\" href=\"mailto:hotel@gruenerkranz.com?subject=Weinprobe%2003.10.2026%2016:30\">Anfragen<\/a>\n<\/div>\n<div class=\"weinprobe-item\">\n<div class=\"weinprobe-daten\"><span class=\"weinprobe-datum\">10.10.2026<\/span> \u2013 <span class=\"weinprobe-uhrzeit\">16:30\u201317:45<\/span><\/div>\n<p>  <a class=\"weinprobe-button\" href=\"mailto:hotel@gruenerkranz.com?subject=Weinprobe%2010.10.2026%2016:30\">Anfragen<\/a>\n<\/div>\n\n\n<h2 class=\"wp-block-heading\">Weinprobe an Ihrem Wunschtermin<\/h2>\n\n\n\n<p>Wir bieten Ihnen Weinproben f\u00fcr 10 bis 30 Personen in R\u00fcdesheim am Rhein an.<\/p>\n\n\n\n<p>Winzer Martin St\u00f6rzel begleitet Sie durch die Probe und gibt Ihnen interessante Einblicke in Anbau- und Herstellungsprozesse.<\/p>\n\n\n\n<p>Die Weinproben bieten Ihnen die M\u00f6glichkeit, Qualit\u00e4tsweine zu kosten und neue Geschmackserlebnisse zu entdecken. Egal ob Weinliebhaber oder Neuling, diese Weinproben sind f\u00fcr jeden geeignet.<\/p>\n\n\n\n<p>Wir geben Ihnen einen Einblick in die St\u00f6rzel Familientradition. Erfahren Sie mehr \u00fcber das Handwerk des Winzers und genie\u00dfen Sie seine harmonischen und frischen R\u00fcdesheimer Weine. Zeit f\u00fcr Fragen bleibt immer genug. <\/p>\n\n\n\n<p>Lassen Sie sich ein unverbindliches Angebot machen. Wir arbeiten mit verschiedenen Lokalit\u00e4ten zusammen und erstellen Ihnen ein ma\u00dfgeschneitertes Angebot. Gerne kommen wir auch zu Ihnen in Ihr Hotel.<\/p>\n\n\n\n<p><strong><a href=\"https:\/\/weingut-stoerzel.de\/en\/kontakt\/\">Kontaktieren<\/a> Sie uns f\u00fcr weitere Informationen.<\/strong><\/p>\n\n\n\n<p><\/p>\n\n\n\n<figure class=\"wp-block-gallery has-nested-images columns-default is-cropped wp-block-gallery-1 is-layout-flex wp-block-gallery-is-layout-flex\"><\/figure>\n\n\n\n<p><\/p>","protected":false},"excerpt":{"rendered":"<p>Weinprobe mit Winzer Martin St\u00f6rzel \u2013 R\u00fcdesheimer Weingenuss hautnah erleben Erleben Sie eine authentische Weinprobe mit f\u00fcnf ausgew\u00e4hlten R\u00fcdesheimer Weinen aus eigener Herstellung \u2013 pr\u00e4sentiert vom Winzer pers\u00f6nlich. In ca. 75 Minuten f\u00fchrt Martin St\u00f6rzel Sie durch eine sorgf\u00e4ltig zusammengestellte Auswahl seiner Weine und gibt spannende Einblicke in das Handwerk des Winzers, die Philosophie hinter&#8230;<\/p>","protected":false},"author":1,"featured_media":0,"parent":0,"menu_order":0,"comment_status":"closed","ping_status":"closed","template":"","meta":{"_kadence_starter_templates_imported_post":false,"_kad_post_transparent":"","_kad_post_title":"","_kad_post_layout":"","_kad_post_sidebar_id":"","_kad_post_content_style":"","_kad_post_vertical_padding":"","_kad_post_feature":"","_kad_post_feature_position":"","_kad_post_header":false,"_kad_post_footer":false,"_kad_post_classname":"","footnotes":""},"class_list":["post-398","page","type-page","status-publish","hentry"],"yoast_head":"<!-- This site is optimized with the Yoast SEO plugin v27.4 - https:\/\/yoast.com\/product\/yoast-seo-wordpress\/ -->\n<title>Weinproben - Weingut Heinz St\u00f6rzel<\/title>\n<meta name=\"description\" content=\"Weinprobe in R\u00fcdesheim am Rhein, direkt hier buchen. Weinprobe im historischen Gew\u00f6lbekeller mit Winzer Martin St\u00f6rzel.\" \/>\n<meta name=\"robots\" content=\"index, follow, max-snippet:-1, max-image-preview:large, max-video-preview:-1\" \/>\n<link rel=\"canonical\" href=\"https:\/\/weingut-stoerzel.de\/en\/weinprobe\/\" \/>\n<meta property=\"og:locale\" content=\"en_US\" \/>\n<meta property=\"og:type\" content=\"article\" \/>\n<meta property=\"og:title\" content=\"Weinproben - Weingut Heinz St\u00f6rzel\" \/>\n<meta property=\"og:description\" content=\"Weinprobe in R\u00fcdesheim am Rhein, direkt hier buchen. Weinprobe im historischen Gew\u00f6lbekeller mit Winzer Martin St\u00f6rzel.\" \/>\n<meta property=\"og:url\" content=\"https:\/\/weingut-stoerzel.de\/en\/weinprobe\/\" \/>\n<meta property=\"og:site_name\" content=\"Weingut Heinz St\u00f6rzel\" \/>\n<meta property=\"article:publisher\" content=\"https:\/\/www.facebook.com\/HStoerzel\/\" \/>\n<meta property=\"article:modified_time\" content=\"2026-03-21T15:24:03+00:00\" \/>\n<meta property=\"og:image\" content=\"https:\/\/i0.wp.com\/weingut-stoerzel.de\/wp-content\/uploads\/2026\/03\/20250628_141658-768x1024.jpg?ssl=1\" \/>\n<meta name=\"twitter:card\" content=\"summary_large_image\" \/>\n<meta name=\"twitter:label1\" content=\"Est. reading time\" \/>\n\t<meta name=\"twitter:data1\" content=\"3 minutes\" \/>\n<script type=\"application\/ld+json\" class=\"yoast-schema-graph\">{\"@context\":\"https:\\\/\\\/schema.org\",\"@graph\":[{\"@type\":\"WebPage\",\"@id\":\"https:\\\/\\\/weingut-stoerzel.de\\\/weinprobe\\\/\",\"url\":\"https:\\\/\\\/weingut-stoerzel.de\\\/weinprobe\\\/\",\"name\":\"Weinproben - Weingut Heinz St\u00f6rzel\",\"isPartOf\":{\"@id\":\"https:\\\/\\\/weingut-stoerzel.de\\\/#website\"},\"primaryImageOfPage\":{\"@id\":\"https:\\\/\\\/weingut-stoerzel.de\\\/weinprobe\\\/#primaryimage\"},\"image\":{\"@id\":\"https:\\\/\\\/weingut-stoerzel.de\\\/weinprobe\\\/#primaryimage\"},\"thumbnailUrl\":\"https:\\\/\\\/i0.wp.com\\\/weingut-stoerzel.de\\\/wp-content\\\/uploads\\\/2026\\\/03\\\/20250628_141658-768x1024.jpg?ssl=1\",\"datePublished\":\"2019-03-17T13:18:13+00:00\",\"dateModified\":\"2026-03-21T15:24:03+00:00\",\"description\":\"Weinprobe in R\u00fcdesheim am Rhein, direkt hier buchen. Weinprobe im historischen Gew\u00f6lbekeller mit Winzer Martin St\u00f6rzel.\",\"breadcrumb\":{\"@id\":\"https:\\\/\\\/weingut-stoerzel.de\\\/weinprobe\\\/#breadcrumb\"},\"inLanguage\":\"en-US\",\"potentialAction\":[{\"@type\":\"ReadAction\",\"target\":[\"https:\\\/\\\/weingut-stoerzel.de\\\/weinprobe\\\/\"]}]},{\"@type\":\"ImageObject\",\"inLanguage\":\"en-US\",\"@id\":\"https:\\\/\\\/weingut-stoerzel.de\\\/weinprobe\\\/#primaryimage\",\"url\":\"https:\\\/\\\/i0.wp.com\\\/weingut-stoerzel.de\\\/wp-content\\\/uploads\\\/2026\\\/03\\\/20250628_141658-768x1024.jpg?ssl=1\",\"contentUrl\":\"https:\\\/\\\/i0.wp.com\\\/weingut-stoerzel.de\\\/wp-content\\\/uploads\\\/2026\\\/03\\\/20250628_141658-768x1024.jpg?ssl=1\"},{\"@type\":\"BreadcrumbList\",\"@id\":\"https:\\\/\\\/weingut-stoerzel.de\\\/weinprobe\\\/#breadcrumb\",\"itemListElement\":[{\"@type\":\"ListItem\",\"position\":1,\"name\":\"Startseite\",\"item\":\"https:\\\/\\\/weingut-stoerzel.de\\\/\"},{\"@type\":\"ListItem\",\"position\":2,\"name\":\"Weinproben\"}]},{\"@type\":\"WebSite\",\"@id\":\"https:\\\/\\\/weingut-stoerzel.de\\\/#website\",\"url\":\"https:\\\/\\\/weingut-stoerzel.de\\\/\",\"name\":\"Weingut Heinz St\u00f6rzel\",\"description\":\"Wein schenkt Freude\",\"publisher\":{\"@id\":\"https:\\\/\\\/weingut-stoerzel.de\\\/#organization\"},\"potentialAction\":[{\"@type\":\"SearchAction\",\"target\":{\"@type\":\"EntryPoint\",\"urlTemplate\":\"https:\\\/\\\/weingut-stoerzel.de\\\/?s={search_term_string}\"},\"query-input\":{\"@type\":\"PropertyValueSpecification\",\"valueRequired\":true,\"valueName\":\"search_term_string\"}}],\"inLanguage\":\"en-US\"},{\"@type\":\"Organization\",\"@id\":\"https:\\\/\\\/weingut-stoerzel.de\\\/#organization\",\"name\":\"Weingut Heinz St\u00f6rzel\",\"url\":\"https:\\\/\\\/weingut-stoerzel.de\\\/\",\"logo\":{\"@type\":\"ImageObject\",\"inLanguage\":\"en-US\",\"@id\":\"https:\\\/\\\/weingut-stoerzel.de\\\/#\\\/schema\\\/logo\\\/image\\\/\",\"url\":\"https:\\\/\\\/weingut-stoerzel.de\\\/wp-content\\\/uploads\\\/2017\\\/02\\\/Wappen_HStoerzel.jpg\",\"contentUrl\":\"https:\\\/\\\/weingut-stoerzel.de\\\/wp-content\\\/uploads\\\/2017\\\/02\\\/Wappen_HStoerzel.jpg\",\"width\":592,\"height\":592,\"caption\":\"Weingut Heinz St\u00f6rzel\"},\"image\":{\"@id\":\"https:\\\/\\\/weingut-stoerzel.de\\\/#\\\/schema\\\/logo\\\/image\\\/\"},\"sameAs\":[\"https:\\\/\\\/www.facebook.com\\\/HStoerzel\\\/\",\"https:\\\/\\\/www.instagram.com\\\/weingutstoerzel\\\/\",\"https:\\\/\\\/www.youtube.com\\\/channel\\\/UC5BdI5neurScmsGaRkCtsDQ\"]}]}<\/script>\n<!-- \/ Yoast SEO plugin. -->","yoast_head_json":{"title":"Weinproben - Weingut Heinz St\u00f6rzel","description":"Weinprobe in R\u00fcdesheim am Rhein, direkt hier buchen. Weinprobe im historischen Gew\u00f6lbekeller mit Winzer Martin St\u00f6rzel.","robots":{"index":"index","follow":"follow","max-snippet":"max-snippet:-1","max-image-preview":"max-image-preview:large","max-video-preview":"max-video-preview:-1"},"canonical":"https:\/\/weingut-stoerzel.de\/en\/weinprobe\/","og_locale":"en_US","og_type":"article","og_title":"Weinproben - Weingut Heinz St\u00f6rzel","og_description":"Weinprobe in R\u00fcdesheim am Rhein, direkt hier buchen. Weinprobe im historischen Gew\u00f6lbekeller mit Winzer Martin St\u00f6rzel.","og_url":"https:\/\/weingut-stoerzel.de\/en\/weinprobe\/","og_site_name":"Weingut Heinz St\u00f6rzel","article_publisher":"https:\/\/www.facebook.com\/HStoerzel\/","article_modified_time":"2026-03-21T15:24:03+00:00","og_image":[{"url":"https:\/\/i0.wp.com\/weingut-stoerzel.de\/wp-content\/uploads\/2026\/03\/20250628_141658-768x1024.jpg?ssl=1","type":"","width":"","height":""}],"twitter_card":"summary_large_image","twitter_misc":{"Est. reading time":"3 minutes"},"schema":{"@context":"https:\/\/schema.org","@graph":[{"@type":"WebPage","@id":"https:\/\/weingut-stoerzel.de\/weinprobe\/","url":"https:\/\/weingut-stoerzel.de\/weinprobe\/","name":"Weinproben - Weingut Heinz St\u00f6rzel","isPartOf":{"@id":"https:\/\/weingut-stoerzel.de\/#website"},"primaryImageOfPage":{"@id":"https:\/\/weingut-stoerzel.de\/weinprobe\/#primaryimage"},"image":{"@id":"https:\/\/weingut-stoerzel.de\/weinprobe\/#primaryimage"},"thumbnailUrl":"https:\/\/i0.wp.com\/weingut-stoerzel.de\/wp-content\/uploads\/2026\/03\/20250628_141658-768x1024.jpg?ssl=1","datePublished":"2019-03-17T13:18:13+00:00","dateModified":"2026-03-21T15:24:03+00:00","description":"Weinprobe in R\u00fcdesheim am Rhein, direkt hier buchen. Weinprobe im historischen Gew\u00f6lbekeller mit Winzer Martin St\u00f6rzel.","breadcrumb":{"@id":"https:\/\/weingut-stoerzel.de\/weinprobe\/#breadcrumb"},"inLanguage":"en-US","potentialAction":[{"@type":"ReadAction","target":["https:\/\/weingut-stoerzel.de\/weinprobe\/"]}]},{"@type":"ImageObject","inLanguage":"en-US","@id":"https:\/\/weingut-stoerzel.de\/weinprobe\/#primaryimage","url":"https:\/\/i0.wp.com\/weingut-stoerzel.de\/wp-content\/uploads\/2026\/03\/20250628_141658-768x1024.jpg?ssl=1","contentUrl":"https:\/\/i0.wp.com\/weingut-stoerzel.de\/wp-content\/uploads\/2026\/03\/20250628_141658-768x1024.jpg?ssl=1"},{"@type":"BreadcrumbList","@id":"https:\/\/weingut-stoerzel.de\/weinprobe\/#breadcrumb","itemListElement":[{"@type":"ListItem","position":1,"name":"Startseite","item":"https:\/\/weingut-stoerzel.de\/"},{"@type":"ListItem","position":2,"name":"Weinproben"}]},{"@type":"WebSite","@id":"https:\/\/weingut-stoerzel.de\/#website","url":"https:\/\/weingut-stoerzel.de\/","name":"Weingut Heinz St\u00f6rzel","description":"Wein schenkt Freude","publisher":{"@id":"https:\/\/weingut-stoerzel.de\/#organization"},"potentialAction":[{"@type":"SearchAction","target":{"@type":"EntryPoint","urlTemplate":"https:\/\/weingut-stoerzel.de\/?s={search_term_string}"},"query-input":{"@type":"PropertyValueSpecification","valueRequired":true,"valueName":"search_term_string"}}],"inLanguage":"en-US"},{"@type":"Organization","@id":"https:\/\/weingut-stoerzel.de\/#organization","name":"Weingut Heinz St\u00f6rzel","url":"https:\/\/weingut-stoerzel.de\/","logo":{"@type":"ImageObject","inLanguage":"en-US","@id":"https:\/\/weingut-stoerzel.de\/#\/schema\/logo\/image\/","url":"https:\/\/weingut-stoerzel.de\/wp-content\/uploads\/2017\/02\/Wappen_HStoerzel.jpg","contentUrl":"https:\/\/weingut-stoerzel.de\/wp-content\/uploads\/2017\/02\/Wappen_HStoerzel.jpg","width":592,"height":592,"caption":"Weingut Heinz St\u00f6rzel"},"image":{"@id":"https:\/\/weingut-stoerzel.de\/#\/schema\/logo\/image\/"},"sameAs":["https:\/\/www.facebook.com\/HStoerzel\/","https:\/\/www.instagram.com\/weingutstoerzel\/","https:\/\/www.youtube.com\/channel\/UC5BdI5neurScmsGaRkCtsDQ"]}]}},"jetpack_sharing_enabled":true,"_links":{"self":[{"href":"https:\/\/weingut-stoerzel.de\/en\/wp-json\/wp\/v2\/pages\/398","targetHints":{"allow":["GET"]}}],"collection":[{"href":"https:\/\/weingut-stoerzel.de\/en\/wp-json\/wp\/v2\/pages"}],"about":[{"href":"https:\/\/weingut-stoerzel.de\/en\/wp-json\/wp\/v2\/types\/page"}],"author":[{"embeddable":true,"href":"https:\/\/weingut-stoerzel.de\/en\/wp-json\/wp\/v2\/users\/1"}],"replies":[{"embeddable":true,"href":"https:\/\/weingut-stoerzel.de\/en\/wp-json\/wp\/v2\/comments?post=398"}],"version-history":[{"count":9,"href":"https:\/\/weingut-stoerzel.de\/en\/wp-json\/wp\/v2\/pages\/398\/revisions"}],"predecessor-version":[{"id":15646,"href":"https:\/\/weingut-stoerzel.de\/en\/wp-json\/wp\/v2\/pages\/398\/revisions\/15646"}],"wp:attachment":[{"href":"https:\/\/weingut-stoerzel.de\/en\/wp-json\/wp\/v2\/media?parent=398"}],"curies":[{"name":"wp","href":"https:\/\/api.w.org\/{rel}","templated":true}]}}