{"id":61,"date":"2017-02-12T15:05:21","date_gmt":"2017-02-12T14:05:21","guid":{"rendered":"http:\/\/weingut-stoerzel.de\/?page_id=61"},"modified":"2023-10-08T08:15:27","modified_gmt":"2023-10-08T06:15:27","slug":"kontakt","status":"publish","type":"page","link":"https:\/\/weingut-stoerzel.de\/en\/kontakt\/","title":{"rendered":"Kontakt"},"content":{"rendered":"<p><\/p>\n\n\n<div class=\"_4bl9\"><strong><img loading=\"lazy\" decoding=\"async\" class=\"wp-image-14226 aligncenter\" src=\"https:\/\/weingut-stoerzel.de\/wp-content\/uploads\/2021\/04\/cropped-logo-neu.jpg\" alt=\"\" width=\"301\" height=\"301\" srcset=\"https:\/\/weingut-stoerzel.de\/wp-content\/uploads\/2021\/04\/cropped-logo-neu.jpg 512w, https:\/\/weingut-stoerzel.de\/wp-content\/uploads\/2021\/04\/cropped-logo-neu-300x300.jpg 300w, https:\/\/weingut-stoerzel.de\/wp-content\/uploads\/2021\/04\/cropped-logo-neu-150x150.jpg 150w, https:\/\/weingut-stoerzel.de\/wp-content\/uploads\/2021\/04\/cropped-logo-neu-500x500.jpg 500w, https:\/\/weingut-stoerzel.de\/wp-content\/uploads\/2021\/04\/cropped-logo-neu-373x373.jpg 373w, https:\/\/weingut-stoerzel.de\/wp-content\/uploads\/2021\/04\/cropped-logo-neu-100x100.jpg 100w, https:\/\/weingut-stoerzel.de\/wp-content\/uploads\/2021\/04\/cropped-logo-neu-270x270.jpg 270w, https:\/\/weingut-stoerzel.de\/wp-content\/uploads\/2021\/04\/cropped-logo-neu-192x192.jpg 192w, https:\/\/weingut-stoerzel.de\/wp-content\/uploads\/2021\/04\/cropped-logo-neu-180x180.jpg 180w, https:\/\/weingut-stoerzel.de\/wp-content\/uploads\/2021\/04\/cropped-logo-neu-32x32.jpg 32w\" sizes=\"auto, (max-width: 301px) 100vw, 301px\" \/><\/strong>\n<p><span class=\"_50f4\">Weingut <\/span><span class=\"_50f4\">Heinz St\u00f6rzel<\/span><\/p>\n<p><span class=\"_50f4\">Martin St\u00f6rzel &amp; Katharina Barth<\/span><\/p>\n<p>06722 &#8211; 90 88 22 8<\/p>\n<p>Mail: hallo@weingut-stoerzel.de<\/p>\n<p><span class=\"_50f4\">D-65385 R\u00fcdesheim am Rhein<\/span><\/p>\n<p>Weinverkauf t\u00e4glich im Geschenkhaus Ehrenfels, Rheinstr. 18, 65385 R\u00fcdesheim am Rhein<\/p>\n<\/div>\n<div class=\"_4bl9\">\n<h3>\u00a0<\/h3>\n<h3 style=\"text-align: left;\"><span class=\"_50f4\"><a href=\"https:\/\/www.facebook.com\/HStoerzel\/?fref=ts\" target=\"_blank\" rel=\"noopener noreferrer\">Weingut Heinz St\u00f6rzel auf Facebook<\/a><br \/><\/span><\/h3>\n<h3 style=\"text-align: left;\"><a href=\"https:\/\/www.instagram.com\/weingut_stoerzel\/\" target=\"_blank\" rel=\"noopener noreferrer\">Weingut Heinz St\u00f6rzel auf Instagram<\/a><\/h3>\n<\/div>\n<h3 class=\"_4bl9\" style=\"text-align: center;\">\u00a0<\/h3>","protected":false},"excerpt":{"rendered":"<p>Weingut Heinz St\u00f6rzel Martin St\u00f6rzel &amp; Katharina Barth 06722 &#8211; 90 88 22 8 Mail: hallo@weingut-stoerzel.de D-65385 R\u00fcdesheim am Rhein Weinverkauf t\u00e4glich im Geschenkhaus Ehrenfels, Rheinstr. 18, 65385 R\u00fcdesheim am Rhein \u00a0 Weingut Heinz St\u00f6rzel auf Facebook Weingut Heinz St\u00f6rzel auf Instagram \u00a0<\/p>","protected":false},"author":1,"featured_media":152,"parent":0,"menu_order":5,"comment_status":"closed","ping_status":"closed","template":"template-contact.php","meta":{"_kadence_starter_templates_imported_post":false,"_kad_post_transparent":"","_kad_post_title":"","_kad_post_layout":"","_kad_post_sidebar_id":"","_kad_post_content_style":"","_kad_post_vertical_padding":"","_kad_post_feature":"","_kad_post_feature_position":"","_kad_post_header":false,"_kad_post_footer":false,"_kad_post_classname":"","footnotes":""},"class_list":["post-61","page","type-page","status-publish","has-post-thumbnail","hentry"],"yoast_head":"<!-- This site is optimized with the Yoast SEO plugin v27.4 - https:\/\/yoast.com\/product\/yoast-seo-wordpress\/ -->\n<title>Kontakt - Weingut Heinz St\u00f6rzel<\/title>\n<meta name=\"description\" content=\"Informieren Sie sich \u00fcber unsere Weine und Angebote. Wir bieten Ihnen auch individuelle Weinproben an und Flaschenpreise ab Hof. hallo@weingut-stoerzel.de\" \/>\n<meta name=\"robots\" content=\"index, follow, max-snippet:-1, max-image-preview:large, max-video-preview:-1\" \/>\n<link rel=\"canonical\" href=\"https:\/\/weingut-stoerzel.de\/en\/kontakt\/\" \/>\n<meta property=\"og:locale\" content=\"en_US\" \/>\n<meta property=\"og:type\" content=\"article\" \/>\n<meta property=\"og:title\" content=\"Kontakt - Weingut Heinz St\u00f6rzel\" \/>\n<meta property=\"og:description\" content=\"Informieren Sie sich \u00fcber unsere Weine und Angebote. Wir bieten Ihnen auch individuelle Weinproben an und Flaschenpreise ab Hof. hallo@weingut-stoerzel.de\" \/>\n<meta property=\"og:url\" content=\"https:\/\/weingut-stoerzel.de\/en\/kontakt\/\" \/>\n<meta property=\"og:site_name\" content=\"Weingut Heinz St\u00f6rzel\" \/>\n<meta property=\"article:publisher\" content=\"https:\/\/www.facebook.com\/HStoerzel\/\" \/>\n<meta property=\"article:modified_time\" content=\"2023-10-08T06:15:27+00:00\" \/>\n<meta property=\"og:image\" content=\"https:\/\/weingut-stoerzel.de\/wp-content\/uploads\/2017\/02\/Wappen_HStoerzel.jpg\" \/>\n\t<meta property=\"og:image:width\" content=\"592\" \/>\n\t<meta property=\"og:image:height\" content=\"592\" \/>\n\t<meta property=\"og:image:type\" content=\"image\/jpeg\" \/>\n<meta name=\"twitter:card\" content=\"summary_large_image\" \/>\n<meta name=\"twitter:label1\" content=\"Est. reading time\" \/>\n\t<meta name=\"twitter:data1\" content=\"1 minute\" \/>\n<script type=\"application\/ld+json\" class=\"yoast-schema-graph\">{\"@context\":\"https:\\\/\\\/schema.org\",\"@graph\":[{\"@type\":\"WebPage\",\"@id\":\"https:\\\/\\\/weingut-stoerzel.de\\\/kontakt\\\/\",\"url\":\"https:\\\/\\\/weingut-stoerzel.de\\\/kontakt\\\/\",\"name\":\"Kontakt - Weingut Heinz St\u00f6rzel\",\"isPartOf\":{\"@id\":\"https:\\\/\\\/weingut-stoerzel.de\\\/#website\"},\"primaryImageOfPage\":{\"@id\":\"https:\\\/\\\/weingut-stoerzel.de\\\/kontakt\\\/#primaryimage\"},\"image\":{\"@id\":\"https:\\\/\\\/weingut-stoerzel.de\\\/kontakt\\\/#primaryimage\"},\"thumbnailUrl\":\"https:\\\/\\\/weingut-stoerzel.de\\\/wp-content\\\/uploads\\\/2017\\\/02\\\/Wappen_HStoerzel.jpg\",\"datePublished\":\"2017-02-12T14:05:21+00:00\",\"dateModified\":\"2023-10-08T06:15:27+00:00\",\"description\":\"Informieren Sie sich \u00fcber unsere Weine und Angebote. Wir bieten Ihnen auch individuelle Weinproben an und Flaschenpreise ab Hof. hallo@weingut-stoerzel.de\",\"breadcrumb\":{\"@id\":\"https:\\\/\\\/weingut-stoerzel.de\\\/kontakt\\\/#breadcrumb\"},\"inLanguage\":\"en-US\",\"potentialAction\":[{\"@type\":\"ReadAction\",\"target\":[\"https:\\\/\\\/weingut-stoerzel.de\\\/kontakt\\\/\"]}]},{\"@type\":\"ImageObject\",\"inLanguage\":\"en-US\",\"@id\":\"https:\\\/\\\/weingut-stoerzel.de\\\/kontakt\\\/#primaryimage\",\"url\":\"https:\\\/\\\/weingut-stoerzel.de\\\/wp-content\\\/uploads\\\/2017\\\/02\\\/Wappen_HStoerzel.jpg\",\"contentUrl\":\"https:\\\/\\\/weingut-stoerzel.de\\\/wp-content\\\/uploads\\\/2017\\\/02\\\/Wappen_HStoerzel.jpg\",\"width\":592,\"height\":592,\"caption\":\"Das Wappen der Familie St\u00f6rzel\"},{\"@type\":\"BreadcrumbList\",\"@id\":\"https:\\\/\\\/weingut-stoerzel.de\\\/kontakt\\\/#breadcrumb\",\"itemListElement\":[{\"@type\":\"ListItem\",\"position\":1,\"name\":\"Startseite\",\"item\":\"https:\\\/\\\/weingut-stoerzel.de\\\/\"},{\"@type\":\"ListItem\",\"position\":2,\"name\":\"Kontakt\"}]},{\"@type\":\"WebSite\",\"@id\":\"https:\\\/\\\/weingut-stoerzel.de\\\/#website\",\"url\":\"https:\\\/\\\/weingut-stoerzel.de\\\/\",\"name\":\"Weingut Heinz St\u00f6rzel\",\"description\":\"Wein schenkt Freude\",\"publisher\":{\"@id\":\"https:\\\/\\\/weingut-stoerzel.de\\\/#organization\"},\"potentialAction\":[{\"@type\":\"SearchAction\",\"target\":{\"@type\":\"EntryPoint\",\"urlTemplate\":\"https:\\\/\\\/weingut-stoerzel.de\\\/?s={search_term_string}\"},\"query-input\":{\"@type\":\"PropertyValueSpecification\",\"valueRequired\":true,\"valueName\":\"search_term_string\"}}],\"inLanguage\":\"en-US\"},{\"@type\":\"Organization\",\"@id\":\"https:\\\/\\\/weingut-stoerzel.de\\\/#organization\",\"name\":\"Weingut Heinz St\u00f6rzel\",\"url\":\"https:\\\/\\\/weingut-stoerzel.de\\\/\",\"logo\":{\"@type\":\"ImageObject\",\"inLanguage\":\"en-US\",\"@id\":\"https:\\\/\\\/weingut-stoerzel.de\\\/#\\\/schema\\\/logo\\\/image\\\/\",\"url\":\"https:\\\/\\\/weingut-stoerzel.de\\\/wp-content\\\/uploads\\\/2017\\\/02\\\/Wappen_HStoerzel.jpg\",\"contentUrl\":\"https:\\\/\\\/weingut-stoerzel.de\\\/wp-content\\\/uploads\\\/2017\\\/02\\\/Wappen_HStoerzel.jpg\",\"width\":592,\"height\":592,\"caption\":\"Weingut Heinz St\u00f6rzel\"},\"image\":{\"@id\":\"https:\\\/\\\/weingut-stoerzel.de\\\/#\\\/schema\\\/logo\\\/image\\\/\"},\"sameAs\":[\"https:\\\/\\\/www.facebook.com\\\/HStoerzel\\\/\",\"https:\\\/\\\/www.instagram.com\\\/weingutstoerzel\\\/\",\"https:\\\/\\\/www.youtube.com\\\/channel\\\/UC5BdI5neurScmsGaRkCtsDQ\"]}]}<\/script>\n<!-- \/ Yoast SEO plugin. -->","yoast_head_json":{"title":"Kontakt - Weingut Heinz St\u00f6rzel","description":"Informieren Sie sich \u00fcber unsere Weine und Angebote. Wir bieten Ihnen auch individuelle Weinproben an und Flaschenpreise ab Hof. hallo@weingut-stoerzel.de","robots":{"index":"index","follow":"follow","max-snippet":"max-snippet:-1","max-image-preview":"max-image-preview:large","max-video-preview":"max-video-preview:-1"},"canonical":"https:\/\/weingut-stoerzel.de\/en\/kontakt\/","og_locale":"en_US","og_type":"article","og_title":"Kontakt - Weingut Heinz St\u00f6rzel","og_description":"Informieren Sie sich \u00fcber unsere Weine und Angebote. Wir bieten Ihnen auch individuelle Weinproben an und Flaschenpreise ab Hof. hallo@weingut-stoerzel.de","og_url":"https:\/\/weingut-stoerzel.de\/en\/kontakt\/","og_site_name":"Weingut Heinz St\u00f6rzel","article_publisher":"https:\/\/www.facebook.com\/HStoerzel\/","article_modified_time":"2023-10-08T06:15:27+00:00","og_image":[{"width":592,"height":592,"url":"https:\/\/weingut-stoerzel.de\/wp-content\/uploads\/2017\/02\/Wappen_HStoerzel.jpg","type":"image\/jpeg"}],"twitter_card":"summary_large_image","twitter_misc":{"Est. reading time":"1 minute"},"schema":{"@context":"https:\/\/schema.org","@graph":[{"@type":"WebPage","@id":"https:\/\/weingut-stoerzel.de\/kontakt\/","url":"https:\/\/weingut-stoerzel.de\/kontakt\/","name":"Kontakt - Weingut Heinz St\u00f6rzel","isPartOf":{"@id":"https:\/\/weingut-stoerzel.de\/#website"},"primaryImageOfPage":{"@id":"https:\/\/weingut-stoerzel.de\/kontakt\/#primaryimage"},"image":{"@id":"https:\/\/weingut-stoerzel.de\/kontakt\/#primaryimage"},"thumbnailUrl":"https:\/\/weingut-stoerzel.de\/wp-content\/uploads\/2017\/02\/Wappen_HStoerzel.jpg","datePublished":"2017-02-12T14:05:21+00:00","dateModified":"2023-10-08T06:15:27+00:00","description":"Informieren Sie sich \u00fcber unsere Weine und Angebote. Wir bieten Ihnen auch individuelle Weinproben an und Flaschenpreise ab Hof. hallo@weingut-stoerzel.de","breadcrumb":{"@id":"https:\/\/weingut-stoerzel.de\/kontakt\/#breadcrumb"},"inLanguage":"en-US","potentialAction":[{"@type":"ReadAction","target":["https:\/\/weingut-stoerzel.de\/kontakt\/"]}]},{"@type":"ImageObject","inLanguage":"en-US","@id":"https:\/\/weingut-stoerzel.de\/kontakt\/#primaryimage","url":"https:\/\/weingut-stoerzel.de\/wp-content\/uploads\/2017\/02\/Wappen_HStoerzel.jpg","contentUrl":"https:\/\/weingut-stoerzel.de\/wp-content\/uploads\/2017\/02\/Wappen_HStoerzel.jpg","width":592,"height":592,"caption":"Das Wappen der Familie St\u00f6rzel"},{"@type":"BreadcrumbList","@id":"https:\/\/weingut-stoerzel.de\/kontakt\/#breadcrumb","itemListElement":[{"@type":"ListItem","position":1,"name":"Startseite","item":"https:\/\/weingut-stoerzel.de\/"},{"@type":"ListItem","position":2,"name":"Kontakt"}]},{"@type":"WebSite","@id":"https:\/\/weingut-stoerzel.de\/#website","url":"https:\/\/weingut-stoerzel.de\/","name":"Weingut Heinz St\u00f6rzel","description":"Wein schenkt Freude","publisher":{"@id":"https:\/\/weingut-stoerzel.de\/#organization"},"potentialAction":[{"@type":"SearchAction","target":{"@type":"EntryPoint","urlTemplate":"https:\/\/weingut-stoerzel.de\/?s={search_term_string}"},"query-input":{"@type":"PropertyValueSpecification","valueRequired":true,"valueName":"search_term_string"}}],"inLanguage":"en-US"},{"@type":"Organization","@id":"https:\/\/weingut-stoerzel.de\/#organization","name":"Weingut Heinz St\u00f6rzel","url":"https:\/\/weingut-stoerzel.de\/","logo":{"@type":"ImageObject","inLanguage":"en-US","@id":"https:\/\/weingut-stoerzel.de\/#\/schema\/logo\/image\/","url":"https:\/\/weingut-stoerzel.de\/wp-content\/uploads\/2017\/02\/Wappen_HStoerzel.jpg","contentUrl":"https:\/\/weingut-stoerzel.de\/wp-content\/uploads\/2017\/02\/Wappen_HStoerzel.jpg","width":592,"height":592,"caption":"Weingut Heinz St\u00f6rzel"},"image":{"@id":"https:\/\/weingut-stoerzel.de\/#\/schema\/logo\/image\/"},"sameAs":["https:\/\/www.facebook.com\/HStoerzel\/","https:\/\/www.instagram.com\/weingutstoerzel\/","https:\/\/www.youtube.com\/channel\/UC5BdI5neurScmsGaRkCtsDQ"]}]}},"jetpack_sharing_enabled":true,"_links":{"self":[{"href":"https:\/\/weingut-stoerzel.de\/en\/wp-json\/wp\/v2\/pages\/61","targetHints":{"allow":["GET"]}}],"collection":[{"href":"https:\/\/weingut-stoerzel.de\/en\/wp-json\/wp\/v2\/pages"}],"about":[{"href":"https:\/\/weingut-stoerzel.de\/en\/wp-json\/wp\/v2\/types\/page"}],"author":[{"embeddable":true,"href":"https:\/\/weingut-stoerzel.de\/en\/wp-json\/wp\/v2\/users\/1"}],"replies":[{"embeddable":true,"href":"https:\/\/weingut-stoerzel.de\/en\/wp-json\/wp\/v2\/comments?post=61"}],"version-history":[{"count":9,"href":"https:\/\/weingut-stoerzel.de\/en\/wp-json\/wp\/v2\/pages\/61\/revisions"}],"predecessor-version":[{"id":14807,"href":"https:\/\/weingut-stoerzel.de\/en\/wp-json\/wp\/v2\/pages\/61\/revisions\/14807"}],"wp:featuredmedia":[{"embeddable":true,"href":"https:\/\/weingut-stoerzel.de\/en\/wp-json\/wp\/v2\/media\/152"}],"wp:attachment":[{"href":"https:\/\/weingut-stoerzel.de\/en\/wp-json\/wp\/v2\/media?parent=61"}],"curies":[{"name":"wp","href":"https:\/\/api.w.org\/{rel}","templated":true}]}}