{"id":14211,"date":"2021-01-30T09:27:48","date_gmt":"2021-01-30T08:27:48","guid":{"rendered":"https:\/\/weingut-stoerzel.de\/?post_type=product&#038;p=14211"},"modified":"2024-06-09T14:07:31","modified_gmt":"2024-06-09T12:07:31","slug":"2020er-burgunder-cuvee-trocken-ruedesheimer-drachenstein","status":"publish","type":"product","link":"https:\/\/weingut-stoerzel.de\/en\/product\/2020er-burgunder-cuvee-trocken-ruedesheimer-drachenstein\/","title":{"rendered":"2021er R\u00fcdeshemer Burgunder Cuv\u00e9e trocken"},"content":{"rendered":"<div class=\"flex flex-grow flex-col gap-3\">\n<div class=\"min-h-[20px] flex flex-col items-start gap-4 whitespace-pre-wrap\">\n<div class=\"markdown prose w-full break-words dark:prose-invert dark\">\n<p>R\u00fcdesheimer Burgunder Cuv\u00e9e trocken ist eine elegante Mischung aus Chardonnay, Weissburgunder und Grauburgunder. Dieser Weisswein ist ein Meisterwerk aus der Lage R\u00fcdesheimer Drachenstein und stammt aus dem Jahr 2021. Der R\u00fcdesheimer Drachenstein ist bekannt f\u00fcr seine besonderen B\u00f6den aus Schiefer, die den Wein charakterisieren.<\/p>\n<p>Diese Weinlage &#8222;Drachenstein&#8220; hat ihren Namen von einem Felsen mit dem mythologischen Namen, der vielleicht einmal wie ein Drachen ausgesehen haben mag. Die Bodenstruktur besteht aus l\u00f6sslehmhaltigen Sandstein- und Quarzitb\u00f6den. Und auch sehr tiefgr\u00fcndige B\u00f6den mit nicht unerheblichen Kalkanteilen findet man in dieser Weinlage.<\/p>\n<p>Der Wein hat eine gl\u00e4nzende, strohgelbe Farbe und entfaltet ein Bouquet von reifen \u00c4pfeln, Birnen und Zitrusfr\u00fcchten. Am Gaumen pr\u00e4sentiert sich dieser Wein mit einer eleganten Balance aus Frucht und S\u00e4ure, die eine angenehme Frische und Leichtigkeit verleiht. Der Geschmack von knackigen \u00c4pfeln und saftigen Birnen ist auf subtile Weise mit einer zarten Note von Mandeln und Vanille verbunden. Der Abgang ist lang und harmonisch, mit einer mineralischen Note, die an den Schieferboden erinnert.<\/p>\n<p>Das R\u00fcdesheimer Burgunder Cuv\u00e9e trocken ist perfekt als Begleiter zu leichten Gerichten wie Fisch, Salaten und Meeresfr\u00fcchten oder als erfrischender Aperitif an einem warmen Sommerabend. Mit seiner eleganten und ausgewogenen Struktur ist er auch eine gro\u00dfartige Erg\u00e4nzung zu K\u00e4seplatten oder einfach zum Entspannen und Genie\u00dfen.<\/p>\n<p>Genie\u00dfen Sie diesen R\u00fcdesheimer Burgunder Cuv\u00e9e trocken gut gek\u00fchlt bei einer Temperatur von 8-10\u00b0C und erleben Sie den unvergleichlichen Geschmack und Charakter dieses Weins aus erster Hand.<\/p>\n<\/div>\n<\/div>\n<\/div>\n<p>Alle unsere Weine finden Sie auch im <a href=\"https:\/\/geschenkhaus-ehrenfels.de\/\">Geschenkhaus Ehrenfels<\/a>, Rheinstra\u00dfe 18, 65385 R\u00fcdesheim am Rhein.<\/p>\n<p>Die Versandkosten betragen pauschal 7,50\u20ac. Lieferung nach Absprache m\u00f6glich.<\/p>\n<p>Wir m\u00f6chten Sie bitten dreierweise (3,6,12\u2026.) zu bestellen, um die Versandkartons voll ausnutzen zu k\u00f6nnen.<\/p>\n","protected":false},"excerpt":{"rendered":"<p>Burgunder Cuv\u00e9e trocken<\/p>\n<p>13% vol<\/p>\n<p>750ml (1l\/9,33\u20ac)<\/p>\n<p>Enth\u00e4lt Sulfite<\/p>\n<p>Alle Preise inkl. gesetzl. Mehrwertsteuer zzgl. Versandkosten<\/p>","protected":false},"featured_media":14644,"template":"","meta":{"_kadence_starter_templates_imported_post":false,"_kad_post_transparent":"","_kad_post_title":"","_kad_post_layout":"","_kad_post_sidebar_id":"","_kad_post_content_style":"","_kad_post_vertical_padding":"","_kad_post_feature":"","_kad_post_feature_position":"","_kad_post_header":false,"_kad_post_footer":false,"_kad_post_classname":""},"product_brand":[],"product_cat":[22],"product_tag":[],"class_list":{"0":"post-14211","1":"product","2":"type-product","3":"status-publish","4":"has-post-thumbnail","6":"product_cat-weisswein","8":"first","9":"instock","10":"taxable","11":"shipping-taxable","12":"purchasable","13":"product-type-simple","14":"entry","15":"content-bg","16":"loop-entry"},"yoast_head":"<!-- This site is optimized with the Yoast SEO plugin v27.6 - https:\/\/yoast.com\/product\/yoast-seo-wordpress\/ -->\n<title>R\u00fcdesheimer Burgunder Cuv\u00e9e trocken<\/title>\n<meta name=\"description\" content=\"R\u00fcdeshemer Burgunder Cuv\u00e9e trocken: Weissburgunder, Grauburgunder und Chardonnay vereint in einem Wein aus der Lage Drachenstein. Jetzt bestellen!\" \/>\n<meta name=\"robots\" content=\"index, follow, max-snippet:-1, max-image-preview:large, max-video-preview:-1\" \/>\n<link rel=\"canonical\" href=\"https:\/\/weingut-stoerzel.de\/en\/product\/2020er-burgunder-cuvee-trocken-ruedesheimer-drachenstein\/\" \/>\n<meta property=\"og:locale\" content=\"en_US\" \/>\n<meta property=\"og:type\" content=\"article\" \/>\n<meta property=\"og:title\" content=\"R\u00fcdesheimer Burgunder Cuv\u00e9e trocken\" \/>\n<meta property=\"og:description\" content=\"R\u00fcdeshemer Burgunder Cuv\u00e9e trocken: Weissburgunder, Grauburgunder und Chardonnay vereint in einem Wein aus der Lage Drachenstein. Jetzt bestellen!\" \/>\n<meta property=\"og:url\" content=\"https:\/\/weingut-stoerzel.de\/en\/product\/2020er-burgunder-cuvee-trocken-ruedesheimer-drachenstein\/\" \/>\n<meta property=\"og:site_name\" content=\"Weingut Heinz St\u00f6rzel\" \/>\n<meta property=\"article:publisher\" content=\"https:\/\/www.facebook.com\/HStoerzel\/\" \/>\n<meta property=\"article:modified_time\" content=\"2024-06-09T12:07:31+00:00\" \/>\n<meta property=\"og:image\" content=\"https:\/\/weingut-stoerzel.de\/wp-content\/uploads\/2022\/05\/21BuCu.jpg\" \/>\n\t<meta property=\"og:image:width\" content=\"555\" \/>\n\t<meta property=\"og:image:height\" content=\"688\" \/>\n\t<meta property=\"og:image:type\" content=\"image\/jpeg\" \/>\n<meta name=\"twitter:card\" content=\"summary_large_image\" \/>\n<meta name=\"twitter:label1\" content=\"Est. reading time\" \/>\n\t<meta name=\"twitter:data1\" content=\"2 minutes\" \/>\n<script type=\"application\/ld+json\" class=\"yoast-schema-graph\">{\"@context\":\"https:\\\/\\\/schema.org\",\"@graph\":[{\"@type\":\"WebPage\",\"@id\":\"https:\\\/\\\/weingut-stoerzel.de\\\/produkt\\\/2020er-burgunder-cuvee-trocken-ruedesheimer-drachenstein\\\/\",\"url\":\"https:\\\/\\\/weingut-stoerzel.de\\\/produkt\\\/2020er-burgunder-cuvee-trocken-ruedesheimer-drachenstein\\\/\",\"name\":\"R\u00fcdesheimer Burgunder Cuv\u00e9e trocken\",\"isPartOf\":{\"@id\":\"https:\\\/\\\/weingut-stoerzel.de\\\/#website\"},\"primaryImageOfPage\":{\"@id\":\"https:\\\/\\\/weingut-stoerzel.de\\\/produkt\\\/2020er-burgunder-cuvee-trocken-ruedesheimer-drachenstein\\\/#primaryimage\"},\"image\":{\"@id\":\"https:\\\/\\\/weingut-stoerzel.de\\\/produkt\\\/2020er-burgunder-cuvee-trocken-ruedesheimer-drachenstein\\\/#primaryimage\"},\"thumbnailUrl\":\"https:\\\/\\\/weingut-stoerzel.de\\\/wp-content\\\/uploads\\\/2022\\\/05\\\/21BuCu.jpg\",\"datePublished\":\"2021-01-30T08:27:48+00:00\",\"dateModified\":\"2024-06-09T12:07:31+00:00\",\"description\":\"R\u00fcdeshemer Burgunder Cuv\u00e9e trocken: Weissburgunder, Grauburgunder und Chardonnay vereint in einem Wein aus der Lage Drachenstein. Jetzt bestellen!\",\"breadcrumb\":{\"@id\":\"https:\\\/\\\/weingut-stoerzel.de\\\/produkt\\\/2020er-burgunder-cuvee-trocken-ruedesheimer-drachenstein\\\/#breadcrumb\"},\"inLanguage\":\"en-US\",\"potentialAction\":[{\"@type\":\"ReadAction\",\"target\":[\"https:\\\/\\\/weingut-stoerzel.de\\\/produkt\\\/2020er-burgunder-cuvee-trocken-ruedesheimer-drachenstein\\\/\"]}]},{\"@type\":\"ImageObject\",\"inLanguage\":\"en-US\",\"@id\":\"https:\\\/\\\/weingut-stoerzel.de\\\/produkt\\\/2020er-burgunder-cuvee-trocken-ruedesheimer-drachenstein\\\/#primaryimage\",\"url\":\"https:\\\/\\\/weingut-stoerzel.de\\\/wp-content\\\/uploads\\\/2022\\\/05\\\/21BuCu.jpg\",\"contentUrl\":\"https:\\\/\\\/weingut-stoerzel.de\\\/wp-content\\\/uploads\\\/2022\\\/05\\\/21BuCu.jpg\",\"width\":555,\"height\":688,\"caption\":\"R\u00fcdeshemer Burgunder Cuv\u00e9e trocken\"},{\"@type\":\"BreadcrumbList\",\"@id\":\"https:\\\/\\\/weingut-stoerzel.de\\\/produkt\\\/2020er-burgunder-cuvee-trocken-ruedesheimer-drachenstein\\\/#breadcrumb\",\"itemListElement\":[{\"@type\":\"ListItem\",\"position\":1,\"name\":\"Startseite\",\"item\":\"https:\\\/\\\/weingut-stoerzel.de\\\/\"},{\"@type\":\"ListItem\",\"position\":2,\"name\":\"Shop\",\"item\":\"https:\\\/\\\/weingut-stoerzel.de\\\/shop\\\/\"},{\"@type\":\"ListItem\",\"position\":3,\"name\":\"2021er R\u00fcdeshemer Burgunder Cuv\u00e9e trocken\"}]},{\"@type\":\"WebSite\",\"@id\":\"https:\\\/\\\/weingut-stoerzel.de\\\/#website\",\"url\":\"https:\\\/\\\/weingut-stoerzel.de\\\/\",\"name\":\"Weingut Heinz St\u00f6rzel\",\"description\":\"Wein schenkt Freude\",\"publisher\":{\"@id\":\"https:\\\/\\\/weingut-stoerzel.de\\\/#organization\"},\"potentialAction\":[{\"@type\":\"SearchAction\",\"target\":{\"@type\":\"EntryPoint\",\"urlTemplate\":\"https:\\\/\\\/weingut-stoerzel.de\\\/?s={search_term_string}\"},\"query-input\":{\"@type\":\"PropertyValueSpecification\",\"valueRequired\":true,\"valueName\":\"search_term_string\"}}],\"inLanguage\":\"en-US\"},{\"@type\":\"Organization\",\"@id\":\"https:\\\/\\\/weingut-stoerzel.de\\\/#organization\",\"name\":\"Weingut Heinz St\u00f6rzel\",\"url\":\"https:\\\/\\\/weingut-stoerzel.de\\\/\",\"logo\":{\"@type\":\"ImageObject\",\"inLanguage\":\"en-US\",\"@id\":\"https:\\\/\\\/weingut-stoerzel.de\\\/#\\\/schema\\\/logo\\\/image\\\/\",\"url\":\"https:\\\/\\\/weingut-stoerzel.de\\\/wp-content\\\/uploads\\\/2017\\\/02\\\/Wappen_HStoerzel.jpg\",\"contentUrl\":\"https:\\\/\\\/weingut-stoerzel.de\\\/wp-content\\\/uploads\\\/2017\\\/02\\\/Wappen_HStoerzel.jpg\",\"width\":592,\"height\":592,\"caption\":\"Weingut Heinz St\u00f6rzel\"},\"image\":{\"@id\":\"https:\\\/\\\/weingut-stoerzel.de\\\/#\\\/schema\\\/logo\\\/image\\\/\"},\"sameAs\":[\"https:\\\/\\\/www.facebook.com\\\/HStoerzel\\\/\",\"https:\\\/\\\/www.instagram.com\\\/weingutstoerzel\\\/\",\"https:\\\/\\\/www.youtube.com\\\/channel\\\/UC5BdI5neurScmsGaRkCtsDQ\"]}]}<\/script>\n<!-- \/ Yoast SEO plugin. -->","yoast_head_json":{"title":"R\u00fcdesheimer Burgunder Cuv\u00e9e trocken","description":"R\u00fcdeshemer Burgunder Cuv\u00e9e trocken: Weissburgunder, Grauburgunder und Chardonnay vereint in einem Wein aus der Lage Drachenstein. Jetzt bestellen!","robots":{"index":"index","follow":"follow","max-snippet":"max-snippet:-1","max-image-preview":"max-image-preview:large","max-video-preview":"max-video-preview:-1"},"canonical":"https:\/\/weingut-stoerzel.de\/en\/product\/2020er-burgunder-cuvee-trocken-ruedesheimer-drachenstein\/","og_locale":"en_US","og_type":"article","og_title":"R\u00fcdesheimer Burgunder Cuv\u00e9e trocken","og_description":"R\u00fcdeshemer Burgunder Cuv\u00e9e trocken: Weissburgunder, Grauburgunder und Chardonnay vereint in einem Wein aus der Lage Drachenstein. Jetzt bestellen!","og_url":"https:\/\/weingut-stoerzel.de\/en\/product\/2020er-burgunder-cuvee-trocken-ruedesheimer-drachenstein\/","og_site_name":"Weingut Heinz St\u00f6rzel","article_publisher":"https:\/\/www.facebook.com\/HStoerzel\/","article_modified_time":"2024-06-09T12:07:31+00:00","og_image":[{"width":555,"height":688,"url":"https:\/\/weingut-stoerzel.de\/wp-content\/uploads\/2022\/05\/21BuCu.jpg","type":"image\/jpeg"}],"twitter_card":"summary_large_image","twitter_misc":{"Est. reading time":"2 minutes"},"schema":{"@context":"https:\/\/schema.org","@graph":[{"@type":"WebPage","@id":"https:\/\/weingut-stoerzel.de\/produkt\/2020er-burgunder-cuvee-trocken-ruedesheimer-drachenstein\/","url":"https:\/\/weingut-stoerzel.de\/produkt\/2020er-burgunder-cuvee-trocken-ruedesheimer-drachenstein\/","name":"R\u00fcdesheimer Burgunder Cuv\u00e9e trocken","isPartOf":{"@id":"https:\/\/weingut-stoerzel.de\/#website"},"primaryImageOfPage":{"@id":"https:\/\/weingut-stoerzel.de\/produkt\/2020er-burgunder-cuvee-trocken-ruedesheimer-drachenstein\/#primaryimage"},"image":{"@id":"https:\/\/weingut-stoerzel.de\/produkt\/2020er-burgunder-cuvee-trocken-ruedesheimer-drachenstein\/#primaryimage"},"thumbnailUrl":"https:\/\/weingut-stoerzel.de\/wp-content\/uploads\/2022\/05\/21BuCu.jpg","datePublished":"2021-01-30T08:27:48+00:00","dateModified":"2024-06-09T12:07:31+00:00","description":"R\u00fcdeshemer Burgunder Cuv\u00e9e trocken: Weissburgunder, Grauburgunder und Chardonnay vereint in einem Wein aus der Lage Drachenstein. Jetzt bestellen!","breadcrumb":{"@id":"https:\/\/weingut-stoerzel.de\/produkt\/2020er-burgunder-cuvee-trocken-ruedesheimer-drachenstein\/#breadcrumb"},"inLanguage":"en-US","potentialAction":[{"@type":"ReadAction","target":["https:\/\/weingut-stoerzel.de\/produkt\/2020er-burgunder-cuvee-trocken-ruedesheimer-drachenstein\/"]}]},{"@type":"ImageObject","inLanguage":"en-US","@id":"https:\/\/weingut-stoerzel.de\/produkt\/2020er-burgunder-cuvee-trocken-ruedesheimer-drachenstein\/#primaryimage","url":"https:\/\/weingut-stoerzel.de\/wp-content\/uploads\/2022\/05\/21BuCu.jpg","contentUrl":"https:\/\/weingut-stoerzel.de\/wp-content\/uploads\/2022\/05\/21BuCu.jpg","width":555,"height":688,"caption":"R\u00fcdeshemer Burgunder Cuv\u00e9e trocken"},{"@type":"BreadcrumbList","@id":"https:\/\/weingut-stoerzel.de\/produkt\/2020er-burgunder-cuvee-trocken-ruedesheimer-drachenstein\/#breadcrumb","itemListElement":[{"@type":"ListItem","position":1,"name":"Startseite","item":"https:\/\/weingut-stoerzel.de\/"},{"@type":"ListItem","position":2,"name":"Shop","item":"https:\/\/weingut-stoerzel.de\/shop\/"},{"@type":"ListItem","position":3,"name":"2021er R\u00fcdeshemer Burgunder Cuv\u00e9e trocken"}]},{"@type":"WebSite","@id":"https:\/\/weingut-stoerzel.de\/#website","url":"https:\/\/weingut-stoerzel.de\/","name":"Weingut Heinz St\u00f6rzel","description":"Wein schenkt Freude","publisher":{"@id":"https:\/\/weingut-stoerzel.de\/#organization"},"potentialAction":[{"@type":"SearchAction","target":{"@type":"EntryPoint","urlTemplate":"https:\/\/weingut-stoerzel.de\/?s={search_term_string}"},"query-input":{"@type":"PropertyValueSpecification","valueRequired":true,"valueName":"search_term_string"}}],"inLanguage":"en-US"},{"@type":"Organization","@id":"https:\/\/weingut-stoerzel.de\/#organization","name":"Weingut Heinz St\u00f6rzel","url":"https:\/\/weingut-stoerzel.de\/","logo":{"@type":"ImageObject","inLanguage":"en-US","@id":"https:\/\/weingut-stoerzel.de\/#\/schema\/logo\/image\/","url":"https:\/\/weingut-stoerzel.de\/wp-content\/uploads\/2017\/02\/Wappen_HStoerzel.jpg","contentUrl":"https:\/\/weingut-stoerzel.de\/wp-content\/uploads\/2017\/02\/Wappen_HStoerzel.jpg","width":592,"height":592,"caption":"Weingut Heinz St\u00f6rzel"},"image":{"@id":"https:\/\/weingut-stoerzel.de\/#\/schema\/logo\/image\/"},"sameAs":["https:\/\/www.facebook.com\/HStoerzel\/","https:\/\/www.instagram.com\/weingutstoerzel\/","https:\/\/www.youtube.com\/channel\/UC5BdI5neurScmsGaRkCtsDQ"]}]}},"jetpack_sharing_enabled":true,"_links":{"self":[{"href":"https:\/\/weingut-stoerzel.de\/en\/wp-json\/wp\/v2\/product\/14211","targetHints":{"allow":["GET"]}}],"collection":[{"href":"https:\/\/weingut-stoerzel.de\/en\/wp-json\/wp\/v2\/product"}],"about":[{"href":"https:\/\/weingut-stoerzel.de\/en\/wp-json\/wp\/v2\/types\/product"}],"wp:featuredmedia":[{"embeddable":true,"href":"https:\/\/weingut-stoerzel.de\/en\/wp-json\/wp\/v2\/media\/14644"}],"wp:attachment":[{"href":"https:\/\/weingut-stoerzel.de\/en\/wp-json\/wp\/v2\/media?parent=14211"}],"wp:term":[{"taxonomy":"product_brand","embeddable":true,"href":"https:\/\/weingut-stoerzel.de\/en\/wp-json\/wp\/v2\/product_brand?post=14211"},{"taxonomy":"product_cat","embeddable":true,"href":"https:\/\/weingut-stoerzel.de\/en\/wp-json\/wp\/v2\/product_cat?post=14211"},{"taxonomy":"product_tag","embeddable":true,"href":"https:\/\/weingut-stoerzel.de\/en\/wp-json\/wp\/v2\/product_tag?post=14211"}],"curies":[{"name":"wp","href":"https:\/\/api.w.org\/{rel}","templated":true}]}}