{"id":14243,"date":"2021-06-03T15:47:57","date_gmt":"2021-06-03T13:47:57","guid":{"rendered":"https:\/\/weingut-stoerzel.de\/?post_type=product&#038;p=14243"},"modified":"2025-08-16T13:00:07","modified_gmt":"2025-08-16T11:00:07","slug":"2024er-ruedesheimer-chardonnay-q-b-a-trocken","status":"publish","type":"product","link":"https:\/\/weingut-stoerzel.de\/en\/product\/2024er-ruedesheimer-chardonnay-q-b-a-trocken\/","title":{"rendered":"2024er R\u00fcdesheimer Chardonnay Q.b.A. trocken"},"content":{"rendered":"<div class=\"flex flex-grow flex-col gap-3\">\n<div class=\"min-h-[20px] flex flex-col items-start gap-4 whitespace-pre-wrap\">\n<div class=\"markdown prose w-full break-words dark:prose-invert dark\">\n<p>Der 2024er R\u00fcdesheimer Chardonnay Q.b.A. trocken ist ein eleganter und vollmundiger Wei\u00dfwein aus der Region R\u00fcdesheim am Rhein. Die Trauben f\u00fcr diesen Wein stammen aus dem sonnenverw\u00f6hnten Weinberg im R\u00fcdesheimer Ostens.<\/p>\n<p>Im Glas pr\u00e4sentiert sich der Wein mit einer hellen goldgelben Farbe und einem Duft nach exotischen Fr\u00fcchten wie Ananas, Mango und Papaya, begleitet von einer leichten Vanillenote. Am Gaumen entfaltet sich ein vollmundiger Geschmack, der von einer angenehmen S\u00e4ure und einer feinen Mineralit\u00e4t perfekt ausbalanciert wird. Die Aromen von exotischen Fr\u00fcchten setzen sich auch im Geschmack fort, begleitet von Noten von Pfirsich und Zitrusfr\u00fcchten. Der Abgang ist lang und elegant.<\/p>\n<p>Dieser R\u00fcdesheimer Chardonnay eignet sich hervorragend als Begleiter zu feinen Fisch- und Gefl\u00fcgelgerichten oder als Aperitif. Der Wein wurde bei kontrollierten Temperaturen vergoren und im Edelstahltank ausgebaut, um seine Frische und Fruchtigkeit zu bewahren.<\/p>\n<p>Ohne Holz auch im Mund mit guter Intensit\u00e4t und feinen S\u00e4ure, dadurch guten Trinkfluss.<\/p>\n<p>Begleitet alle Gem\u00fcsegerichte, Spargel Klassisch, Gratins, Gem\u00fcselasagne, Pilze, sowie Lachs und Frischk\u00e4se.<\/p>\n<p>Probieren Sie ihn und lassen Sie sich von seiner Eleganz und Finesse \u00fcberzeugen.<\/p>\n<\/div>\n<\/div>\n<\/div>\n<p>Alle unsere Weine finden Sie auch im <a href=\"https:\/\/geschenkhaus-ehrenfels.de\/\">Geschenkhaus Ehrenfels<\/a>, Rheinstra\u00dfe 18, 65385 R\u00fcdesheim am Rhein.<\/p>\n<p>Die Versandkosten betragen pauschal 7,50\u20ac. Lieferung nach Absprache m\u00f6glich.<\/p>\n<p>Wir m\u00f6chten Sie bitten dreierweise (3,6,12\u2026.) zu bestellen, um die Versandkartons voll ausnutzen zu k\u00f6nnen.<\/p>\n","protected":false},"excerpt":{"rendered":"<p>Chardonnay trocken<\/p>\n<p>750ml (1l\/10,66\u20ac)<\/p>\n<p>Enth\u00e4lt Sulfite<\/p>\n<p>Alle Preise inkl. gesetzl. Mehrwertsteuer zzgl. Versandkosten<\/p>","protected":false},"featured_media":15570,"template":"","meta":{"_kadence_starter_templates_imported_post":false,"_kad_post_transparent":"default","_kad_post_title":"","_kad_post_layout":"default","_kad_post_sidebar_id":"","_kad_post_content_style":"default","_kad_post_vertical_padding":"default","_kad_post_feature":"","_kad_post_feature_position":"","_kad_post_header":false,"_kad_post_footer":false,"_kad_post_classname":""},"product_brand":[],"product_cat":[22],"product_tag":[],"class_list":{"0":"post-14243","1":"product","2":"type-product","3":"status-publish","4":"has-post-thumbnail","6":"product_cat-weisswein","8":"first","9":"instock","10":"taxable","11":"shipping-taxable","12":"purchasable","13":"product-type-simple","14":"entry","15":"content-bg","16":"loop-entry"},"yoast_head":"<!-- This site is optimized with the Yoast SEO plugin v27.6 - https:\/\/yoast.com\/product\/yoast-seo-wordpress\/ -->\n<title>R\u00fcdesheimer Chardonnay trocken<\/title>\n<meta name=\"description\" content=\"R\u00fcdesheimer Chardonnay trocken: Volumin\u00f6s und saftig, sowie eine fililgrane Eleganz. Jetzt bestellen und zu Hause genie\u00dfen!\" \/>\n<meta name=\"robots\" content=\"index, follow, max-snippet:-1, max-image-preview:large, max-video-preview:-1\" \/>\n<link rel=\"canonical\" href=\"https:\/\/weingut-stoerzel.de\/en\/product\/2024er-ruedesheimer-chardonnay-q-b-a-trocken\/\" \/>\n<meta property=\"og:locale\" content=\"en_US\" \/>\n<meta property=\"og:type\" content=\"article\" \/>\n<meta property=\"og:title\" content=\"R\u00fcdesheimer Chardonnay trocken\" \/>\n<meta property=\"og:description\" content=\"R\u00fcdesheimer Chardonnay trocken: Volumin\u00f6s und saftig, sowie eine fililgrane Eleganz. Jetzt bestellen und zu Hause genie\u00dfen!\" \/>\n<meta property=\"og:url\" content=\"https:\/\/weingut-stoerzel.de\/en\/product\/2024er-ruedesheimer-chardonnay-q-b-a-trocken\/\" \/>\n<meta property=\"og:site_name\" content=\"Weingut Heinz St\u00f6rzel\" \/>\n<meta property=\"article:publisher\" content=\"https:\/\/www.facebook.com\/HStoerzel\/\" \/>\n<meta property=\"article:modified_time\" content=\"2025-08-16T11:00:07+00:00\" \/>\n<meta property=\"og:image\" content=\"https:\/\/weingut-stoerzel.de\/wp-content\/uploads\/2024\/11\/WhatsApp-Bild-2025-08-11-um-16.18.37_01b8162c.jpg\" \/>\n\t<meta property=\"og:image:width\" content=\"1536\" \/>\n\t<meta property=\"og:image:height\" content=\"2048\" \/>\n\t<meta property=\"og:image:type\" content=\"image\/jpeg\" \/>\n<meta name=\"twitter:card\" content=\"summary_large_image\" \/>\n<meta name=\"twitter:label1\" content=\"Est. reading time\" \/>\n\t<meta name=\"twitter:data1\" content=\"2 minutes\" \/>\n<script type=\"application\/ld+json\" class=\"yoast-schema-graph\">{\"@context\":\"https:\\\/\\\/schema.org\",\"@graph\":[{\"@type\":\"WebPage\",\"@id\":\"https:\\\/\\\/weingut-stoerzel.de\\\/produkt\\\/2024er-ruedesheimer-chardonnay-q-b-a-trocken\\\/\",\"url\":\"https:\\\/\\\/weingut-stoerzel.de\\\/produkt\\\/2024er-ruedesheimer-chardonnay-q-b-a-trocken\\\/\",\"name\":\"R\u00fcdesheimer Chardonnay trocken\",\"isPartOf\":{\"@id\":\"https:\\\/\\\/weingut-stoerzel.de\\\/#website\"},\"primaryImageOfPage\":{\"@id\":\"https:\\\/\\\/weingut-stoerzel.de\\\/produkt\\\/2024er-ruedesheimer-chardonnay-q-b-a-trocken\\\/#primaryimage\"},\"image\":{\"@id\":\"https:\\\/\\\/weingut-stoerzel.de\\\/produkt\\\/2024er-ruedesheimer-chardonnay-q-b-a-trocken\\\/#primaryimage\"},\"thumbnailUrl\":\"https:\\\/\\\/weingut-stoerzel.de\\\/wp-content\\\/uploads\\\/2024\\\/11\\\/WhatsApp-Bild-2025-08-11-um-16.18.37_01b8162c.jpg\",\"datePublished\":\"2021-06-03T13:47:57+00:00\",\"dateModified\":\"2025-08-16T11:00:07+00:00\",\"description\":\"R\u00fcdesheimer Chardonnay trocken: Volumin\u00f6s und saftig, sowie eine fililgrane Eleganz. Jetzt bestellen und zu Hause genie\u00dfen!\",\"breadcrumb\":{\"@id\":\"https:\\\/\\\/weingut-stoerzel.de\\\/produkt\\\/2024er-ruedesheimer-chardonnay-q-b-a-trocken\\\/#breadcrumb\"},\"inLanguage\":\"en-US\",\"potentialAction\":[{\"@type\":\"ReadAction\",\"target\":[\"https:\\\/\\\/weingut-stoerzel.de\\\/produkt\\\/2024er-ruedesheimer-chardonnay-q-b-a-trocken\\\/\"]}]},{\"@type\":\"ImageObject\",\"inLanguage\":\"en-US\",\"@id\":\"https:\\\/\\\/weingut-stoerzel.de\\\/produkt\\\/2024er-ruedesheimer-chardonnay-q-b-a-trocken\\\/#primaryimage\",\"url\":\"https:\\\/\\\/weingut-stoerzel.de\\\/wp-content\\\/uploads\\\/2024\\\/11\\\/WhatsApp-Bild-2025-08-11-um-16.18.37_01b8162c.jpg\",\"contentUrl\":\"https:\\\/\\\/weingut-stoerzel.de\\\/wp-content\\\/uploads\\\/2024\\\/11\\\/WhatsApp-Bild-2025-08-11-um-16.18.37_01b8162c.jpg\",\"width\":1536,\"height\":2048},{\"@type\":\"BreadcrumbList\",\"@id\":\"https:\\\/\\\/weingut-stoerzel.de\\\/produkt\\\/2024er-ruedesheimer-chardonnay-q-b-a-trocken\\\/#breadcrumb\",\"itemListElement\":[{\"@type\":\"ListItem\",\"position\":1,\"name\":\"Startseite\",\"item\":\"https:\\\/\\\/weingut-stoerzel.de\\\/\"},{\"@type\":\"ListItem\",\"position\":2,\"name\":\"Shop\",\"item\":\"https:\\\/\\\/weingut-stoerzel.de\\\/shop\\\/\"},{\"@type\":\"ListItem\",\"position\":3,\"name\":\"2024er R\u00fcdesheimer Chardonnay Q.b.A. trocken\"}]},{\"@type\":\"WebSite\",\"@id\":\"https:\\\/\\\/weingut-stoerzel.de\\\/#website\",\"url\":\"https:\\\/\\\/weingut-stoerzel.de\\\/\",\"name\":\"Weingut Heinz St\u00f6rzel\",\"description\":\"Wein schenkt Freude\",\"publisher\":{\"@id\":\"https:\\\/\\\/weingut-stoerzel.de\\\/#organization\"},\"potentialAction\":[{\"@type\":\"SearchAction\",\"target\":{\"@type\":\"EntryPoint\",\"urlTemplate\":\"https:\\\/\\\/weingut-stoerzel.de\\\/?s={search_term_string}\"},\"query-input\":{\"@type\":\"PropertyValueSpecification\",\"valueRequired\":true,\"valueName\":\"search_term_string\"}}],\"inLanguage\":\"en-US\"},{\"@type\":\"Organization\",\"@id\":\"https:\\\/\\\/weingut-stoerzel.de\\\/#organization\",\"name\":\"Weingut Heinz St\u00f6rzel\",\"url\":\"https:\\\/\\\/weingut-stoerzel.de\\\/\",\"logo\":{\"@type\":\"ImageObject\",\"inLanguage\":\"en-US\",\"@id\":\"https:\\\/\\\/weingut-stoerzel.de\\\/#\\\/schema\\\/logo\\\/image\\\/\",\"url\":\"https:\\\/\\\/weingut-stoerzel.de\\\/wp-content\\\/uploads\\\/2017\\\/02\\\/Wappen_HStoerzel.jpg\",\"contentUrl\":\"https:\\\/\\\/weingut-stoerzel.de\\\/wp-content\\\/uploads\\\/2017\\\/02\\\/Wappen_HStoerzel.jpg\",\"width\":592,\"height\":592,\"caption\":\"Weingut Heinz St\u00f6rzel\"},\"image\":{\"@id\":\"https:\\\/\\\/weingut-stoerzel.de\\\/#\\\/schema\\\/logo\\\/image\\\/\"},\"sameAs\":[\"https:\\\/\\\/www.facebook.com\\\/HStoerzel\\\/\",\"https:\\\/\\\/www.instagram.com\\\/weingutstoerzel\\\/\",\"https:\\\/\\\/www.youtube.com\\\/channel\\\/UC5BdI5neurScmsGaRkCtsDQ\"]}]}<\/script>\n<!-- \/ Yoast SEO plugin. -->","yoast_head_json":{"title":"R\u00fcdesheimer Chardonnay trocken","description":"R\u00fcdesheimer Chardonnay trocken: Volumin\u00f6s und saftig, sowie eine fililgrane Eleganz. Jetzt bestellen und zu Hause genie\u00dfen!","robots":{"index":"index","follow":"follow","max-snippet":"max-snippet:-1","max-image-preview":"max-image-preview:large","max-video-preview":"max-video-preview:-1"},"canonical":"https:\/\/weingut-stoerzel.de\/en\/product\/2024er-ruedesheimer-chardonnay-q-b-a-trocken\/","og_locale":"en_US","og_type":"article","og_title":"R\u00fcdesheimer Chardonnay trocken","og_description":"R\u00fcdesheimer Chardonnay trocken: Volumin\u00f6s und saftig, sowie eine fililgrane Eleganz. Jetzt bestellen und zu Hause genie\u00dfen!","og_url":"https:\/\/weingut-stoerzel.de\/en\/product\/2024er-ruedesheimer-chardonnay-q-b-a-trocken\/","og_site_name":"Weingut Heinz St\u00f6rzel","article_publisher":"https:\/\/www.facebook.com\/HStoerzel\/","article_modified_time":"2025-08-16T11:00:07+00:00","og_image":[{"width":1536,"height":2048,"url":"https:\/\/weingut-stoerzel.de\/wp-content\/uploads\/2024\/11\/WhatsApp-Bild-2025-08-11-um-16.18.37_01b8162c.jpg","type":"image\/jpeg"}],"twitter_card":"summary_large_image","twitter_misc":{"Est. reading time":"2 minutes"},"schema":{"@context":"https:\/\/schema.org","@graph":[{"@type":"WebPage","@id":"https:\/\/weingut-stoerzel.de\/produkt\/2024er-ruedesheimer-chardonnay-q-b-a-trocken\/","url":"https:\/\/weingut-stoerzel.de\/produkt\/2024er-ruedesheimer-chardonnay-q-b-a-trocken\/","name":"R\u00fcdesheimer Chardonnay trocken","isPartOf":{"@id":"https:\/\/weingut-stoerzel.de\/#website"},"primaryImageOfPage":{"@id":"https:\/\/weingut-stoerzel.de\/produkt\/2024er-ruedesheimer-chardonnay-q-b-a-trocken\/#primaryimage"},"image":{"@id":"https:\/\/weingut-stoerzel.de\/produkt\/2024er-ruedesheimer-chardonnay-q-b-a-trocken\/#primaryimage"},"thumbnailUrl":"https:\/\/weingut-stoerzel.de\/wp-content\/uploads\/2024\/11\/WhatsApp-Bild-2025-08-11-um-16.18.37_01b8162c.jpg","datePublished":"2021-06-03T13:47:57+00:00","dateModified":"2025-08-16T11:00:07+00:00","description":"R\u00fcdesheimer Chardonnay trocken: Volumin\u00f6s und saftig, sowie eine fililgrane Eleganz. Jetzt bestellen und zu Hause genie\u00dfen!","breadcrumb":{"@id":"https:\/\/weingut-stoerzel.de\/produkt\/2024er-ruedesheimer-chardonnay-q-b-a-trocken\/#breadcrumb"},"inLanguage":"en-US","potentialAction":[{"@type":"ReadAction","target":["https:\/\/weingut-stoerzel.de\/produkt\/2024er-ruedesheimer-chardonnay-q-b-a-trocken\/"]}]},{"@type":"ImageObject","inLanguage":"en-US","@id":"https:\/\/weingut-stoerzel.de\/produkt\/2024er-ruedesheimer-chardonnay-q-b-a-trocken\/#primaryimage","url":"https:\/\/weingut-stoerzel.de\/wp-content\/uploads\/2024\/11\/WhatsApp-Bild-2025-08-11-um-16.18.37_01b8162c.jpg","contentUrl":"https:\/\/weingut-stoerzel.de\/wp-content\/uploads\/2024\/11\/WhatsApp-Bild-2025-08-11-um-16.18.37_01b8162c.jpg","width":1536,"height":2048},{"@type":"BreadcrumbList","@id":"https:\/\/weingut-stoerzel.de\/produkt\/2024er-ruedesheimer-chardonnay-q-b-a-trocken\/#breadcrumb","itemListElement":[{"@type":"ListItem","position":1,"name":"Startseite","item":"https:\/\/weingut-stoerzel.de\/"},{"@type":"ListItem","position":2,"name":"Shop","item":"https:\/\/weingut-stoerzel.de\/shop\/"},{"@type":"ListItem","position":3,"name":"2024er R\u00fcdesheimer Chardonnay Q.b.A. trocken"}]},{"@type":"WebSite","@id":"https:\/\/weingut-stoerzel.de\/#website","url":"https:\/\/weingut-stoerzel.de\/","name":"Weingut Heinz St\u00f6rzel","description":"Wein schenkt Freude","publisher":{"@id":"https:\/\/weingut-stoerzel.de\/#organization"},"potentialAction":[{"@type":"SearchAction","target":{"@type":"EntryPoint","urlTemplate":"https:\/\/weingut-stoerzel.de\/?s={search_term_string}"},"query-input":{"@type":"PropertyValueSpecification","valueRequired":true,"valueName":"search_term_string"}}],"inLanguage":"en-US"},{"@type":"Organization","@id":"https:\/\/weingut-stoerzel.de\/#organization","name":"Weingut Heinz St\u00f6rzel","url":"https:\/\/weingut-stoerzel.de\/","logo":{"@type":"ImageObject","inLanguage":"en-US","@id":"https:\/\/weingut-stoerzel.de\/#\/schema\/logo\/image\/","url":"https:\/\/weingut-stoerzel.de\/wp-content\/uploads\/2017\/02\/Wappen_HStoerzel.jpg","contentUrl":"https:\/\/weingut-stoerzel.de\/wp-content\/uploads\/2017\/02\/Wappen_HStoerzel.jpg","width":592,"height":592,"caption":"Weingut Heinz St\u00f6rzel"},"image":{"@id":"https:\/\/weingut-stoerzel.de\/#\/schema\/logo\/image\/"},"sameAs":["https:\/\/www.facebook.com\/HStoerzel\/","https:\/\/www.instagram.com\/weingutstoerzel\/","https:\/\/www.youtube.com\/channel\/UC5BdI5neurScmsGaRkCtsDQ"]}]}},"jetpack_sharing_enabled":true,"_links":{"self":[{"href":"https:\/\/weingut-stoerzel.de\/en\/wp-json\/wp\/v2\/product\/14243","targetHints":{"allow":["GET"]}}],"collection":[{"href":"https:\/\/weingut-stoerzel.de\/en\/wp-json\/wp\/v2\/product"}],"about":[{"href":"https:\/\/weingut-stoerzel.de\/en\/wp-json\/wp\/v2\/types\/product"}],"wp:featuredmedia":[{"embeddable":true,"href":"https:\/\/weingut-stoerzel.de\/en\/wp-json\/wp\/v2\/media\/15570"}],"wp:attachment":[{"href":"https:\/\/weingut-stoerzel.de\/en\/wp-json\/wp\/v2\/media?parent=14243"}],"wp:term":[{"taxonomy":"product_brand","embeddable":true,"href":"https:\/\/weingut-stoerzel.de\/en\/wp-json\/wp\/v2\/product_brand?post=14243"},{"taxonomy":"product_cat","embeddable":true,"href":"https:\/\/weingut-stoerzel.de\/en\/wp-json\/wp\/v2\/product_cat?post=14243"},{"taxonomy":"product_tag","embeddable":true,"href":"https:\/\/weingut-stoerzel.de\/en\/wp-json\/wp\/v2\/product_tag?post=14243"}],"curies":[{"name":"wp","href":"https:\/\/api.w.org\/{rel}","templated":true}]}}