{"id":14303,"date":"2021-11-06T19:24:46","date_gmt":"2021-11-06T18:24:46","guid":{"rendered":"https:\/\/weingut-stoerzel.de\/?post_type=product&#038;p=14303"},"modified":"2024-09-01T19:58:43","modified_gmt":"2024-09-01T17:58:43","slug":"2021er-mueller-thurgau-q-b-a-trocken-ruedesheimer-klosterberg","status":"publish","type":"product","link":"https:\/\/weingut-stoerzel.de\/en\/product\/2021er-mueller-thurgau-q-b-a-trocken-ruedesheimer-klosterberg\/","title":{"rendered":"2021er R\u00fcdesheimer M\u00fcller-Thurgau Q.b.A. trocken"},"content":{"rendered":"<p>Dieser 2021er M\u00fcller-Thurgau aus dem R\u00fcdesheimer Klosterberg ist ein trockener und frischer Wein.<\/p>\n<div class=\"product-info-box\">\n<div class=\"info-left\">\n<p>Im Glas funkelt er dem Genie\u00dfer mit hellgelben bis gr\u00fcnen Reflexen entgegen. Unser M\u00fcller hat Aromen von Fr\u00fcchten wie Birne und Pfirsich sowie gr\u00fcnem Apfel. S\u00e4urearm und sehr s\u00fcffig.<\/p>\n<p>Die Weinlage R\u00fcdesheimer Klosterberg bezieht ihren Namen von dem in ihrem Mittelpunkt liegenden Benediktinerinnenkloster St. Hildegard, das im Jahre 1904 wieder begr\u00fcndet wurde. Die Reben wachsen hier auf Sandstein- und Quarzitb\u00f6den und haben viel Sonne. Die leichten Weine, die hier entstehen, weisen gro\u00dfe Mineralit\u00e4t auf.<\/p>\n<p>Gez\u00fcchtet wurde der M\u00fcller-Thurgau von dem Herrn M\u00fcller aus dem Kanton Thurgau an der Hochschule Geisenheim, gerade einmal 2km entfernt von unserem Weinberg. Der M\u00fcller-Thurgau ist ein leichter und s\u00fcffiger Wein, der gut zug\u00e4nglich und unkompliziert ist. Sein zweiter Name Rivaner, ist heutzutage zwar noch gel\u00e4ufig, aber trifft nach tiefer gehender Forschung der Rebsorte nicht mehr zu. Urspr\u00fcnglich ging man davon aus, dass die Rebsorte eine Kreuzung aus Riesling und Silvaner w\u00e4re. Heute wissen wir, das es Riesling und Madeleine royale waren.<\/p>\n<p>Von dem Riesling hat der M\u00fcller-Thurgau sein fruchtiges Aroma und von der Madeleine royale seine Beerengr\u00f6\u00dfe, die fr\u00fche Reifung und die weniger aggressive S\u00e4ure.<\/p>\n<p><strong>Speiseempfehlung<\/strong><\/p>\n<ul>\n<li class=\"foodsuggestion\">Nudel-Rucola-Salat mit Kr\u00e4utern und Hartk\u00e4se oder Forelle z.B. <a href=\"https:\/\/www.wisperforelle.de\/\">Wisper Forelle<\/a> aus unserer Region<\/li>\n<\/ul>\n<\/div>\n<div class=\"info-right\">\n<p>&nbsp;<\/p>\n<\/div>\n<\/div>\n<p>Alle unsere Weine finden Sie auch im <a href=\"https:\/\/geschenkhaus-ehrenfels.de\/\">Geschenkhaus Ehrenfels<\/a>, Rheinstra\u00dfe 18, 65385 R\u00fcdesheim am Rhein.<\/p>\n<p>Die Versandkosten betragen pauschal 7,50\u20ac. Lieferung nach Absprache m\u00f6glich.<\/p>\n<p>Wir m\u00f6chten Sie bitten dreierweise (3,6,12\u2026.) zu bestellen, um die Versandkartons voll ausnutzen zu k\u00f6nnen.<\/p>","protected":false},"excerpt":{"rendered":"<p>12% vol. Alk.<\/p>\n<p>750ml (9,33\u20ac \/1 Liter)<\/p>\n<p>Enth\u00e4lt Sulfite<\/p>\n<p>Alle Preise inkl. gesetzl. Mehrwertsteuer zzgl. Versandkosten<\/p>","protected":false},"featured_media":14923,"template":"","meta":{"_kadence_starter_templates_imported_post":false,"_kad_post_transparent":"","_kad_post_title":"","_kad_post_layout":"","_kad_post_sidebar_id":"","_kad_post_content_style":"","_kad_post_vertical_padding":"","_kad_post_feature":"","_kad_post_feature_position":"","_kad_post_header":false,"_kad_post_footer":false,"_kad_post_classname":""},"product_brand":[],"product_cat":[22],"product_tag":[],"class_list":{"0":"post-14303","1":"product","2":"type-product","3":"status-publish","4":"has-post-thumbnail","6":"product_cat-weisswein","8":"first","9":"instock","10":"taxable","11":"shipping-taxable","12":"purchasable","13":"product-type-simple","14":"entry","15":"content-bg","16":"loop-entry"},"yoast_head":"<!-- This site is optimized with the Yoast SEO plugin v27.6 - https:\/\/yoast.com\/product\/yoast-seo-wordpress\/ -->\n<title>2021er R\u00fcdesheimer M\u00fcller-Thurgau Q.b.A. trocken<\/title>\n<meta name=\"description\" content=\"Der M\u00fcller-Thurgau hat Aromen von Fr\u00fcchten wie Birne, Pfirsich und Apfel.Im Glas funkelt er mit hellgelben bis gr\u00fcnen Reflexen entgegen. Jetzt bestellen!\" \/>\n<meta name=\"robots\" content=\"index, follow, max-snippet:-1, max-image-preview:large, max-video-preview:-1\" \/>\n<link rel=\"canonical\" href=\"https:\/\/weingut-stoerzel.de\/en\/product\/2021er-mueller-thurgau-q-b-a-trocken-ruedesheimer-klosterberg\/\" \/>\n<meta property=\"og:locale\" content=\"en_US\" \/>\n<meta property=\"og:type\" content=\"article\" \/>\n<meta property=\"og:title\" content=\"2021er R\u00fcdesheimer M\u00fcller-Thurgau Q.b.A. trocken\" \/>\n<meta property=\"og:description\" content=\"Der M\u00fcller-Thurgau hat Aromen von Fr\u00fcchten wie Birne, Pfirsich und Apfel.Im Glas funkelt er mit hellgelben bis gr\u00fcnen Reflexen entgegen. Jetzt bestellen!\" \/>\n<meta property=\"og:url\" content=\"https:\/\/weingut-stoerzel.de\/en\/product\/2021er-mueller-thurgau-q-b-a-trocken-ruedesheimer-klosterberg\/\" \/>\n<meta property=\"og:site_name\" content=\"Weingut Heinz St\u00f6rzel\" \/>\n<meta property=\"article:publisher\" content=\"https:\/\/www.facebook.com\/HStoerzel\/\" \/>\n<meta property=\"article:modified_time\" content=\"2024-09-01T17:58:43+00:00\" \/>\n<meta property=\"og:image\" content=\"https:\/\/weingut-stoerzel.de\/wp-content\/uploads\/2024\/03\/21MueTh.jpg\" \/>\n\t<meta property=\"og:image:width\" content=\"555\" \/>\n\t<meta property=\"og:image:height\" content=\"688\" \/>\n\t<meta property=\"og:image:type\" content=\"image\/jpeg\" \/>\n<meta name=\"twitter:card\" content=\"summary_large_image\" \/>\n<meta name=\"twitter:label1\" content=\"Est. reading time\" \/>\n\t<meta name=\"twitter:data1\" content=\"2 minutes\" \/>\n<script type=\"application\/ld+json\" class=\"yoast-schema-graph\">{\"@context\":\"https:\\\/\\\/schema.org\",\"@graph\":[{\"@type\":\"WebPage\",\"@id\":\"https:\\\/\\\/weingut-stoerzel.de\\\/produkt\\\/2021er-mueller-thurgau-q-b-a-trocken-ruedesheimer-klosterberg\\\/\",\"url\":\"https:\\\/\\\/weingut-stoerzel.de\\\/produkt\\\/2021er-mueller-thurgau-q-b-a-trocken-ruedesheimer-klosterberg\\\/\",\"name\":\"2021er R\u00fcdesheimer M\u00fcller-Thurgau Q.b.A. trocken\",\"isPartOf\":{\"@id\":\"https:\\\/\\\/weingut-stoerzel.de\\\/#website\"},\"primaryImageOfPage\":{\"@id\":\"https:\\\/\\\/weingut-stoerzel.de\\\/produkt\\\/2021er-mueller-thurgau-q-b-a-trocken-ruedesheimer-klosterberg\\\/#primaryimage\"},\"image\":{\"@id\":\"https:\\\/\\\/weingut-stoerzel.de\\\/produkt\\\/2021er-mueller-thurgau-q-b-a-trocken-ruedesheimer-klosterberg\\\/#primaryimage\"},\"thumbnailUrl\":\"https:\\\/\\\/weingut-stoerzel.de\\\/wp-content\\\/uploads\\\/2024\\\/03\\\/21MueTh.jpg\",\"datePublished\":\"2021-11-06T18:24:46+00:00\",\"dateModified\":\"2024-09-01T17:58:43+00:00\",\"description\":\"Der M\u00fcller-Thurgau hat Aromen von Fr\u00fcchten wie Birne, Pfirsich und Apfel.Im Glas funkelt er mit hellgelben bis gr\u00fcnen Reflexen entgegen. Jetzt bestellen!\",\"breadcrumb\":{\"@id\":\"https:\\\/\\\/weingut-stoerzel.de\\\/produkt\\\/2021er-mueller-thurgau-q-b-a-trocken-ruedesheimer-klosterberg\\\/#breadcrumb\"},\"inLanguage\":\"en-US\",\"potentialAction\":[{\"@type\":\"ReadAction\",\"target\":[\"https:\\\/\\\/weingut-stoerzel.de\\\/produkt\\\/2021er-mueller-thurgau-q-b-a-trocken-ruedesheimer-klosterberg\\\/\"]}]},{\"@type\":\"ImageObject\",\"inLanguage\":\"en-US\",\"@id\":\"https:\\\/\\\/weingut-stoerzel.de\\\/produkt\\\/2021er-mueller-thurgau-q-b-a-trocken-ruedesheimer-klosterberg\\\/#primaryimage\",\"url\":\"https:\\\/\\\/weingut-stoerzel.de\\\/wp-content\\\/uploads\\\/2024\\\/03\\\/21MueTh.jpg\",\"contentUrl\":\"https:\\\/\\\/weingut-stoerzel.de\\\/wp-content\\\/uploads\\\/2024\\\/03\\\/21MueTh.jpg\",\"width\":555,\"height\":688,\"caption\":\"2021er R\u00fcdesheimer M\u00fcller-Thurgau Q.b.A. trocken\"},{\"@type\":\"BreadcrumbList\",\"@id\":\"https:\\\/\\\/weingut-stoerzel.de\\\/produkt\\\/2021er-mueller-thurgau-q-b-a-trocken-ruedesheimer-klosterberg\\\/#breadcrumb\",\"itemListElement\":[{\"@type\":\"ListItem\",\"position\":1,\"name\":\"Startseite\",\"item\":\"https:\\\/\\\/weingut-stoerzel.de\\\/\"},{\"@type\":\"ListItem\",\"position\":2,\"name\":\"Shop\",\"item\":\"https:\\\/\\\/weingut-stoerzel.de\\\/shop\\\/\"},{\"@type\":\"ListItem\",\"position\":3,\"name\":\"2021er R\u00fcdesheimer M\u00fcller-Thurgau Q.b.A. trocken\"}]},{\"@type\":\"WebSite\",\"@id\":\"https:\\\/\\\/weingut-stoerzel.de\\\/#website\",\"url\":\"https:\\\/\\\/weingut-stoerzel.de\\\/\",\"name\":\"Weingut Heinz St\u00f6rzel\",\"description\":\"Wein schenkt Freude\",\"publisher\":{\"@id\":\"https:\\\/\\\/weingut-stoerzel.de\\\/#organization\"},\"potentialAction\":[{\"@type\":\"SearchAction\",\"target\":{\"@type\":\"EntryPoint\",\"urlTemplate\":\"https:\\\/\\\/weingut-stoerzel.de\\\/?s={search_term_string}\"},\"query-input\":{\"@type\":\"PropertyValueSpecification\",\"valueRequired\":true,\"valueName\":\"search_term_string\"}}],\"inLanguage\":\"en-US\"},{\"@type\":\"Organization\",\"@id\":\"https:\\\/\\\/weingut-stoerzel.de\\\/#organization\",\"name\":\"Weingut Heinz St\u00f6rzel\",\"url\":\"https:\\\/\\\/weingut-stoerzel.de\\\/\",\"logo\":{\"@type\":\"ImageObject\",\"inLanguage\":\"en-US\",\"@id\":\"https:\\\/\\\/weingut-stoerzel.de\\\/#\\\/schema\\\/logo\\\/image\\\/\",\"url\":\"https:\\\/\\\/weingut-stoerzel.de\\\/wp-content\\\/uploads\\\/2017\\\/02\\\/Wappen_HStoerzel.jpg\",\"contentUrl\":\"https:\\\/\\\/weingut-stoerzel.de\\\/wp-content\\\/uploads\\\/2017\\\/02\\\/Wappen_HStoerzel.jpg\",\"width\":592,\"height\":592,\"caption\":\"Weingut Heinz St\u00f6rzel\"},\"image\":{\"@id\":\"https:\\\/\\\/weingut-stoerzel.de\\\/#\\\/schema\\\/logo\\\/image\\\/\"},\"sameAs\":[\"https:\\\/\\\/www.facebook.com\\\/HStoerzel\\\/\",\"https:\\\/\\\/www.instagram.com\\\/weingutstoerzel\\\/\",\"https:\\\/\\\/www.youtube.com\\\/channel\\\/UC5BdI5neurScmsGaRkCtsDQ\"]}]}<\/script>\n<!-- \/ Yoast SEO plugin. -->","yoast_head_json":{"title":"2021er R\u00fcdesheimer M\u00fcller-Thurgau Q.b.A. trocken","description":"Der M\u00fcller-Thurgau hat Aromen von Fr\u00fcchten wie Birne, Pfirsich und Apfel.Im Glas funkelt er mit hellgelben bis gr\u00fcnen Reflexen entgegen. Jetzt bestellen!","robots":{"index":"index","follow":"follow","max-snippet":"max-snippet:-1","max-image-preview":"max-image-preview:large","max-video-preview":"max-video-preview:-1"},"canonical":"https:\/\/weingut-stoerzel.de\/en\/product\/2021er-mueller-thurgau-q-b-a-trocken-ruedesheimer-klosterberg\/","og_locale":"en_US","og_type":"article","og_title":"2021er R\u00fcdesheimer M\u00fcller-Thurgau Q.b.A. trocken","og_description":"Der M\u00fcller-Thurgau hat Aromen von Fr\u00fcchten wie Birne, Pfirsich und Apfel.Im Glas funkelt er mit hellgelben bis gr\u00fcnen Reflexen entgegen. Jetzt bestellen!","og_url":"https:\/\/weingut-stoerzel.de\/en\/product\/2021er-mueller-thurgau-q-b-a-trocken-ruedesheimer-klosterberg\/","og_site_name":"Weingut Heinz St\u00f6rzel","article_publisher":"https:\/\/www.facebook.com\/HStoerzel\/","article_modified_time":"2024-09-01T17:58:43+00:00","og_image":[{"width":555,"height":688,"url":"https:\/\/weingut-stoerzel.de\/wp-content\/uploads\/2024\/03\/21MueTh.jpg","type":"image\/jpeg"}],"twitter_card":"summary_large_image","twitter_misc":{"Est. reading time":"2 minutes"},"schema":{"@context":"https:\/\/schema.org","@graph":[{"@type":"WebPage","@id":"https:\/\/weingut-stoerzel.de\/produkt\/2021er-mueller-thurgau-q-b-a-trocken-ruedesheimer-klosterberg\/","url":"https:\/\/weingut-stoerzel.de\/produkt\/2021er-mueller-thurgau-q-b-a-trocken-ruedesheimer-klosterberg\/","name":"2021er R\u00fcdesheimer M\u00fcller-Thurgau Q.b.A. trocken","isPartOf":{"@id":"https:\/\/weingut-stoerzel.de\/#website"},"primaryImageOfPage":{"@id":"https:\/\/weingut-stoerzel.de\/produkt\/2021er-mueller-thurgau-q-b-a-trocken-ruedesheimer-klosterberg\/#primaryimage"},"image":{"@id":"https:\/\/weingut-stoerzel.de\/produkt\/2021er-mueller-thurgau-q-b-a-trocken-ruedesheimer-klosterberg\/#primaryimage"},"thumbnailUrl":"https:\/\/weingut-stoerzel.de\/wp-content\/uploads\/2024\/03\/21MueTh.jpg","datePublished":"2021-11-06T18:24:46+00:00","dateModified":"2024-09-01T17:58:43+00:00","description":"Der M\u00fcller-Thurgau hat Aromen von Fr\u00fcchten wie Birne, Pfirsich und Apfel.Im Glas funkelt er mit hellgelben bis gr\u00fcnen Reflexen entgegen. Jetzt bestellen!","breadcrumb":{"@id":"https:\/\/weingut-stoerzel.de\/produkt\/2021er-mueller-thurgau-q-b-a-trocken-ruedesheimer-klosterberg\/#breadcrumb"},"inLanguage":"en-US","potentialAction":[{"@type":"ReadAction","target":["https:\/\/weingut-stoerzel.de\/produkt\/2021er-mueller-thurgau-q-b-a-trocken-ruedesheimer-klosterberg\/"]}]},{"@type":"ImageObject","inLanguage":"en-US","@id":"https:\/\/weingut-stoerzel.de\/produkt\/2021er-mueller-thurgau-q-b-a-trocken-ruedesheimer-klosterberg\/#primaryimage","url":"https:\/\/weingut-stoerzel.de\/wp-content\/uploads\/2024\/03\/21MueTh.jpg","contentUrl":"https:\/\/weingut-stoerzel.de\/wp-content\/uploads\/2024\/03\/21MueTh.jpg","width":555,"height":688,"caption":"2021er R\u00fcdesheimer M\u00fcller-Thurgau Q.b.A. trocken"},{"@type":"BreadcrumbList","@id":"https:\/\/weingut-stoerzel.de\/produkt\/2021er-mueller-thurgau-q-b-a-trocken-ruedesheimer-klosterberg\/#breadcrumb","itemListElement":[{"@type":"ListItem","position":1,"name":"Startseite","item":"https:\/\/weingut-stoerzel.de\/"},{"@type":"ListItem","position":2,"name":"Shop","item":"https:\/\/weingut-stoerzel.de\/shop\/"},{"@type":"ListItem","position":3,"name":"2021er R\u00fcdesheimer M\u00fcller-Thurgau Q.b.A. trocken"}]},{"@type":"WebSite","@id":"https:\/\/weingut-stoerzel.de\/#website","url":"https:\/\/weingut-stoerzel.de\/","name":"Weingut Heinz St\u00f6rzel","description":"Wein schenkt Freude","publisher":{"@id":"https:\/\/weingut-stoerzel.de\/#organization"},"potentialAction":[{"@type":"SearchAction","target":{"@type":"EntryPoint","urlTemplate":"https:\/\/weingut-stoerzel.de\/?s={search_term_string}"},"query-input":{"@type":"PropertyValueSpecification","valueRequired":true,"valueName":"search_term_string"}}],"inLanguage":"en-US"},{"@type":"Organization","@id":"https:\/\/weingut-stoerzel.de\/#organization","name":"Weingut Heinz St\u00f6rzel","url":"https:\/\/weingut-stoerzel.de\/","logo":{"@type":"ImageObject","inLanguage":"en-US","@id":"https:\/\/weingut-stoerzel.de\/#\/schema\/logo\/image\/","url":"https:\/\/weingut-stoerzel.de\/wp-content\/uploads\/2017\/02\/Wappen_HStoerzel.jpg","contentUrl":"https:\/\/weingut-stoerzel.de\/wp-content\/uploads\/2017\/02\/Wappen_HStoerzel.jpg","width":592,"height":592,"caption":"Weingut Heinz St\u00f6rzel"},"image":{"@id":"https:\/\/weingut-stoerzel.de\/#\/schema\/logo\/image\/"},"sameAs":["https:\/\/www.facebook.com\/HStoerzel\/","https:\/\/www.instagram.com\/weingutstoerzel\/","https:\/\/www.youtube.com\/channel\/UC5BdI5neurScmsGaRkCtsDQ"]}]}},"jetpack_sharing_enabled":true,"_links":{"self":[{"href":"https:\/\/weingut-stoerzel.de\/en\/wp-json\/wp\/v2\/product\/14303","targetHints":{"allow":["GET"]}}],"collection":[{"href":"https:\/\/weingut-stoerzel.de\/en\/wp-json\/wp\/v2\/product"}],"about":[{"href":"https:\/\/weingut-stoerzel.de\/en\/wp-json\/wp\/v2\/types\/product"}],"wp:featuredmedia":[{"embeddable":true,"href":"https:\/\/weingut-stoerzel.de\/en\/wp-json\/wp\/v2\/media\/14923"}],"wp:attachment":[{"href":"https:\/\/weingut-stoerzel.de\/en\/wp-json\/wp\/v2\/media?parent=14303"}],"wp:term":[{"taxonomy":"product_brand","embeddable":true,"href":"https:\/\/weingut-stoerzel.de\/en\/wp-json\/wp\/v2\/product_brand?post=14303"},{"taxonomy":"product_cat","embeddable":true,"href":"https:\/\/weingut-stoerzel.de\/en\/wp-json\/wp\/v2\/product_cat?post=14303"},{"taxonomy":"product_tag","embeddable":true,"href":"https:\/\/weingut-stoerzel.de\/en\/wp-json\/wp\/v2\/product_tag?post=14303"}],"curies":[{"name":"wp","href":"https:\/\/api.w.org\/{rel}","templated":true}]}}