{"id":14659,"date":"2023-04-16T18:45:19","date_gmt":"2023-04-16T16:45:19","guid":{"rendered":"https:\/\/weingut-stoerzel.de\/?post_type=product&#038;p=14659"},"modified":"2024-11-14T10:34:13","modified_gmt":"2024-11-14T09:34:13","slug":"2020er-ruedesheimer-chardonnay-q-b-a-trocken-holzaroma","status":"publish","type":"product","link":"https:\/\/weingut-stoerzel.de\/en\/product\/2020er-ruedesheimer-chardonnay-q-b-a-trocken-holzaroma\/","title":{"rendered":"2020er R\u00fcdesheimer Chardonnay Q.b.A. trocken (Im Holzfass gereift)"},"content":{"rendered":"<div class=\"flex flex-grow flex-col gap-3\">\n<div class=\"min-h-[20px] flex flex-col items-start gap-4 whitespace-pre-wrap\">\n<div class=\"markdown prose w-full break-words dark:prose-invert dark\">\n<p>Der 2020er R\u00fcdesheimer Chardonnay im Holzfass gereift ist ein eleganter und vollmundiger Wei\u00dfwein aus der Region R\u00fcdesheim am Rhein. Die Trauben f\u00fcr diesen Wein stammen aus dem sonnenverw\u00f6hnten Weinberg im R\u00fcdesheimer Ostens.<\/p>\n<p>Nach der Lese wurde der Saft im Holzfass vergoren und konnte 2 Jahre lang reifen.<\/p>\n<p>Probieren Sie ihn und lassen Sie sich von seiner Eleganz und Finesse \u00fcberzeugen.<\/p>\n<\/div>\n<\/div>\n<\/div>\n<p>Alle unsere Weine finden Sie auch im <a href=\"https:\/\/geschenkhaus-ehrenfels.de\/\">Geschenkhaus Ehrenfels<\/a>, Rheinstra\u00dfe 18, 65385 R\u00fcdesheim am Rhein.<\/p>\n<p>Die Versandkosten betragen pauschal 7,50\u20ac. Lieferung nach Absprache m\u00f6glich.<\/p>\n<p>Wir m\u00f6chten Sie bitten dreierweise (3,6,12\u2026.) zu bestellen, um die Versandkartons voll ausnutzen zu k\u00f6nnen.<\/p>\n","protected":false},"excerpt":{"rendered":"<p>Chardonnay trocken<\/p>\n<p>12,0% vol<\/p>\n<p>750ml (1l\/19,87\u20ac)<\/p>\n<p>Enth\u00e4lt Sulfite<\/p>\n<p>Alle Preise inkl. gesetzl. Mehrwertsteuer zzgl. Versandkosten<\/p>","protected":false},"featured_media":14698,"template":"","meta":{"_kadence_starter_templates_imported_post":false,"_kad_post_transparent":"default","_kad_post_title":"","_kad_post_layout":"default","_kad_post_sidebar_id":"","_kad_post_content_style":"default","_kad_post_vertical_padding":"default","_kad_post_feature":"","_kad_post_feature_position":"","_kad_post_header":false,"_kad_post_footer":false,"_kad_post_classname":""},"product_brand":[],"product_cat":[22],"product_tag":[],"class_list":{"0":"post-14659","1":"product","2":"type-product","3":"status-publish","4":"has-post-thumbnail","6":"product_cat-weisswein","8":"first","9":"instock","10":"taxable","11":"shipping-taxable","12":"purchasable","13":"product-type-simple","14":"entry","15":"content-bg","16":"loop-entry"},"yoast_head":"<!-- This site is optimized with the Yoast SEO plugin v27.6 - https:\/\/yoast.com\/product\/yoast-seo-wordpress\/ -->\n<title>R\u00fcdesheimer Chardonnay trocken<\/title>\n<meta name=\"description\" content=\"R\u00fcdesheimer Chardonnay trocken: Volumin\u00f6s und saftig, sowie eine fililgrane Eleganz. Jetzt bestellen und zu Hause genie\u00dfen!\" \/>\n<meta name=\"robots\" content=\"index, follow, max-snippet:-1, max-image-preview:large, max-video-preview:-1\" \/>\n<link rel=\"canonical\" href=\"https:\/\/weingut-stoerzel.de\/en\/product\/2020er-ruedesheimer-chardonnay-q-b-a-trocken-holzaroma\/\" \/>\n<meta property=\"og:locale\" content=\"en_US\" \/>\n<meta property=\"og:type\" content=\"article\" \/>\n<meta property=\"og:title\" content=\"R\u00fcdesheimer Chardonnay trocken\" \/>\n<meta property=\"og:description\" content=\"R\u00fcdesheimer Chardonnay trocken: Volumin\u00f6s und saftig, sowie eine fililgrane Eleganz. Jetzt bestellen und zu Hause genie\u00dfen!\" \/>\n<meta property=\"og:url\" content=\"https:\/\/weingut-stoerzel.de\/en\/product\/2020er-ruedesheimer-chardonnay-q-b-a-trocken-holzaroma\/\" \/>\n<meta property=\"og:site_name\" content=\"Weingut Heinz St\u00f6rzel\" \/>\n<meta property=\"article:publisher\" content=\"https:\/\/www.facebook.com\/HStoerzel\/\" \/>\n<meta property=\"article:modified_time\" content=\"2024-11-14T09:34:13+00:00\" \/>\n<meta property=\"og:image\" content=\"https:\/\/weingut-stoerzel.de\/wp-content\/uploads\/2023\/04\/ChardonnayBarrique.jpg\" \/>\n\t<meta property=\"og:image:width\" content=\"555\" \/>\n\t<meta property=\"og:image:height\" content=\"688\" \/>\n\t<meta property=\"og:image:type\" content=\"image\/jpeg\" \/>\n<meta name=\"twitter:card\" content=\"summary_large_image\" \/>\n<meta name=\"twitter:label1\" content=\"Est. reading time\" \/>\n\t<meta name=\"twitter:data1\" content=\"1 minute\" \/>\n<script type=\"application\/ld+json\" class=\"yoast-schema-graph\">{\"@context\":\"https:\\\/\\\/schema.org\",\"@graph\":[{\"@type\":\"WebPage\",\"@id\":\"https:\\\/\\\/weingut-stoerzel.de\\\/produkt\\\/2020er-ruedesheimer-chardonnay-q-b-a-trocken-holzaroma\\\/\",\"url\":\"https:\\\/\\\/weingut-stoerzel.de\\\/produkt\\\/2020er-ruedesheimer-chardonnay-q-b-a-trocken-holzaroma\\\/\",\"name\":\"R\u00fcdesheimer Chardonnay trocken\",\"isPartOf\":{\"@id\":\"https:\\\/\\\/weingut-stoerzel.de\\\/#website\"},\"primaryImageOfPage\":{\"@id\":\"https:\\\/\\\/weingut-stoerzel.de\\\/produkt\\\/2020er-ruedesheimer-chardonnay-q-b-a-trocken-holzaroma\\\/#primaryimage\"},\"image\":{\"@id\":\"https:\\\/\\\/weingut-stoerzel.de\\\/produkt\\\/2020er-ruedesheimer-chardonnay-q-b-a-trocken-holzaroma\\\/#primaryimage\"},\"thumbnailUrl\":\"https:\\\/\\\/weingut-stoerzel.de\\\/wp-content\\\/uploads\\\/2023\\\/04\\\/ChardonnayBarrique.jpg\",\"datePublished\":\"2023-04-16T16:45:19+00:00\",\"dateModified\":\"2024-11-14T09:34:13+00:00\",\"description\":\"R\u00fcdesheimer Chardonnay trocken: Volumin\u00f6s und saftig, sowie eine fililgrane Eleganz. Jetzt bestellen und zu Hause genie\u00dfen!\",\"breadcrumb\":{\"@id\":\"https:\\\/\\\/weingut-stoerzel.de\\\/produkt\\\/2020er-ruedesheimer-chardonnay-q-b-a-trocken-holzaroma\\\/#breadcrumb\"},\"inLanguage\":\"en-US\",\"potentialAction\":[{\"@type\":\"ReadAction\",\"target\":[\"https:\\\/\\\/weingut-stoerzel.de\\\/produkt\\\/2020er-ruedesheimer-chardonnay-q-b-a-trocken-holzaroma\\\/\"]}]},{\"@type\":\"ImageObject\",\"inLanguage\":\"en-US\",\"@id\":\"https:\\\/\\\/weingut-stoerzel.de\\\/produkt\\\/2020er-ruedesheimer-chardonnay-q-b-a-trocken-holzaroma\\\/#primaryimage\",\"url\":\"https:\\\/\\\/weingut-stoerzel.de\\\/wp-content\\\/uploads\\\/2023\\\/04\\\/ChardonnayBarrique.jpg\",\"contentUrl\":\"https:\\\/\\\/weingut-stoerzel.de\\\/wp-content\\\/uploads\\\/2023\\\/04\\\/ChardonnayBarrique.jpg\",\"width\":555,\"height\":688,\"caption\":\"R\u00fcdesheimer Chardonnay aus dem Holzfass\"},{\"@type\":\"BreadcrumbList\",\"@id\":\"https:\\\/\\\/weingut-stoerzel.de\\\/produkt\\\/2020er-ruedesheimer-chardonnay-q-b-a-trocken-holzaroma\\\/#breadcrumb\",\"itemListElement\":[{\"@type\":\"ListItem\",\"position\":1,\"name\":\"Startseite\",\"item\":\"https:\\\/\\\/weingut-stoerzel.de\\\/\"},{\"@type\":\"ListItem\",\"position\":2,\"name\":\"Shop\",\"item\":\"https:\\\/\\\/weingut-stoerzel.de\\\/shop\\\/\"},{\"@type\":\"ListItem\",\"position\":3,\"name\":\"2020er R\u00fcdesheimer Chardonnay Q.b.A. trocken (Im Holzfass gereift)\"}]},{\"@type\":\"WebSite\",\"@id\":\"https:\\\/\\\/weingut-stoerzel.de\\\/#website\",\"url\":\"https:\\\/\\\/weingut-stoerzel.de\\\/\",\"name\":\"Weingut Heinz St\u00f6rzel\",\"description\":\"Wein schenkt Freude\",\"publisher\":{\"@id\":\"https:\\\/\\\/weingut-stoerzel.de\\\/#organization\"},\"potentialAction\":[{\"@type\":\"SearchAction\",\"target\":{\"@type\":\"EntryPoint\",\"urlTemplate\":\"https:\\\/\\\/weingut-stoerzel.de\\\/?s={search_term_string}\"},\"query-input\":{\"@type\":\"PropertyValueSpecification\",\"valueRequired\":true,\"valueName\":\"search_term_string\"}}],\"inLanguage\":\"en-US\"},{\"@type\":\"Organization\",\"@id\":\"https:\\\/\\\/weingut-stoerzel.de\\\/#organization\",\"name\":\"Weingut Heinz St\u00f6rzel\",\"url\":\"https:\\\/\\\/weingut-stoerzel.de\\\/\",\"logo\":{\"@type\":\"ImageObject\",\"inLanguage\":\"en-US\",\"@id\":\"https:\\\/\\\/weingut-stoerzel.de\\\/#\\\/schema\\\/logo\\\/image\\\/\",\"url\":\"https:\\\/\\\/weingut-stoerzel.de\\\/wp-content\\\/uploads\\\/2017\\\/02\\\/Wappen_HStoerzel.jpg\",\"contentUrl\":\"https:\\\/\\\/weingut-stoerzel.de\\\/wp-content\\\/uploads\\\/2017\\\/02\\\/Wappen_HStoerzel.jpg\",\"width\":592,\"height\":592,\"caption\":\"Weingut Heinz St\u00f6rzel\"},\"image\":{\"@id\":\"https:\\\/\\\/weingut-stoerzel.de\\\/#\\\/schema\\\/logo\\\/image\\\/\"},\"sameAs\":[\"https:\\\/\\\/www.facebook.com\\\/HStoerzel\\\/\",\"https:\\\/\\\/www.instagram.com\\\/weingutstoerzel\\\/\",\"https:\\\/\\\/www.youtube.com\\\/channel\\\/UC5BdI5neurScmsGaRkCtsDQ\"]}]}<\/script>\n<!-- \/ Yoast SEO plugin. -->","yoast_head_json":{"title":"R\u00fcdesheimer Chardonnay trocken","description":"R\u00fcdesheimer Chardonnay trocken: Volumin\u00f6s und saftig, sowie eine fililgrane Eleganz. Jetzt bestellen und zu Hause genie\u00dfen!","robots":{"index":"index","follow":"follow","max-snippet":"max-snippet:-1","max-image-preview":"max-image-preview:large","max-video-preview":"max-video-preview:-1"},"canonical":"https:\/\/weingut-stoerzel.de\/en\/product\/2020er-ruedesheimer-chardonnay-q-b-a-trocken-holzaroma\/","og_locale":"en_US","og_type":"article","og_title":"R\u00fcdesheimer Chardonnay trocken","og_description":"R\u00fcdesheimer Chardonnay trocken: Volumin\u00f6s und saftig, sowie eine fililgrane Eleganz. Jetzt bestellen und zu Hause genie\u00dfen!","og_url":"https:\/\/weingut-stoerzel.de\/en\/product\/2020er-ruedesheimer-chardonnay-q-b-a-trocken-holzaroma\/","og_site_name":"Weingut Heinz St\u00f6rzel","article_publisher":"https:\/\/www.facebook.com\/HStoerzel\/","article_modified_time":"2024-11-14T09:34:13+00:00","og_image":[{"width":555,"height":688,"url":"https:\/\/weingut-stoerzel.de\/wp-content\/uploads\/2023\/04\/ChardonnayBarrique.jpg","type":"image\/jpeg"}],"twitter_card":"summary_large_image","twitter_misc":{"Est. reading time":"1 minute"},"schema":{"@context":"https:\/\/schema.org","@graph":[{"@type":"WebPage","@id":"https:\/\/weingut-stoerzel.de\/produkt\/2020er-ruedesheimer-chardonnay-q-b-a-trocken-holzaroma\/","url":"https:\/\/weingut-stoerzel.de\/produkt\/2020er-ruedesheimer-chardonnay-q-b-a-trocken-holzaroma\/","name":"R\u00fcdesheimer Chardonnay trocken","isPartOf":{"@id":"https:\/\/weingut-stoerzel.de\/#website"},"primaryImageOfPage":{"@id":"https:\/\/weingut-stoerzel.de\/produkt\/2020er-ruedesheimer-chardonnay-q-b-a-trocken-holzaroma\/#primaryimage"},"image":{"@id":"https:\/\/weingut-stoerzel.de\/produkt\/2020er-ruedesheimer-chardonnay-q-b-a-trocken-holzaroma\/#primaryimage"},"thumbnailUrl":"https:\/\/weingut-stoerzel.de\/wp-content\/uploads\/2023\/04\/ChardonnayBarrique.jpg","datePublished":"2023-04-16T16:45:19+00:00","dateModified":"2024-11-14T09:34:13+00:00","description":"R\u00fcdesheimer Chardonnay trocken: Volumin\u00f6s und saftig, sowie eine fililgrane Eleganz. Jetzt bestellen und zu Hause genie\u00dfen!","breadcrumb":{"@id":"https:\/\/weingut-stoerzel.de\/produkt\/2020er-ruedesheimer-chardonnay-q-b-a-trocken-holzaroma\/#breadcrumb"},"inLanguage":"en-US","potentialAction":[{"@type":"ReadAction","target":["https:\/\/weingut-stoerzel.de\/produkt\/2020er-ruedesheimer-chardonnay-q-b-a-trocken-holzaroma\/"]}]},{"@type":"ImageObject","inLanguage":"en-US","@id":"https:\/\/weingut-stoerzel.de\/produkt\/2020er-ruedesheimer-chardonnay-q-b-a-trocken-holzaroma\/#primaryimage","url":"https:\/\/weingut-stoerzel.de\/wp-content\/uploads\/2023\/04\/ChardonnayBarrique.jpg","contentUrl":"https:\/\/weingut-stoerzel.de\/wp-content\/uploads\/2023\/04\/ChardonnayBarrique.jpg","width":555,"height":688,"caption":"R\u00fcdesheimer Chardonnay aus dem Holzfass"},{"@type":"BreadcrumbList","@id":"https:\/\/weingut-stoerzel.de\/produkt\/2020er-ruedesheimer-chardonnay-q-b-a-trocken-holzaroma\/#breadcrumb","itemListElement":[{"@type":"ListItem","position":1,"name":"Startseite","item":"https:\/\/weingut-stoerzel.de\/"},{"@type":"ListItem","position":2,"name":"Shop","item":"https:\/\/weingut-stoerzel.de\/shop\/"},{"@type":"ListItem","position":3,"name":"2020er R\u00fcdesheimer Chardonnay Q.b.A. trocken (Im Holzfass gereift)"}]},{"@type":"WebSite","@id":"https:\/\/weingut-stoerzel.de\/#website","url":"https:\/\/weingut-stoerzel.de\/","name":"Weingut Heinz St\u00f6rzel","description":"Wein schenkt Freude","publisher":{"@id":"https:\/\/weingut-stoerzel.de\/#organization"},"potentialAction":[{"@type":"SearchAction","target":{"@type":"EntryPoint","urlTemplate":"https:\/\/weingut-stoerzel.de\/?s={search_term_string}"},"query-input":{"@type":"PropertyValueSpecification","valueRequired":true,"valueName":"search_term_string"}}],"inLanguage":"en-US"},{"@type":"Organization","@id":"https:\/\/weingut-stoerzel.de\/#organization","name":"Weingut Heinz St\u00f6rzel","url":"https:\/\/weingut-stoerzel.de\/","logo":{"@type":"ImageObject","inLanguage":"en-US","@id":"https:\/\/weingut-stoerzel.de\/#\/schema\/logo\/image\/","url":"https:\/\/weingut-stoerzel.de\/wp-content\/uploads\/2017\/02\/Wappen_HStoerzel.jpg","contentUrl":"https:\/\/weingut-stoerzel.de\/wp-content\/uploads\/2017\/02\/Wappen_HStoerzel.jpg","width":592,"height":592,"caption":"Weingut Heinz St\u00f6rzel"},"image":{"@id":"https:\/\/weingut-stoerzel.de\/#\/schema\/logo\/image\/"},"sameAs":["https:\/\/www.facebook.com\/HStoerzel\/","https:\/\/www.instagram.com\/weingutstoerzel\/","https:\/\/www.youtube.com\/channel\/UC5BdI5neurScmsGaRkCtsDQ"]}]}},"jetpack_sharing_enabled":true,"_links":{"self":[{"href":"https:\/\/weingut-stoerzel.de\/en\/wp-json\/wp\/v2\/product\/14659","targetHints":{"allow":["GET"]}}],"collection":[{"href":"https:\/\/weingut-stoerzel.de\/en\/wp-json\/wp\/v2\/product"}],"about":[{"href":"https:\/\/weingut-stoerzel.de\/en\/wp-json\/wp\/v2\/types\/product"}],"wp:featuredmedia":[{"embeddable":true,"href":"https:\/\/weingut-stoerzel.de\/en\/wp-json\/wp\/v2\/media\/14698"}],"wp:attachment":[{"href":"https:\/\/weingut-stoerzel.de\/en\/wp-json\/wp\/v2\/media?parent=14659"}],"wp:term":[{"taxonomy":"product_brand","embeddable":true,"href":"https:\/\/weingut-stoerzel.de\/en\/wp-json\/wp\/v2\/product_brand?post=14659"},{"taxonomy":"product_cat","embeddable":true,"href":"https:\/\/weingut-stoerzel.de\/en\/wp-json\/wp\/v2\/product_cat?post=14659"},{"taxonomy":"product_tag","embeddable":true,"href":"https:\/\/weingut-stoerzel.de\/en\/wp-json\/wp\/v2\/product_tag?post=14659"}],"curies":[{"name":"wp","href":"https:\/\/api.w.org\/{rel}","templated":true}]}}