{"id":15408,"date":"2024-11-15T16:08:43","date_gmt":"2024-11-15T15:08:43","guid":{"rendered":"https:\/\/weingut-stoerzel.de\/?post_type=product&#038;p=15408"},"modified":"2025-08-16T13:48:26","modified_gmt":"2025-08-16T11:48:26","slug":"2021er-rheingauer-spaetburgunder-rotwein-q-b-a-feinherb","status":"publish","type":"product","link":"https:\/\/weingut-stoerzel.de\/en\/product\/2021er-rheingauer-spaetburgunder-rotwein-q-b-a-feinherb\/","title":{"rendered":"2021er Rheingauer Sp\u00e4tburgunder Rotwein Q.b.A. feinherb"},"content":{"rendered":"<div class=\"flex flex-grow flex-col gap-3\">\n<div class=\"min-h-[20px] flex flex-col items-start gap-4 whitespace-pre-wrap\">\n<div class=\"markdown prose w-full break-words dark:prose-invert dark\">\n<p>Der 2021er Rheingauer Sp\u00e4tburgunder Rotwein ist ein herausragender Wein, der aus der renommierten Weinregion Rheingau stammt. Dieser Rotwein wird ausschlie\u00dflich aus Sp\u00e4tburgunder-Trauben hergestellt, die von Hand geerntet wurden und eine sorgf\u00e4ltige Verarbeitung erfahren haben.<\/p>\n<p>Dieser Rotwein ist in der Nase sehr vielschichtig und pr\u00e4sentiert eine wunderbare Aromatik von roten Fr\u00fcchten, wie Kirschen und Beeren, gepaart mit subtilen Ankl\u00e4ngen von Gew\u00fcrzen und einem Hauch von Eiche. Im Mund zeigt er sich sehr ausgewogen, mit einer feinherben Note, die den Geschmack von reifen Fr\u00fcchten unterstreicht. Der Wein ist sehr harmonisch und hat eine ausgezeichnete Struktur, die von einer angenehmen S\u00e4ure getragen wird.<\/p>\n<p>Dieser Sp\u00e4tburgunder ist ein ausgezeichneter Begleiter zu w\u00fcrzigen Fleischgerichten, wie z.B. Steak oder Wild, sowie zu herzhaften Speisen wie Pasta oder K\u00e4se. Er passt auch sehr gut zu dunkler Schokolade und reifen K\u00e4sesorten.<\/p>\n<p>Der 2021er Rheingauer Sp\u00e4tburgunder Rotwein ist eine Q.b.A.-Qualit\u00e4t und wurde im Edelstahltank ausgebaut, was dem Wein seine wunderbar klare, frische und fruchtige Note verleiht. Dieser Wein wurde nicht im Eichenfass ausgebaut, was dazu f\u00fchrt, dass der Charakter der Sp\u00e4tburgunder-Traube im Vordergrund steht und der Wein seine einzigartige Pers\u00f6nlichkeit beh\u00e4lt.<\/p>\n<p>Insgesamt ist der 2021er Rheingauer Sp\u00e4tburgunder Rotwein ein hervorragender Wein, der mit seiner frischen, fruchtigen Aromatik und seiner ausgewogenen S\u00e4ure-S\u00fc\u00dfe-Balance begeistert. Dieser Rotwein ist ein perfektes Beispiel f\u00fcr die hohe Qualit\u00e4t und Raffinesse, die die Weine der Rheingauer Region auszeichnen. Probieren Sie ihn aus und genie\u00dfen Sie das volle Aroma und die feinherbe Note dieses erlesenen Weins!<\/p>\n<\/div>\n<\/div>\n<\/div>\n<p>Alle unsere Weine finden Sie auch im Verkauf des <a href=\"https:\/\/geschenkhaus-ehrenfels.de\/\">Geschenkhaus Ehrenfels<\/a>, Rheinstra\u00dfe 18, und im einige unserer Weine auch der Karte im offenen Ausschank des Gutsausschank der Familie St\u00f6rzel, Marktstr. 28 in R\u00fcdesheim, t\u00e4glich ab 16 Uhr ge\u00f6ffnet. Einfach vorbei kommen!<\/p>\n<p>Zudem finden Sie unsere Weine bei <a href=\"https:\/\/weingut-stoerzel.de\/ausschank\/\">Festen und Veranstaltungen in R\u00fcdesheim am Rhein<\/a>, notieren Sie einfach die Termine oder reservieren Sie einen Platz bei einer <a href=\"https:\/\/weingut-stoerzel.de\/weinwanderung\/\">Weinwanderung<\/a> und erfahren viel Wissensertes \u00fcber den Weinbau und unsere Region.<\/p>\n<p>Die Versandkosten betragen pauschal 7,50\u20ac. Lieferung nach Absprache m\u00f6glich. Lieferung innerhalb R\u00fcdesheims kostenlos.<\/p>\n<p>Wir m\u00f6chten Sie bitten dreierweise (3,6,12\u2026.) zu bestellen, um die Versandkartons voll ausnutzen zu k\u00f6nnen.<\/p>\n<p>&nbsp;<\/p>\n","protected":false},"excerpt":{"rendered":"<p>Rotwein trocken QbA<\/p>\n<p>13 % vol<\/p>\n<p>750ml<\/p>\n<p>(11,33\u20ac\/ 1000ml)<\/p>\n<p>Enth\u00e4lt Sulfite<\/p>\n<p>Alle Preise inkl. gesetzl. Mehrwertsteuer zzgl. Versandkosten<\/p>","protected":false},"featured_media":14647,"template":"","meta":{"_kadence_starter_templates_imported_post":false,"_kad_post_transparent":"default","_kad_post_title":"","_kad_post_layout":"default","_kad_post_sidebar_id":"","_kad_post_content_style":"default","_kad_post_vertical_padding":"default","_kad_post_feature":"","_kad_post_feature_position":"","_kad_post_header":false,"_kad_post_footer":false,"_kad_post_classname":""},"product_brand":[],"product_cat":[24],"product_tag":[],"class_list":{"0":"post-15408","1":"product","2":"type-product","3":"status-publish","4":"has-post-thumbnail","6":"product_cat-rotwein","8":"first","9":"instock","10":"taxable","11":"shipping-taxable","12":"purchasable","13":"product-type-simple","14":"entry","15":"content-bg","16":"loop-entry"},"yoast_head":"<!-- This site is optimized with the Yoast SEO plugin v27.4 - https:\/\/yoast.com\/product\/yoast-seo-wordpress\/ -->\n<title>Weingut Heinz St\u00f6rzel<\/title>\n<meta name=\"description\" content=\"2021er Rheingauer Sp\u00e4tburgunder Rotwein feinherb. Rubinrote Farbe, im Geschmack rote Beeren und Kirschen. Hier bestellen.\" \/>\n<meta name=\"robots\" content=\"index, follow, max-snippet:-1, max-image-preview:large, max-video-preview:-1\" \/>\n<link rel=\"canonical\" href=\"https:\/\/weingut-stoerzel.de\/en\/product\/2021er-rheingauer-spaetburgunder-rotwein-q-b-a-feinherb\/\" \/>\n<meta property=\"og:locale\" content=\"en_US\" \/>\n<meta property=\"og:type\" content=\"article\" \/>\n<meta property=\"og:title\" content=\"Weingut Heinz St\u00f6rzel\" \/>\n<meta property=\"og:description\" content=\"2021er Rheingauer Sp\u00e4tburgunder Rotwein feinherb. Rubinrote Farbe, im Geschmack rote Beeren und Kirschen. Hier bestellen.\" \/>\n<meta property=\"og:url\" content=\"https:\/\/weingut-stoerzel.de\/en\/product\/2021er-rheingauer-spaetburgunder-rotwein-q-b-a-feinherb\/\" \/>\n<meta property=\"og:site_name\" content=\"Weingut Heinz St\u00f6rzel\" \/>\n<meta property=\"article:publisher\" content=\"https:\/\/www.facebook.com\/HStoerzel\/\" \/>\n<meta property=\"article:modified_time\" content=\"2025-08-16T11:48:26+00:00\" \/>\n<meta property=\"og:image\" content=\"https:\/\/weingut-stoerzel.de\/wp-content\/uploads\/2022\/05\/21SpaetbRotwfeinh.jpg\" \/>\n\t<meta property=\"og:image:width\" content=\"555\" \/>\n\t<meta property=\"og:image:height\" content=\"688\" \/>\n\t<meta property=\"og:image:type\" content=\"image\/jpeg\" \/>\n<meta name=\"twitter:card\" content=\"summary_large_image\" \/>\n<meta name=\"twitter:label1\" content=\"Est. reading time\" \/>\n\t<meta name=\"twitter:data1\" content=\"3 minutes\" \/>\n<script type=\"application\/ld+json\" class=\"yoast-schema-graph\">{\"@context\":\"https:\\\/\\\/schema.org\",\"@graph\":[{\"@type\":\"WebPage\",\"@id\":\"https:\\\/\\\/weingut-stoerzel.de\\\/produkt\\\/2021er-rheingauer-spaetburgunder-rotwein-q-b-a-feinherb\\\/\",\"url\":\"https:\\\/\\\/weingut-stoerzel.de\\\/produkt\\\/2021er-rheingauer-spaetburgunder-rotwein-q-b-a-feinherb\\\/\",\"name\":\"Weingut Heinz St\u00f6rzel\",\"isPartOf\":{\"@id\":\"https:\\\/\\\/weingut-stoerzel.de\\\/#website\"},\"primaryImageOfPage\":{\"@id\":\"https:\\\/\\\/weingut-stoerzel.de\\\/produkt\\\/2021er-rheingauer-spaetburgunder-rotwein-q-b-a-feinherb\\\/#primaryimage\"},\"image\":{\"@id\":\"https:\\\/\\\/weingut-stoerzel.de\\\/produkt\\\/2021er-rheingauer-spaetburgunder-rotwein-q-b-a-feinherb\\\/#primaryimage\"},\"thumbnailUrl\":\"https:\\\/\\\/weingut-stoerzel.de\\\/wp-content\\\/uploads\\\/2022\\\/05\\\/21SpaetbRotwfeinh.jpg\",\"datePublished\":\"2024-11-15T15:08:43+00:00\",\"dateModified\":\"2025-08-16T11:48:26+00:00\",\"description\":\"2021er Rheingauer Sp\u00e4tburgunder Rotwein feinherb. Rubinrote Farbe, im Geschmack rote Beeren und Kirschen. Hier bestellen.\",\"breadcrumb\":{\"@id\":\"https:\\\/\\\/weingut-stoerzel.de\\\/produkt\\\/2021er-rheingauer-spaetburgunder-rotwein-q-b-a-feinherb\\\/#breadcrumb\"},\"inLanguage\":\"en-US\",\"potentialAction\":[{\"@type\":\"ReadAction\",\"target\":[\"https:\\\/\\\/weingut-stoerzel.de\\\/produkt\\\/2021er-rheingauer-spaetburgunder-rotwein-q-b-a-feinherb\\\/\"]}]},{\"@type\":\"ImageObject\",\"inLanguage\":\"en-US\",\"@id\":\"https:\\\/\\\/weingut-stoerzel.de\\\/produkt\\\/2021er-rheingauer-spaetburgunder-rotwein-q-b-a-feinherb\\\/#primaryimage\",\"url\":\"https:\\\/\\\/weingut-stoerzel.de\\\/wp-content\\\/uploads\\\/2022\\\/05\\\/21SpaetbRotwfeinh.jpg\",\"contentUrl\":\"https:\\\/\\\/weingut-stoerzel.de\\\/wp-content\\\/uploads\\\/2022\\\/05\\\/21SpaetbRotwfeinh.jpg\",\"width\":555,\"height\":688,\"caption\":\"Rheingauer Sp\u00e4tburgunder Rotwein feinherb\"},{\"@type\":\"BreadcrumbList\",\"@id\":\"https:\\\/\\\/weingut-stoerzel.de\\\/produkt\\\/2021er-rheingauer-spaetburgunder-rotwein-q-b-a-feinherb\\\/#breadcrumb\",\"itemListElement\":[{\"@type\":\"ListItem\",\"position\":1,\"name\":\"Startseite\",\"item\":\"https:\\\/\\\/weingut-stoerzel.de\\\/\"},{\"@type\":\"ListItem\",\"position\":2,\"name\":\"Shop\",\"item\":\"https:\\\/\\\/weingut-stoerzel.de\\\/shop\\\/\"},{\"@type\":\"ListItem\",\"position\":3,\"name\":\"2021er Rheingauer Sp\u00e4tburgunder Rotwein Q.b.A. feinherb\"}]},{\"@type\":\"WebSite\",\"@id\":\"https:\\\/\\\/weingut-stoerzel.de\\\/#website\",\"url\":\"https:\\\/\\\/weingut-stoerzel.de\\\/\",\"name\":\"Weingut Heinz St\u00f6rzel\",\"description\":\"Wein schenkt Freude\",\"publisher\":{\"@id\":\"https:\\\/\\\/weingut-stoerzel.de\\\/#organization\"},\"potentialAction\":[{\"@type\":\"SearchAction\",\"target\":{\"@type\":\"EntryPoint\",\"urlTemplate\":\"https:\\\/\\\/weingut-stoerzel.de\\\/?s={search_term_string}\"},\"query-input\":{\"@type\":\"PropertyValueSpecification\",\"valueRequired\":true,\"valueName\":\"search_term_string\"}}],\"inLanguage\":\"en-US\"},{\"@type\":\"Organization\",\"@id\":\"https:\\\/\\\/weingut-stoerzel.de\\\/#organization\",\"name\":\"Weingut Heinz St\u00f6rzel\",\"url\":\"https:\\\/\\\/weingut-stoerzel.de\\\/\",\"logo\":{\"@type\":\"ImageObject\",\"inLanguage\":\"en-US\",\"@id\":\"https:\\\/\\\/weingut-stoerzel.de\\\/#\\\/schema\\\/logo\\\/image\\\/\",\"url\":\"https:\\\/\\\/weingut-stoerzel.de\\\/wp-content\\\/uploads\\\/2017\\\/02\\\/Wappen_HStoerzel.jpg\",\"contentUrl\":\"https:\\\/\\\/weingut-stoerzel.de\\\/wp-content\\\/uploads\\\/2017\\\/02\\\/Wappen_HStoerzel.jpg\",\"width\":592,\"height\":592,\"caption\":\"Weingut Heinz St\u00f6rzel\"},\"image\":{\"@id\":\"https:\\\/\\\/weingut-stoerzel.de\\\/#\\\/schema\\\/logo\\\/image\\\/\"},\"sameAs\":[\"https:\\\/\\\/www.facebook.com\\\/HStoerzel\\\/\",\"https:\\\/\\\/www.instagram.com\\\/weingutstoerzel\\\/\",\"https:\\\/\\\/www.youtube.com\\\/channel\\\/UC5BdI5neurScmsGaRkCtsDQ\"]}]}<\/script>\n<!-- \/ Yoast SEO plugin. -->","yoast_head_json":{"title":"Weingut Heinz St\u00f6rzel","description":"2021er Rheingauer Sp\u00e4tburgunder Rotwein feinherb. Rubinrote Farbe, im Geschmack rote Beeren und Kirschen. Hier bestellen.","robots":{"index":"index","follow":"follow","max-snippet":"max-snippet:-1","max-image-preview":"max-image-preview:large","max-video-preview":"max-video-preview:-1"},"canonical":"https:\/\/weingut-stoerzel.de\/en\/product\/2021er-rheingauer-spaetburgunder-rotwein-q-b-a-feinherb\/","og_locale":"en_US","og_type":"article","og_title":"Weingut Heinz St\u00f6rzel","og_description":"2021er Rheingauer Sp\u00e4tburgunder Rotwein feinherb. Rubinrote Farbe, im Geschmack rote Beeren und Kirschen. Hier bestellen.","og_url":"https:\/\/weingut-stoerzel.de\/en\/product\/2021er-rheingauer-spaetburgunder-rotwein-q-b-a-feinherb\/","og_site_name":"Weingut Heinz St\u00f6rzel","article_publisher":"https:\/\/www.facebook.com\/HStoerzel\/","article_modified_time":"2025-08-16T11:48:26+00:00","og_image":[{"width":555,"height":688,"url":"https:\/\/weingut-stoerzel.de\/wp-content\/uploads\/2022\/05\/21SpaetbRotwfeinh.jpg","type":"image\/jpeg"}],"twitter_card":"summary_large_image","twitter_misc":{"Est. reading time":"3 minutes"},"schema":{"@context":"https:\/\/schema.org","@graph":[{"@type":"WebPage","@id":"https:\/\/weingut-stoerzel.de\/produkt\/2021er-rheingauer-spaetburgunder-rotwein-q-b-a-feinherb\/","url":"https:\/\/weingut-stoerzel.de\/produkt\/2021er-rheingauer-spaetburgunder-rotwein-q-b-a-feinherb\/","name":"Weingut Heinz St\u00f6rzel","isPartOf":{"@id":"https:\/\/weingut-stoerzel.de\/#website"},"primaryImageOfPage":{"@id":"https:\/\/weingut-stoerzel.de\/produkt\/2021er-rheingauer-spaetburgunder-rotwein-q-b-a-feinherb\/#primaryimage"},"image":{"@id":"https:\/\/weingut-stoerzel.de\/produkt\/2021er-rheingauer-spaetburgunder-rotwein-q-b-a-feinherb\/#primaryimage"},"thumbnailUrl":"https:\/\/weingut-stoerzel.de\/wp-content\/uploads\/2022\/05\/21SpaetbRotwfeinh.jpg","datePublished":"2024-11-15T15:08:43+00:00","dateModified":"2025-08-16T11:48:26+00:00","description":"2021er Rheingauer Sp\u00e4tburgunder Rotwein feinherb. Rubinrote Farbe, im Geschmack rote Beeren und Kirschen. Hier bestellen.","breadcrumb":{"@id":"https:\/\/weingut-stoerzel.de\/produkt\/2021er-rheingauer-spaetburgunder-rotwein-q-b-a-feinherb\/#breadcrumb"},"inLanguage":"en-US","potentialAction":[{"@type":"ReadAction","target":["https:\/\/weingut-stoerzel.de\/produkt\/2021er-rheingauer-spaetburgunder-rotwein-q-b-a-feinherb\/"]}]},{"@type":"ImageObject","inLanguage":"en-US","@id":"https:\/\/weingut-stoerzel.de\/produkt\/2021er-rheingauer-spaetburgunder-rotwein-q-b-a-feinherb\/#primaryimage","url":"https:\/\/weingut-stoerzel.de\/wp-content\/uploads\/2022\/05\/21SpaetbRotwfeinh.jpg","contentUrl":"https:\/\/weingut-stoerzel.de\/wp-content\/uploads\/2022\/05\/21SpaetbRotwfeinh.jpg","width":555,"height":688,"caption":"Rheingauer Sp\u00e4tburgunder Rotwein feinherb"},{"@type":"BreadcrumbList","@id":"https:\/\/weingut-stoerzel.de\/produkt\/2021er-rheingauer-spaetburgunder-rotwein-q-b-a-feinherb\/#breadcrumb","itemListElement":[{"@type":"ListItem","position":1,"name":"Startseite","item":"https:\/\/weingut-stoerzel.de\/"},{"@type":"ListItem","position":2,"name":"Shop","item":"https:\/\/weingut-stoerzel.de\/shop\/"},{"@type":"ListItem","position":3,"name":"2021er Rheingauer Sp\u00e4tburgunder Rotwein Q.b.A. feinherb"}]},{"@type":"WebSite","@id":"https:\/\/weingut-stoerzel.de\/#website","url":"https:\/\/weingut-stoerzel.de\/","name":"Weingut Heinz St\u00f6rzel","description":"Wein schenkt Freude","publisher":{"@id":"https:\/\/weingut-stoerzel.de\/#organization"},"potentialAction":[{"@type":"SearchAction","target":{"@type":"EntryPoint","urlTemplate":"https:\/\/weingut-stoerzel.de\/?s={search_term_string}"},"query-input":{"@type":"PropertyValueSpecification","valueRequired":true,"valueName":"search_term_string"}}],"inLanguage":"en-US"},{"@type":"Organization","@id":"https:\/\/weingut-stoerzel.de\/#organization","name":"Weingut Heinz St\u00f6rzel","url":"https:\/\/weingut-stoerzel.de\/","logo":{"@type":"ImageObject","inLanguage":"en-US","@id":"https:\/\/weingut-stoerzel.de\/#\/schema\/logo\/image\/","url":"https:\/\/weingut-stoerzel.de\/wp-content\/uploads\/2017\/02\/Wappen_HStoerzel.jpg","contentUrl":"https:\/\/weingut-stoerzel.de\/wp-content\/uploads\/2017\/02\/Wappen_HStoerzel.jpg","width":592,"height":592,"caption":"Weingut Heinz St\u00f6rzel"},"image":{"@id":"https:\/\/weingut-stoerzel.de\/#\/schema\/logo\/image\/"},"sameAs":["https:\/\/www.facebook.com\/HStoerzel\/","https:\/\/www.instagram.com\/weingutstoerzel\/","https:\/\/www.youtube.com\/channel\/UC5BdI5neurScmsGaRkCtsDQ"]}]}},"jetpack_sharing_enabled":true,"_links":{"self":[{"href":"https:\/\/weingut-stoerzel.de\/en\/wp-json\/wp\/v2\/product\/15408","targetHints":{"allow":["GET"]}}],"collection":[{"href":"https:\/\/weingut-stoerzel.de\/en\/wp-json\/wp\/v2\/product"}],"about":[{"href":"https:\/\/weingut-stoerzel.de\/en\/wp-json\/wp\/v2\/types\/product"}],"wp:featuredmedia":[{"embeddable":true,"href":"https:\/\/weingut-stoerzel.de\/en\/wp-json\/wp\/v2\/media\/14647"}],"wp:attachment":[{"href":"https:\/\/weingut-stoerzel.de\/en\/wp-json\/wp\/v2\/media?parent=15408"}],"wp:term":[{"taxonomy":"product_brand","embeddable":true,"href":"https:\/\/weingut-stoerzel.de\/en\/wp-json\/wp\/v2\/product_brand?post=15408"},{"taxonomy":"product_cat","embeddable":true,"href":"https:\/\/weingut-stoerzel.de\/en\/wp-json\/wp\/v2\/product_cat?post=15408"},{"taxonomy":"product_tag","embeddable":true,"href":"https:\/\/weingut-stoerzel.de\/en\/wp-json\/wp\/v2\/product_tag?post=15408"}],"curies":[{"name":"wp","href":"https:\/\/api.w.org\/{rel}","templated":true}]}}