{"id":15409,"date":"2024-11-15T16:09:40","date_gmt":"2024-11-15T15:09:40","guid":{"rendered":"https:\/\/weingut-stoerzel.de\/?post_type=product&#038;p=15409"},"modified":"2024-11-15T17:18:13","modified_gmt":"2024-11-15T16:18:13","slug":"2022er-ruedesheimer-spaetburgunder-rotwein-q-b-a-trocken","status":"publish","type":"product","link":"https:\/\/weingut-stoerzel.de\/en\/product\/2022er-ruedesheimer-spaetburgunder-rotwein-q-b-a-trocken\/","title":{"rendered":"2022er R\u00fcdesheimer Sp\u00e4tburgunder Rotwein Q.b.A. trocken"},"content":{"rendered":"<div class=\"flex flex-grow flex-col gap-3\">\n<div class=\"min-h-[20px] flex flex-col items-start gap-4 whitespace-pre-wrap\">\n<div class=\"markdown prose w-full break-words dark:prose-invert dark\">\n<p>Der 2022er R\u00fcdesheimer Sp\u00e4tburgunder Rotwein ist ein herausragendes Beispiel f\u00fcr die Qualit\u00e4tsweine, die aus der renommierten Weinregion R\u00fcdesheim am Rhein stammen. Dieser Rotwein wird aus Sp\u00e4tburgunder-Trauben hergestellt, die sorgf\u00e4ltig geerntet und schonend weiter verarbeitet werden. Die Trauben wurden mit einer Qualit\u00e4t einer Sp\u00e4tlese geerntet und trocken ausgebaut. Sodass dieser Wein mit 13,5% vol Alk. etwas mehr aufweist, was seinem Geschmack sehr zutr\u00e4glich ist.<\/p>\n<p>Dieser Rotwein ist in der Nase sehr vielschichtig und pr\u00e4sentiert eine wunderbare Aromatik von roten Fr\u00fcchten wie Kirschen und Beeren, gepaart mit subtilen Ankl\u00e4ngen von Gew\u00fcrzen. Im Mund zeigt er sich sehr ausgewogen und kraftvoll mit einem trockenen, eleganten Abgang, der den vollen Geschmack von reifen Fr\u00fcchten unterstreicht.<\/p>\n<p>Dieser Sp\u00e4tburgunder ist ein ausgezeichneter Begleiter zu w\u00fcrzigen Fleischgerichten wie Steak oder Wild sowie zu herzhaften Speisen wie Pasta oder K\u00e4se im Sommer wie Winter. Er passt auch sehr gut zu dunkler Schokolade und reifen K\u00e4sesorten.<\/p>\n<p>Der 2022er R\u00fcdesheimer Sp\u00e4tburgunder Rotwein ist eine Q.b.A.-Qualit\u00e4t und der junge Rotwein wurde nach einer Maischestandzeit von 12 Tagen in einen Edelstahltank gelegt. Dies verleiht dem Wein seine wunderbar klare, frische und fruchtige Note. Durch den Edelstahltank ist dieser Rotwein sehr rein und beh\u00e4lt seinen nat\u00fcrlichen Charakter, ohne von Holznoten \u00fcberdeckt zu werden.<\/p>\n<p>Insgesamt ist der 2022er R\u00fcdesheimer Sp\u00e4tburgunder Rotwein ein hervorragender Wein, der mit seiner frischen, fruchtigen Aromatik und seiner ausgewogenen S\u00e4ure-S\u00fc\u00dfe-Balance begeistert. Dieser Rotwein ist ein perfektes Beispiel f\u00fcr die hohe Qualit\u00e4t und Raffinesse, die die Weine der R\u00fcdesheimer Region auszeichnen. Probieren Sie ihn aus und genie\u00dfen Sie das volle Aroma und den trockenen, eleganten Abgang dieses erlesenen Weins!<\/p>\n<p>&nbsp;<\/p>\n<\/div>\n<\/div>\n<\/div>\n<p>Alle unsere Weine finden Sie auch im <a href=\"https:\/\/geschenkhaus-ehrenfels.de\/\">Geschenkhaus Ehrenfels<\/a>, Rheinstra\u00dfe 18, 65385 R\u00fcdesheim am Rhein.<\/p>\n<p>Die Versandkosten betragen pauschal 7,50\u20ac. Lieferung nach Absprache m\u00f6glich.<\/p>\n<p>Wir m\u00f6chten Sie bitten dreierweise (3,6,12\u2026.) zu bestellen, um die Versandkartons voll ausnutzen zu k\u00f6nnen.<\/p>\n","protected":false},"excerpt":{"rendered":"<p>Rotwein trocken QbA<\/p>\n<p>13,5 % vol<\/p>\n<p>750ml<\/p>\n<p>(12,00\u20ac\/ 1000ml)<\/p>\n<p>Enth\u00e4lt Sulfite<\/p>\n<p>Alle Preise inkl. gesetzl. Mehrwertsteuer zzgl. Versandkosten<\/p>","protected":false},"featured_media":15400,"template":"","meta":{"_kadence_starter_templates_imported_post":false,"_kad_post_transparent":"default","_kad_post_title":"","_kad_post_layout":"default","_kad_post_sidebar_id":"","_kad_post_content_style":"default","_kad_post_vertical_padding":"default","_kad_post_feature":"","_kad_post_feature_position":"","_kad_post_header":false,"_kad_post_footer":false,"_kad_post_classname":""},"product_brand":[],"product_cat":[24],"product_tag":[],"class_list":{"0":"post-15409","1":"product","2":"type-product","3":"status-publish","4":"has-post-thumbnail","6":"product_cat-rotwein","8":"first","9":"instock","10":"taxable","11":"shipping-taxable","12":"purchasable","13":"product-type-simple","14":"entry","15":"content-bg","16":"loop-entry"},"yoast_head":"<!-- This site is optimized with the Yoast SEO plugin v27.4 - https:\/\/yoast.com\/product\/yoast-seo-wordpress\/ -->\n<title>2022er R\u00fcdesheimer Sp\u00e4tburgunder Rotwein Q.b.A. trocken<\/title>\n<meta name=\"description\" content=\"2022er R\u00fcdesheimer Sp\u00e4tburgunder Rotwein trocken. Rubinrote Farbe, im Geschmack rote Beeren und Kirschen. Hier bestellen.\" \/>\n<meta name=\"robots\" content=\"index, follow, max-snippet:-1, max-image-preview:large, max-video-preview:-1\" \/>\n<link rel=\"canonical\" href=\"https:\/\/weingut-stoerzel.de\/en\/product\/2022er-ruedesheimer-spaetburgunder-rotwein-q-b-a-trocken\/\" \/>\n<meta property=\"og:locale\" content=\"en_US\" \/>\n<meta property=\"og:type\" content=\"article\" \/>\n<meta property=\"og:title\" content=\"2022er R\u00fcdesheimer Sp\u00e4tburgunder Rotwein Q.b.A. trocken\" \/>\n<meta property=\"og:description\" content=\"2022er R\u00fcdesheimer Sp\u00e4tburgunder Rotwein trocken. Rubinrote Farbe, im Geschmack rote Beeren und Kirschen. Hier bestellen.\" \/>\n<meta property=\"og:url\" content=\"https:\/\/weingut-stoerzel.de\/en\/product\/2022er-ruedesheimer-spaetburgunder-rotwein-q-b-a-trocken\/\" \/>\n<meta property=\"og:site_name\" content=\"Weingut Heinz St\u00f6rzel\" \/>\n<meta property=\"article:publisher\" content=\"https:\/\/www.facebook.com\/HStoerzel\/\" \/>\n<meta property=\"article:modified_time\" content=\"2024-11-15T16:18:13+00:00\" \/>\n<meta property=\"og:image\" content=\"https:\/\/weingut-stoerzel.de\/wp-content\/uploads\/2022\/05\/22erSpaetburgundertrocken.jpg\" \/>\n\t<meta property=\"og:image:width\" content=\"555\" \/>\n\t<meta property=\"og:image:height\" content=\"688\" \/>\n\t<meta property=\"og:image:type\" content=\"image\/jpeg\" \/>\n<meta name=\"twitter:card\" content=\"summary_large_image\" \/>\n<meta name=\"twitter:label1\" content=\"Est. reading time\" \/>\n\t<meta name=\"twitter:data1\" content=\"2 minutes\" \/>\n<script type=\"application\/ld+json\" class=\"yoast-schema-graph\">{\"@context\":\"https:\\\/\\\/schema.org\",\"@graph\":[{\"@type\":\"WebPage\",\"@id\":\"https:\\\/\\\/weingut-stoerzel.de\\\/produkt\\\/2022er-ruedesheimer-spaetburgunder-rotwein-q-b-a-trocken\\\/\",\"url\":\"https:\\\/\\\/weingut-stoerzel.de\\\/produkt\\\/2022er-ruedesheimer-spaetburgunder-rotwein-q-b-a-trocken\\\/\",\"name\":\"2022er R\u00fcdesheimer Sp\u00e4tburgunder Rotwein Q.b.A. trocken\",\"isPartOf\":{\"@id\":\"https:\\\/\\\/weingut-stoerzel.de\\\/#website\"},\"primaryImageOfPage\":{\"@id\":\"https:\\\/\\\/weingut-stoerzel.de\\\/produkt\\\/2022er-ruedesheimer-spaetburgunder-rotwein-q-b-a-trocken\\\/#primaryimage\"},\"image\":{\"@id\":\"https:\\\/\\\/weingut-stoerzel.de\\\/produkt\\\/2022er-ruedesheimer-spaetburgunder-rotwein-q-b-a-trocken\\\/#primaryimage\"},\"thumbnailUrl\":\"https:\\\/\\\/weingut-stoerzel.de\\\/wp-content\\\/uploads\\\/2022\\\/05\\\/22erSpaetburgundertrocken.jpg\",\"datePublished\":\"2024-11-15T15:09:40+00:00\",\"dateModified\":\"2024-11-15T16:18:13+00:00\",\"description\":\"2022er R\u00fcdesheimer Sp\u00e4tburgunder Rotwein trocken. Rubinrote Farbe, im Geschmack rote Beeren und Kirschen. Hier bestellen.\",\"breadcrumb\":{\"@id\":\"https:\\\/\\\/weingut-stoerzel.de\\\/produkt\\\/2022er-ruedesheimer-spaetburgunder-rotwein-q-b-a-trocken\\\/#breadcrumb\"},\"inLanguage\":\"en-US\",\"potentialAction\":[{\"@type\":\"ReadAction\",\"target\":[\"https:\\\/\\\/weingut-stoerzel.de\\\/produkt\\\/2022er-ruedesheimer-spaetburgunder-rotwein-q-b-a-trocken\\\/\"]}]},{\"@type\":\"ImageObject\",\"inLanguage\":\"en-US\",\"@id\":\"https:\\\/\\\/weingut-stoerzel.de\\\/produkt\\\/2022er-ruedesheimer-spaetburgunder-rotwein-q-b-a-trocken\\\/#primaryimage\",\"url\":\"https:\\\/\\\/weingut-stoerzel.de\\\/wp-content\\\/uploads\\\/2022\\\/05\\\/22erSpaetburgundertrocken.jpg\",\"contentUrl\":\"https:\\\/\\\/weingut-stoerzel.de\\\/wp-content\\\/uploads\\\/2022\\\/05\\\/22erSpaetburgundertrocken.jpg\",\"width\":555,\"height\":688,\"caption\":\"2022er R\u00fcdesheimer Sp\u00e4tburgunder Rotwein Q.b.A. trocken\"},{\"@type\":\"BreadcrumbList\",\"@id\":\"https:\\\/\\\/weingut-stoerzel.de\\\/produkt\\\/2022er-ruedesheimer-spaetburgunder-rotwein-q-b-a-trocken\\\/#breadcrumb\",\"itemListElement\":[{\"@type\":\"ListItem\",\"position\":1,\"name\":\"Startseite\",\"item\":\"https:\\\/\\\/weingut-stoerzel.de\\\/\"},{\"@type\":\"ListItem\",\"position\":2,\"name\":\"Shop\",\"item\":\"https:\\\/\\\/weingut-stoerzel.de\\\/shop\\\/\"},{\"@type\":\"ListItem\",\"position\":3,\"name\":\"2022er R\u00fcdesheimer Sp\u00e4tburgunder Rotwein Q.b.A. trocken\"}]},{\"@type\":\"WebSite\",\"@id\":\"https:\\\/\\\/weingut-stoerzel.de\\\/#website\",\"url\":\"https:\\\/\\\/weingut-stoerzel.de\\\/\",\"name\":\"Weingut Heinz St\u00f6rzel\",\"description\":\"Wein schenkt Freude\",\"publisher\":{\"@id\":\"https:\\\/\\\/weingut-stoerzel.de\\\/#organization\"},\"potentialAction\":[{\"@type\":\"SearchAction\",\"target\":{\"@type\":\"EntryPoint\",\"urlTemplate\":\"https:\\\/\\\/weingut-stoerzel.de\\\/?s={search_term_string}\"},\"query-input\":{\"@type\":\"PropertyValueSpecification\",\"valueRequired\":true,\"valueName\":\"search_term_string\"}}],\"inLanguage\":\"en-US\"},{\"@type\":\"Organization\",\"@id\":\"https:\\\/\\\/weingut-stoerzel.de\\\/#organization\",\"name\":\"Weingut Heinz St\u00f6rzel\",\"url\":\"https:\\\/\\\/weingut-stoerzel.de\\\/\",\"logo\":{\"@type\":\"ImageObject\",\"inLanguage\":\"en-US\",\"@id\":\"https:\\\/\\\/weingut-stoerzel.de\\\/#\\\/schema\\\/logo\\\/image\\\/\",\"url\":\"https:\\\/\\\/weingut-stoerzel.de\\\/wp-content\\\/uploads\\\/2017\\\/02\\\/Wappen_HStoerzel.jpg\",\"contentUrl\":\"https:\\\/\\\/weingut-stoerzel.de\\\/wp-content\\\/uploads\\\/2017\\\/02\\\/Wappen_HStoerzel.jpg\",\"width\":592,\"height\":592,\"caption\":\"Weingut Heinz St\u00f6rzel\"},\"image\":{\"@id\":\"https:\\\/\\\/weingut-stoerzel.de\\\/#\\\/schema\\\/logo\\\/image\\\/\"},\"sameAs\":[\"https:\\\/\\\/www.facebook.com\\\/HStoerzel\\\/\",\"https:\\\/\\\/www.instagram.com\\\/weingutstoerzel\\\/\",\"https:\\\/\\\/www.youtube.com\\\/channel\\\/UC5BdI5neurScmsGaRkCtsDQ\"]}]}<\/script>\n<!-- \/ Yoast SEO plugin. -->","yoast_head_json":{"title":"2022er R\u00fcdesheimer Sp\u00e4tburgunder Rotwein Q.b.A. trocken","description":"2022er R\u00fcdesheimer Sp\u00e4tburgunder Rotwein trocken. Rubinrote Farbe, im Geschmack rote Beeren und Kirschen. Hier bestellen.","robots":{"index":"index","follow":"follow","max-snippet":"max-snippet:-1","max-image-preview":"max-image-preview:large","max-video-preview":"max-video-preview:-1"},"canonical":"https:\/\/weingut-stoerzel.de\/en\/product\/2022er-ruedesheimer-spaetburgunder-rotwein-q-b-a-trocken\/","og_locale":"en_US","og_type":"article","og_title":"2022er R\u00fcdesheimer Sp\u00e4tburgunder Rotwein Q.b.A. trocken","og_description":"2022er R\u00fcdesheimer Sp\u00e4tburgunder Rotwein trocken. Rubinrote Farbe, im Geschmack rote Beeren und Kirschen. Hier bestellen.","og_url":"https:\/\/weingut-stoerzel.de\/en\/product\/2022er-ruedesheimer-spaetburgunder-rotwein-q-b-a-trocken\/","og_site_name":"Weingut Heinz St\u00f6rzel","article_publisher":"https:\/\/www.facebook.com\/HStoerzel\/","article_modified_time":"2024-11-15T16:18:13+00:00","og_image":[{"width":555,"height":688,"url":"https:\/\/weingut-stoerzel.de\/wp-content\/uploads\/2022\/05\/22erSpaetburgundertrocken.jpg","type":"image\/jpeg"}],"twitter_card":"summary_large_image","twitter_misc":{"Est. reading time":"2 minutes"},"schema":{"@context":"https:\/\/schema.org","@graph":[{"@type":"WebPage","@id":"https:\/\/weingut-stoerzel.de\/produkt\/2022er-ruedesheimer-spaetburgunder-rotwein-q-b-a-trocken\/","url":"https:\/\/weingut-stoerzel.de\/produkt\/2022er-ruedesheimer-spaetburgunder-rotwein-q-b-a-trocken\/","name":"2022er R\u00fcdesheimer Sp\u00e4tburgunder Rotwein Q.b.A. trocken","isPartOf":{"@id":"https:\/\/weingut-stoerzel.de\/#website"},"primaryImageOfPage":{"@id":"https:\/\/weingut-stoerzel.de\/produkt\/2022er-ruedesheimer-spaetburgunder-rotwein-q-b-a-trocken\/#primaryimage"},"image":{"@id":"https:\/\/weingut-stoerzel.de\/produkt\/2022er-ruedesheimer-spaetburgunder-rotwein-q-b-a-trocken\/#primaryimage"},"thumbnailUrl":"https:\/\/weingut-stoerzel.de\/wp-content\/uploads\/2022\/05\/22erSpaetburgundertrocken.jpg","datePublished":"2024-11-15T15:09:40+00:00","dateModified":"2024-11-15T16:18:13+00:00","description":"2022er R\u00fcdesheimer Sp\u00e4tburgunder Rotwein trocken. Rubinrote Farbe, im Geschmack rote Beeren und Kirschen. Hier bestellen.","breadcrumb":{"@id":"https:\/\/weingut-stoerzel.de\/produkt\/2022er-ruedesheimer-spaetburgunder-rotwein-q-b-a-trocken\/#breadcrumb"},"inLanguage":"en-US","potentialAction":[{"@type":"ReadAction","target":["https:\/\/weingut-stoerzel.de\/produkt\/2022er-ruedesheimer-spaetburgunder-rotwein-q-b-a-trocken\/"]}]},{"@type":"ImageObject","inLanguage":"en-US","@id":"https:\/\/weingut-stoerzel.de\/produkt\/2022er-ruedesheimer-spaetburgunder-rotwein-q-b-a-trocken\/#primaryimage","url":"https:\/\/weingut-stoerzel.de\/wp-content\/uploads\/2022\/05\/22erSpaetburgundertrocken.jpg","contentUrl":"https:\/\/weingut-stoerzel.de\/wp-content\/uploads\/2022\/05\/22erSpaetburgundertrocken.jpg","width":555,"height":688,"caption":"2022er R\u00fcdesheimer Sp\u00e4tburgunder Rotwein Q.b.A. trocken"},{"@type":"BreadcrumbList","@id":"https:\/\/weingut-stoerzel.de\/produkt\/2022er-ruedesheimer-spaetburgunder-rotwein-q-b-a-trocken\/#breadcrumb","itemListElement":[{"@type":"ListItem","position":1,"name":"Startseite","item":"https:\/\/weingut-stoerzel.de\/"},{"@type":"ListItem","position":2,"name":"Shop","item":"https:\/\/weingut-stoerzel.de\/shop\/"},{"@type":"ListItem","position":3,"name":"2022er R\u00fcdesheimer Sp\u00e4tburgunder Rotwein Q.b.A. trocken"}]},{"@type":"WebSite","@id":"https:\/\/weingut-stoerzel.de\/#website","url":"https:\/\/weingut-stoerzel.de\/","name":"Weingut Heinz St\u00f6rzel","description":"Wein schenkt Freude","publisher":{"@id":"https:\/\/weingut-stoerzel.de\/#organization"},"potentialAction":[{"@type":"SearchAction","target":{"@type":"EntryPoint","urlTemplate":"https:\/\/weingut-stoerzel.de\/?s={search_term_string}"},"query-input":{"@type":"PropertyValueSpecification","valueRequired":true,"valueName":"search_term_string"}}],"inLanguage":"en-US"},{"@type":"Organization","@id":"https:\/\/weingut-stoerzel.de\/#organization","name":"Weingut Heinz St\u00f6rzel","url":"https:\/\/weingut-stoerzel.de\/","logo":{"@type":"ImageObject","inLanguage":"en-US","@id":"https:\/\/weingut-stoerzel.de\/#\/schema\/logo\/image\/","url":"https:\/\/weingut-stoerzel.de\/wp-content\/uploads\/2017\/02\/Wappen_HStoerzel.jpg","contentUrl":"https:\/\/weingut-stoerzel.de\/wp-content\/uploads\/2017\/02\/Wappen_HStoerzel.jpg","width":592,"height":592,"caption":"Weingut Heinz St\u00f6rzel"},"image":{"@id":"https:\/\/weingut-stoerzel.de\/#\/schema\/logo\/image\/"},"sameAs":["https:\/\/www.facebook.com\/HStoerzel\/","https:\/\/www.instagram.com\/weingutstoerzel\/","https:\/\/www.youtube.com\/channel\/UC5BdI5neurScmsGaRkCtsDQ"]}]}},"jetpack_sharing_enabled":true,"_links":{"self":[{"href":"https:\/\/weingut-stoerzel.de\/en\/wp-json\/wp\/v2\/product\/15409","targetHints":{"allow":["GET"]}}],"collection":[{"href":"https:\/\/weingut-stoerzel.de\/en\/wp-json\/wp\/v2\/product"}],"about":[{"href":"https:\/\/weingut-stoerzel.de\/en\/wp-json\/wp\/v2\/types\/product"}],"wp:featuredmedia":[{"embeddable":true,"href":"https:\/\/weingut-stoerzel.de\/en\/wp-json\/wp\/v2\/media\/15400"}],"wp:attachment":[{"href":"https:\/\/weingut-stoerzel.de\/en\/wp-json\/wp\/v2\/media?parent=15409"}],"wp:term":[{"taxonomy":"product_brand","embeddable":true,"href":"https:\/\/weingut-stoerzel.de\/en\/wp-json\/wp\/v2\/product_brand?post=15409"},{"taxonomy":"product_cat","embeddable":true,"href":"https:\/\/weingut-stoerzel.de\/en\/wp-json\/wp\/v2\/product_cat?post=15409"},{"taxonomy":"product_tag","embeddable":true,"href":"https:\/\/weingut-stoerzel.de\/en\/wp-json\/wp\/v2\/product_tag?post=15409"}],"curies":[{"name":"wp","href":"https:\/\/api.w.org\/{rel}","templated":true}]}}