{"id":15585,"date":"2025-08-16T13:06:15","date_gmt":"2025-08-16T11:06:15","guid":{"rendered":"https:\/\/weingut-stoerzel.de\/?post_type=product&#038;p=15585"},"modified":"2025-08-16T13:07:33","modified_gmt":"2025-08-16T11:07:33","slug":"2024er-ruedesheimer-riesling-kabinett-lieblich-kopie","status":"publish","type":"product","link":"https:\/\/weingut-stoerzel.de\/en\/product\/2024er-ruedesheimer-riesling-kabinett-lieblich-kopie\/","title":{"rendered":"2024er R\u00fcdesheimer Riesling Kabinett lieblich"},"content":{"rendered":"<div class=\"flex flex-grow flex-col gap-3\">\n<div class=\"min-h-[20px] flex flex-col items-start gap-4 whitespace-pre-wrap\">\n<div class=\"markdown prose w-full break-words dark:prose-invert dark\">\n<p>Der R\u00fcdesheimer Riesling lieblich ist ein eleganter und harmonischer Wei\u00dfwein aus der renommierten Riesling-Region Rheingau. Dieser Wein aus dem Jahrgang 2024 besticht durch sein s\u00fc\u00dfes und fruchtiges Bouquet, das von Aromen von reifen Pfirsichen, saftigen \u00c4pfeln und Zitrusfr\u00fcchten gepr\u00e4gt ist. Am Gaumen \u00fcberzeugt der Riesling mit einer angenehmen S\u00fc\u00dfe und einer lebendigen S\u00e4urestruktur, die dem Wein eine erfrischende Note verleiht. Die perfekte Balance zwischen S\u00fc\u00dfe und S\u00e4ure machen diesen Riesling zu einem idealen Begleiter zu leichten Sommergerichten oder als Aperitif an lauen Sommerabenden.<\/p>\n<p>Nach der Pressung wurde der Wein in Edelstahltanks ausgebaut, um seine nat\u00fcrliche Frische und Fruchtigkeit zu bewahren. Das Ergebnis ist ein perfekt ausbalancierter Wein mit einem anhaltenden Abgang.<\/p>\n<p>Dieser R\u00fcdesheimer Riesling lieblich ist ein hervorragender Vertreter des Rheingaus und zeigt, wie harmonisch ein Riesling mit Rests\u00fc\u00dfe sein kann. Probieren Sie ihn zu leichten Vorspeisen wie Salaten oder gegrilltem Gem\u00fcse oder genie\u00dfen Sie ihn einfach als erfrischenden Aperitif. Ein wahrhaftiger Genuss, den man nicht verpassen sollte!<\/p>\n<\/div>\n<\/div>\n<\/div>\n<p>Alle unsere Weine und den Sekt finden Sie auch im <a href=\"https:\/\/geschenkhaus-ehrenfels.de\/\">Geschenkhaus Ehrenfels<\/a>, Rheinstra\u00dfe 18, 65385 R\u00fcdesheim am Rhein.<\/p>\n<p>Die Versandkosten betragen pauschal 7,50\u20ac. Lieferung nach Absprache m\u00f6glich.<\/p>\n<p>Wir m\u00f6chten Sie bitten dreierweise (3,6,12\u2026.) zu bestellen, um die Versandkartons voll ausnutzen zu k\u00f6nnen.<\/p>\n","protected":false},"excerpt":{"rendered":"<p>Riesling Kabinett lieblich<\/p>\n<p>750ml (1l\/10,66\u20ac)<\/p>\n<p>Enth\u00e4lt Sulfite<\/p>\n<p>Alle Preise inkl. gesetzl. Mehrwertsteuer zzgl. Versandkosten<\/p>","protected":false},"featured_media":15580,"template":"","meta":{"_kadence_starter_templates_imported_post":false,"_kad_post_transparent":"default","_kad_post_title":"","_kad_post_layout":"default","_kad_post_sidebar_id":"","_kad_post_content_style":"default","_kad_post_vertical_padding":"default","_kad_post_feature":"","_kad_post_feature_position":"","_kad_post_header":false,"_kad_post_footer":false,"_kad_post_classname":""},"product_brand":[],"product_cat":[22],"product_tag":[],"class_list":{"0":"post-15585","1":"product","2":"type-product","3":"status-publish","4":"has-post-thumbnail","6":"product_cat-weisswein","8":"first","9":"instock","10":"taxable","11":"shipping-taxable","12":"purchasable","13":"product-type-simple","14":"entry","15":"content-bg","16":"loop-entry"},"yoast_head":"<!-- This site is optimized with the Yoast SEO plugin v27.4 - https:\/\/yoast.com\/product\/yoast-seo-wordpress\/ -->\n<title>R\u00fcdesheimer Riesling lieblich<\/title>\n<meta name=\"description\" content=\"Pfirsich und Zitronen Noten, in der Nase hat man reife, fruchtige T\u00f6ne. Ein toller Trinkwein. Diesen Wein k\u00f6nnen Sie direkt hier beim Winzer kaufen.\" \/>\n<meta name=\"robots\" content=\"index, follow, max-snippet:-1, max-image-preview:large, max-video-preview:-1\" \/>\n<link rel=\"canonical\" href=\"https:\/\/weingut-stoerzel.de\/en\/product\/2024er-ruedesheimer-riesling-kabinett-lieblich-kopie\/\" \/>\n<meta property=\"og:locale\" content=\"en_US\" \/>\n<meta property=\"og:type\" content=\"article\" \/>\n<meta property=\"og:title\" content=\"R\u00fcdesheimer Riesling lieblich\" \/>\n<meta property=\"og:description\" content=\"Pfirsich und Zitronen Noten, in der Nase hat man reife, fruchtige T\u00f6ne. Ein toller Trinkwein. Diesen Wein k\u00f6nnen Sie direkt hier beim Winzer kaufen.\" \/>\n<meta property=\"og:url\" content=\"https:\/\/weingut-stoerzel.de\/en\/product\/2024er-ruedesheimer-riesling-kabinett-lieblich-kopie\/\" \/>\n<meta property=\"og:site_name\" content=\"Weingut Heinz St\u00f6rzel\" \/>\n<meta property=\"article:publisher\" content=\"https:\/\/www.facebook.com\/HStoerzel\/\" \/>\n<meta property=\"article:modified_time\" content=\"2025-08-16T11:07:33+00:00\" \/>\n<meta property=\"og:image\" content=\"https:\/\/weingut-stoerzel.de\/wp-content\/uploads\/2024\/11\/WhatsApp-Bild-2025-08-11-um-16.18.38_fc66a5b3.jpg\" \/>\n\t<meta property=\"og:image:width\" content=\"1536\" \/>\n\t<meta property=\"og:image:height\" content=\"2048\" \/>\n\t<meta property=\"og:image:type\" content=\"image\/jpeg\" \/>\n<meta name=\"twitter:card\" content=\"summary_large_image\" \/>\n<meta name=\"twitter:label1\" content=\"Est. reading time\" \/>\n\t<meta name=\"twitter:data1\" content=\"2 minutes\" \/>\n<script type=\"application\/ld+json\" class=\"yoast-schema-graph\">{\"@context\":\"https:\\\/\\\/schema.org\",\"@graph\":[{\"@type\":\"WebPage\",\"@id\":\"https:\\\/\\\/weingut-stoerzel.de\\\/produkt\\\/2024er-ruedesheimer-riesling-kabinett-lieblich-kopie\\\/\",\"url\":\"https:\\\/\\\/weingut-stoerzel.de\\\/produkt\\\/2024er-ruedesheimer-riesling-kabinett-lieblich-kopie\\\/\",\"name\":\"R\u00fcdesheimer Riesling lieblich\",\"isPartOf\":{\"@id\":\"https:\\\/\\\/weingut-stoerzel.de\\\/#website\"},\"primaryImageOfPage\":{\"@id\":\"https:\\\/\\\/weingut-stoerzel.de\\\/produkt\\\/2024er-ruedesheimer-riesling-kabinett-lieblich-kopie\\\/#primaryimage\"},\"image\":{\"@id\":\"https:\\\/\\\/weingut-stoerzel.de\\\/produkt\\\/2024er-ruedesheimer-riesling-kabinett-lieblich-kopie\\\/#primaryimage\"},\"thumbnailUrl\":\"https:\\\/\\\/weingut-stoerzel.de\\\/wp-content\\\/uploads\\\/2024\\\/11\\\/WhatsApp-Bild-2025-08-11-um-16.18.38_fc66a5b3.jpg\",\"datePublished\":\"2025-08-16T11:06:15+00:00\",\"dateModified\":\"2025-08-16T11:07:33+00:00\",\"description\":\"Pfirsich und Zitronen Noten, in der Nase hat man reife, fruchtige T\u00f6ne. Ein toller Trinkwein. Diesen Wein k\u00f6nnen Sie direkt hier beim Winzer kaufen.\",\"breadcrumb\":{\"@id\":\"https:\\\/\\\/weingut-stoerzel.de\\\/produkt\\\/2024er-ruedesheimer-riesling-kabinett-lieblich-kopie\\\/#breadcrumb\"},\"inLanguage\":\"en-US\",\"potentialAction\":[{\"@type\":\"ReadAction\",\"target\":[\"https:\\\/\\\/weingut-stoerzel.de\\\/produkt\\\/2024er-ruedesheimer-riesling-kabinett-lieblich-kopie\\\/\"]}]},{\"@type\":\"ImageObject\",\"inLanguage\":\"en-US\",\"@id\":\"https:\\\/\\\/weingut-stoerzel.de\\\/produkt\\\/2024er-ruedesheimer-riesling-kabinett-lieblich-kopie\\\/#primaryimage\",\"url\":\"https:\\\/\\\/weingut-stoerzel.de\\\/wp-content\\\/uploads\\\/2024\\\/11\\\/WhatsApp-Bild-2025-08-11-um-16.18.38_fc66a5b3.jpg\",\"contentUrl\":\"https:\\\/\\\/weingut-stoerzel.de\\\/wp-content\\\/uploads\\\/2024\\\/11\\\/WhatsApp-Bild-2025-08-11-um-16.18.38_fc66a5b3.jpg\",\"width\":1536,\"height\":2048},{\"@type\":\"BreadcrumbList\",\"@id\":\"https:\\\/\\\/weingut-stoerzel.de\\\/produkt\\\/2024er-ruedesheimer-riesling-kabinett-lieblich-kopie\\\/#breadcrumb\",\"itemListElement\":[{\"@type\":\"ListItem\",\"position\":1,\"name\":\"Startseite\",\"item\":\"https:\\\/\\\/weingut-stoerzel.de\\\/\"},{\"@type\":\"ListItem\",\"position\":2,\"name\":\"Shop\",\"item\":\"https:\\\/\\\/weingut-stoerzel.de\\\/shop\\\/\"},{\"@type\":\"ListItem\",\"position\":3,\"name\":\"2024er R\u00fcdesheimer Riesling Kabinett lieblich\"}]},{\"@type\":\"WebSite\",\"@id\":\"https:\\\/\\\/weingut-stoerzel.de\\\/#website\",\"url\":\"https:\\\/\\\/weingut-stoerzel.de\\\/\",\"name\":\"Weingut Heinz St\u00f6rzel\",\"description\":\"Wein schenkt Freude\",\"publisher\":{\"@id\":\"https:\\\/\\\/weingut-stoerzel.de\\\/#organization\"},\"potentialAction\":[{\"@type\":\"SearchAction\",\"target\":{\"@type\":\"EntryPoint\",\"urlTemplate\":\"https:\\\/\\\/weingut-stoerzel.de\\\/?s={search_term_string}\"},\"query-input\":{\"@type\":\"PropertyValueSpecification\",\"valueRequired\":true,\"valueName\":\"search_term_string\"}}],\"inLanguage\":\"en-US\"},{\"@type\":\"Organization\",\"@id\":\"https:\\\/\\\/weingut-stoerzel.de\\\/#organization\",\"name\":\"Weingut Heinz St\u00f6rzel\",\"url\":\"https:\\\/\\\/weingut-stoerzel.de\\\/\",\"logo\":{\"@type\":\"ImageObject\",\"inLanguage\":\"en-US\",\"@id\":\"https:\\\/\\\/weingut-stoerzel.de\\\/#\\\/schema\\\/logo\\\/image\\\/\",\"url\":\"https:\\\/\\\/weingut-stoerzel.de\\\/wp-content\\\/uploads\\\/2017\\\/02\\\/Wappen_HStoerzel.jpg\",\"contentUrl\":\"https:\\\/\\\/weingut-stoerzel.de\\\/wp-content\\\/uploads\\\/2017\\\/02\\\/Wappen_HStoerzel.jpg\",\"width\":592,\"height\":592,\"caption\":\"Weingut Heinz St\u00f6rzel\"},\"image\":{\"@id\":\"https:\\\/\\\/weingut-stoerzel.de\\\/#\\\/schema\\\/logo\\\/image\\\/\"},\"sameAs\":[\"https:\\\/\\\/www.facebook.com\\\/HStoerzel\\\/\",\"https:\\\/\\\/www.instagram.com\\\/weingutstoerzel\\\/\",\"https:\\\/\\\/www.youtube.com\\\/channel\\\/UC5BdI5neurScmsGaRkCtsDQ\"]}]}<\/script>\n<!-- \/ Yoast SEO plugin. -->","yoast_head_json":{"title":"R\u00fcdesheimer Riesling lieblich","description":"Pfirsich und Zitronen Noten, in der Nase hat man reife, fruchtige T\u00f6ne. Ein toller Trinkwein. Diesen Wein k\u00f6nnen Sie direkt hier beim Winzer kaufen.","robots":{"index":"index","follow":"follow","max-snippet":"max-snippet:-1","max-image-preview":"max-image-preview:large","max-video-preview":"max-video-preview:-1"},"canonical":"https:\/\/weingut-stoerzel.de\/en\/product\/2024er-ruedesheimer-riesling-kabinett-lieblich-kopie\/","og_locale":"en_US","og_type":"article","og_title":"R\u00fcdesheimer Riesling lieblich","og_description":"Pfirsich und Zitronen Noten, in der Nase hat man reife, fruchtige T\u00f6ne. Ein toller Trinkwein. Diesen Wein k\u00f6nnen Sie direkt hier beim Winzer kaufen.","og_url":"https:\/\/weingut-stoerzel.de\/en\/product\/2024er-ruedesheimer-riesling-kabinett-lieblich-kopie\/","og_site_name":"Weingut Heinz St\u00f6rzel","article_publisher":"https:\/\/www.facebook.com\/HStoerzel\/","article_modified_time":"2025-08-16T11:07:33+00:00","og_image":[{"width":1536,"height":2048,"url":"https:\/\/weingut-stoerzel.de\/wp-content\/uploads\/2024\/11\/WhatsApp-Bild-2025-08-11-um-16.18.38_fc66a5b3.jpg","type":"image\/jpeg"}],"twitter_card":"summary_large_image","twitter_misc":{"Est. reading time":"2 minutes"},"schema":{"@context":"https:\/\/schema.org","@graph":[{"@type":"WebPage","@id":"https:\/\/weingut-stoerzel.de\/produkt\/2024er-ruedesheimer-riesling-kabinett-lieblich-kopie\/","url":"https:\/\/weingut-stoerzel.de\/produkt\/2024er-ruedesheimer-riesling-kabinett-lieblich-kopie\/","name":"R\u00fcdesheimer Riesling lieblich","isPartOf":{"@id":"https:\/\/weingut-stoerzel.de\/#website"},"primaryImageOfPage":{"@id":"https:\/\/weingut-stoerzel.de\/produkt\/2024er-ruedesheimer-riesling-kabinett-lieblich-kopie\/#primaryimage"},"image":{"@id":"https:\/\/weingut-stoerzel.de\/produkt\/2024er-ruedesheimer-riesling-kabinett-lieblich-kopie\/#primaryimage"},"thumbnailUrl":"https:\/\/weingut-stoerzel.de\/wp-content\/uploads\/2024\/11\/WhatsApp-Bild-2025-08-11-um-16.18.38_fc66a5b3.jpg","datePublished":"2025-08-16T11:06:15+00:00","dateModified":"2025-08-16T11:07:33+00:00","description":"Pfirsich und Zitronen Noten, in der Nase hat man reife, fruchtige T\u00f6ne. Ein toller Trinkwein. Diesen Wein k\u00f6nnen Sie direkt hier beim Winzer kaufen.","breadcrumb":{"@id":"https:\/\/weingut-stoerzel.de\/produkt\/2024er-ruedesheimer-riesling-kabinett-lieblich-kopie\/#breadcrumb"},"inLanguage":"en-US","potentialAction":[{"@type":"ReadAction","target":["https:\/\/weingut-stoerzel.de\/produkt\/2024er-ruedesheimer-riesling-kabinett-lieblich-kopie\/"]}]},{"@type":"ImageObject","inLanguage":"en-US","@id":"https:\/\/weingut-stoerzel.de\/produkt\/2024er-ruedesheimer-riesling-kabinett-lieblich-kopie\/#primaryimage","url":"https:\/\/weingut-stoerzel.de\/wp-content\/uploads\/2024\/11\/WhatsApp-Bild-2025-08-11-um-16.18.38_fc66a5b3.jpg","contentUrl":"https:\/\/weingut-stoerzel.de\/wp-content\/uploads\/2024\/11\/WhatsApp-Bild-2025-08-11-um-16.18.38_fc66a5b3.jpg","width":1536,"height":2048},{"@type":"BreadcrumbList","@id":"https:\/\/weingut-stoerzel.de\/produkt\/2024er-ruedesheimer-riesling-kabinett-lieblich-kopie\/#breadcrumb","itemListElement":[{"@type":"ListItem","position":1,"name":"Startseite","item":"https:\/\/weingut-stoerzel.de\/"},{"@type":"ListItem","position":2,"name":"Shop","item":"https:\/\/weingut-stoerzel.de\/shop\/"},{"@type":"ListItem","position":3,"name":"2024er R\u00fcdesheimer Riesling Kabinett lieblich"}]},{"@type":"WebSite","@id":"https:\/\/weingut-stoerzel.de\/#website","url":"https:\/\/weingut-stoerzel.de\/","name":"Weingut Heinz St\u00f6rzel","description":"Wein schenkt Freude","publisher":{"@id":"https:\/\/weingut-stoerzel.de\/#organization"},"potentialAction":[{"@type":"SearchAction","target":{"@type":"EntryPoint","urlTemplate":"https:\/\/weingut-stoerzel.de\/?s={search_term_string}"},"query-input":{"@type":"PropertyValueSpecification","valueRequired":true,"valueName":"search_term_string"}}],"inLanguage":"en-US"},{"@type":"Organization","@id":"https:\/\/weingut-stoerzel.de\/#organization","name":"Weingut Heinz St\u00f6rzel","url":"https:\/\/weingut-stoerzel.de\/","logo":{"@type":"ImageObject","inLanguage":"en-US","@id":"https:\/\/weingut-stoerzel.de\/#\/schema\/logo\/image\/","url":"https:\/\/weingut-stoerzel.de\/wp-content\/uploads\/2017\/02\/Wappen_HStoerzel.jpg","contentUrl":"https:\/\/weingut-stoerzel.de\/wp-content\/uploads\/2017\/02\/Wappen_HStoerzel.jpg","width":592,"height":592,"caption":"Weingut Heinz St\u00f6rzel"},"image":{"@id":"https:\/\/weingut-stoerzel.de\/#\/schema\/logo\/image\/"},"sameAs":["https:\/\/www.facebook.com\/HStoerzel\/","https:\/\/www.instagram.com\/weingutstoerzel\/","https:\/\/www.youtube.com\/channel\/UC5BdI5neurScmsGaRkCtsDQ"]}]}},"jetpack_sharing_enabled":true,"_links":{"self":[{"href":"https:\/\/weingut-stoerzel.de\/en\/wp-json\/wp\/v2\/product\/15585","targetHints":{"allow":["GET"]}}],"collection":[{"href":"https:\/\/weingut-stoerzel.de\/en\/wp-json\/wp\/v2\/product"}],"about":[{"href":"https:\/\/weingut-stoerzel.de\/en\/wp-json\/wp\/v2\/types\/product"}],"wp:featuredmedia":[{"embeddable":true,"href":"https:\/\/weingut-stoerzel.de\/en\/wp-json\/wp\/v2\/media\/15580"}],"wp:attachment":[{"href":"https:\/\/weingut-stoerzel.de\/en\/wp-json\/wp\/v2\/media?parent=15585"}],"wp:term":[{"taxonomy":"product_brand","embeddable":true,"href":"https:\/\/weingut-stoerzel.de\/en\/wp-json\/wp\/v2\/product_brand?post=15585"},{"taxonomy":"product_cat","embeddable":true,"href":"https:\/\/weingut-stoerzel.de\/en\/wp-json\/wp\/v2\/product_cat?post=15585"},{"taxonomy":"product_tag","embeddable":true,"href":"https:\/\/weingut-stoerzel.de\/en\/wp-json\/wp\/v2\/product_tag?post=15585"}],"curies":[{"name":"wp","href":"https:\/\/api.w.org\/{rel}","templated":true}]}}