{"id":15587,"date":"2025-08-16T13:08:00","date_gmt":"2025-08-16T11:08:00","guid":{"rendered":"https:\/\/weingut-stoerzel.de\/?post_type=product&#038;p=15587"},"modified":"2025-08-16T13:09:11","modified_gmt":"2025-08-16T11:09:11","slug":"2024er-ruedesheimer-blanc-de-noir-trocken-kopie","status":"publish","type":"product","link":"https:\/\/weingut-stoerzel.de\/en\/product\/2024er-ruedesheimer-blanc-de-noir-trocken-kopie\/","title":{"rendered":"2024er R\u00fcdesheimer Blanc de Noir trocken"},"content":{"rendered":"<p>Der 2024er R\u00fcdesheimer Blanc de Noir trocken ist ein au\u00dfergew\u00f6hnlicher Wein aus der renommierten Weinregion R\u00fcdesheim am Rhein. Die handverlesenen Sp\u00e4tburgunder-Trauben sind von den steilen H\u00e4ngen der R\u00fcdesheimer Weinberge.<\/p>\n<p>Wir haben diesen Wein in eine wei\u00dfe Schlegelflasche abgef\u00fcllt, was ihn optisch besonders ansprechend macht.<\/p>\n<p>In der Nase pr\u00e4sentiert sich dieser Blanc de Noir mit einer wunderbaren Aromatik von roten Beeren und einem Hauch von Zitrusfr\u00fcchten, gepaart mit feinen mineralischen Noten. Im Mund zeigt er sich frisch und lebendig mit einer ausgewogenen S\u00e4urestruktur, die den vollen Geschmack von reifen Fr\u00fcchten unterstreicht.<\/p>\n<p>Dieser Blanc de Noir ist ein perfekter Begleiter zu vielen Speisen, wie zum Beispiel zu Meeresfr\u00fcchten, Salaten oder hellem Fleisch. Er passt auch sehr gut zu leichten Vorspeisen oder einfach als Aperitif.<\/p>\n<p>Der R\u00fcdesheimer Blanc de Noir trocken ist ein Wein von au\u00dfergew\u00f6hnlicher Qualit\u00e4t, der im Edelstahltank ausgebaut wurde. Durch diesen Ausbau beh\u00e4lt der Wein seine frische und fruchtige Aromatik, w\u00e4hrend er gleichzeitig seine mineralischen Noten und seine nat\u00fcrliche S\u00e4ure beh\u00e4lt.<\/p>\n<p>Dieser Wein ist ein perfektes Beispiel f\u00fcr die herausragende Qualit\u00e4t der R\u00fcdesheimer Weine und die Arbeit der Winzer in dieser Region. Die B\u00f6den bestehen aus Schiefer- und Quarzit und verleihen den Weinen ihre besondere Mineralit\u00e4t.<\/p>\n<p>Insgesamt ist der 2024er R\u00fcdesheimer Blanc de Noir trocken ein hervorragender Wein, der mit seiner frischen, fruchtigen Aromatik und seiner ausgewogenen S\u00e4urestruktur begeistert. Probieren Sie ihn aus und genie\u00dfen Sie das volle Aroma und den langen Abgang dieses erlesenen Weins!<\/p>\n<p>Alle unsere Weine finden Sie auch im Geschenkhaus Ehrenfels, Rheinstra\u00dfe 18, 65385 R\u00fcdesheim am Rhein.<\/p>\n<p>Die Versandkosten betragen pauschal 7,50\u20ac. Lieferung nach Absprache m\u00f6glich.<\/p>\n<p>Wir m\u00f6chten Sie bitten, dreierweise (3, 6, 12 \u2026) zu bestellen, um die Versandkartons voll ausnutzen zu k\u00f6nnen.<\/p>","protected":false},"excerpt":{"rendered":"<p>Blanc de Noir trocken<\/p>\n<p>750ml (1l\/12,00\u20ac)<\/p>\n<p>12% vol Alkohol<\/p>\n<p>6,5 g Restzucker<\/p>\n<p>Enth\u00e4lt Sulfite<\/p>\n<p>Alle Preise inkl. gesetzl. Mehrwertsteuer zzgl. Versandkosten<\/p>","protected":false},"featured_media":15575,"template":"","meta":{"_kadence_starter_templates_imported_post":false,"_kad_post_transparent":"default","_kad_post_title":"","_kad_post_layout":"default","_kad_post_sidebar_id":"","_kad_post_content_style":"default","_kad_post_vertical_padding":"default","_kad_post_feature":"","_kad_post_feature_position":"","_kad_post_header":false,"_kad_post_footer":false,"_kad_post_classname":""},"product_brand":[],"product_cat":[25],"product_tag":[],"class_list":{"0":"post-15587","1":"product","2":"type-product","3":"status-publish","4":"has-post-thumbnail","6":"product_cat-rose","8":"first","9":"instock","10":"taxable","11":"shipping-taxable","12":"purchasable","13":"product-type-simple","14":"entry","15":"content-bg","16":"loop-entry"},"yoast_head":"<!-- This site is optimized with the Yoast SEO plugin v27.4 - https:\/\/yoast.com\/product\/yoast-seo-wordpress\/ -->\n<title>Weingut Heinz St\u00f6rzel R\u00fcdesheimer Blanc de Noir trocken<\/title>\n<meta name=\"description\" content=\"Unser 2024er R\u00fcdesheimer Blanc de Noir trocken aus Sp\u00e4tburgunder Trauben ist ein echtes Sch\u00e4tzchen. Sonne im Glas und gute Laune. Jetzt bestellen.\" \/>\n<meta name=\"robots\" content=\"index, follow, max-snippet:-1, max-image-preview:large, max-video-preview:-1\" \/>\n<link rel=\"canonical\" href=\"https:\/\/weingut-stoerzel.de\/en\/product\/2024er-ruedesheimer-blanc-de-noir-trocken-kopie\/\" \/>\n<meta property=\"og:locale\" content=\"en_US\" \/>\n<meta property=\"og:type\" content=\"article\" \/>\n<meta property=\"og:title\" content=\"Weingut Heinz St\u00f6rzel R\u00fcdesheimer Blanc de Noir trocken\" \/>\n<meta property=\"og:description\" content=\"Unser 2024er R\u00fcdesheimer Blanc de Noir trocken aus Sp\u00e4tburgunder Trauben ist ein echtes Sch\u00e4tzchen. Sonne im Glas und gute Laune. Jetzt bestellen.\" \/>\n<meta property=\"og:url\" content=\"https:\/\/weingut-stoerzel.de\/en\/product\/2024er-ruedesheimer-blanc-de-noir-trocken-kopie\/\" \/>\n<meta property=\"og:site_name\" content=\"Weingut Heinz St\u00f6rzel\" \/>\n<meta property=\"article:publisher\" content=\"https:\/\/www.facebook.com\/HStoerzel\/\" \/>\n<meta property=\"article:modified_time\" content=\"2025-08-16T11:09:11+00:00\" \/>\n<meta property=\"og:image\" content=\"https:\/\/weingut-stoerzel.de\/wp-content\/uploads\/2024\/11\/WhatsApp-Bild-2025-08-11-um-16.18.38_2eaed756.jpg\" \/>\n\t<meta property=\"og:image:width\" content=\"1536\" \/>\n\t<meta property=\"og:image:height\" content=\"2048\" \/>\n\t<meta property=\"og:image:type\" content=\"image\/jpeg\" \/>\n<meta name=\"twitter:card\" content=\"summary_large_image\" \/>\n<meta name=\"twitter:label1\" content=\"Est. reading time\" \/>\n\t<meta name=\"twitter:data1\" content=\"2 minutes\" \/>\n<script type=\"application\/ld+json\" class=\"yoast-schema-graph\">{\"@context\":\"https:\\\/\\\/schema.org\",\"@graph\":[{\"@type\":\"WebPage\",\"@id\":\"https:\\\/\\\/weingut-stoerzel.de\\\/produkt\\\/2024er-ruedesheimer-blanc-de-noir-trocken-kopie\\\/\",\"url\":\"https:\\\/\\\/weingut-stoerzel.de\\\/produkt\\\/2024er-ruedesheimer-blanc-de-noir-trocken-kopie\\\/\",\"name\":\"Weingut Heinz St\u00f6rzel R\u00fcdesheimer Blanc de Noir trocken\",\"isPartOf\":{\"@id\":\"https:\\\/\\\/weingut-stoerzel.de\\\/#website\"},\"primaryImageOfPage\":{\"@id\":\"https:\\\/\\\/weingut-stoerzel.de\\\/produkt\\\/2024er-ruedesheimer-blanc-de-noir-trocken-kopie\\\/#primaryimage\"},\"image\":{\"@id\":\"https:\\\/\\\/weingut-stoerzel.de\\\/produkt\\\/2024er-ruedesheimer-blanc-de-noir-trocken-kopie\\\/#primaryimage\"},\"thumbnailUrl\":\"https:\\\/\\\/weingut-stoerzel.de\\\/wp-content\\\/uploads\\\/2024\\\/11\\\/WhatsApp-Bild-2025-08-11-um-16.18.38_2eaed756.jpg\",\"datePublished\":\"2025-08-16T11:08:00+00:00\",\"dateModified\":\"2025-08-16T11:09:11+00:00\",\"description\":\"Unser 2024er R\u00fcdesheimer Blanc de Noir trocken aus Sp\u00e4tburgunder Trauben ist ein echtes Sch\u00e4tzchen. Sonne im Glas und gute Laune. Jetzt bestellen.\",\"breadcrumb\":{\"@id\":\"https:\\\/\\\/weingut-stoerzel.de\\\/produkt\\\/2024er-ruedesheimer-blanc-de-noir-trocken-kopie\\\/#breadcrumb\"},\"inLanguage\":\"en-US\",\"potentialAction\":[{\"@type\":\"ReadAction\",\"target\":[\"https:\\\/\\\/weingut-stoerzel.de\\\/produkt\\\/2024er-ruedesheimer-blanc-de-noir-trocken-kopie\\\/\"]}]},{\"@type\":\"ImageObject\",\"inLanguage\":\"en-US\",\"@id\":\"https:\\\/\\\/weingut-stoerzel.de\\\/produkt\\\/2024er-ruedesheimer-blanc-de-noir-trocken-kopie\\\/#primaryimage\",\"url\":\"https:\\\/\\\/weingut-stoerzel.de\\\/wp-content\\\/uploads\\\/2024\\\/11\\\/WhatsApp-Bild-2025-08-11-um-16.18.38_2eaed756.jpg\",\"contentUrl\":\"https:\\\/\\\/weingut-stoerzel.de\\\/wp-content\\\/uploads\\\/2024\\\/11\\\/WhatsApp-Bild-2025-08-11-um-16.18.38_2eaed756.jpg\",\"width\":1536,\"height\":2048},{\"@type\":\"BreadcrumbList\",\"@id\":\"https:\\\/\\\/weingut-stoerzel.de\\\/produkt\\\/2024er-ruedesheimer-blanc-de-noir-trocken-kopie\\\/#breadcrumb\",\"itemListElement\":[{\"@type\":\"ListItem\",\"position\":1,\"name\":\"Startseite\",\"item\":\"https:\\\/\\\/weingut-stoerzel.de\\\/\"},{\"@type\":\"ListItem\",\"position\":2,\"name\":\"Shop\",\"item\":\"https:\\\/\\\/weingut-stoerzel.de\\\/shop\\\/\"},{\"@type\":\"ListItem\",\"position\":3,\"name\":\"2024er R\u00fcdesheimer Blanc de Noir trocken\"}]},{\"@type\":\"WebSite\",\"@id\":\"https:\\\/\\\/weingut-stoerzel.de\\\/#website\",\"url\":\"https:\\\/\\\/weingut-stoerzel.de\\\/\",\"name\":\"Weingut Heinz St\u00f6rzel\",\"description\":\"Wein schenkt Freude\",\"publisher\":{\"@id\":\"https:\\\/\\\/weingut-stoerzel.de\\\/#organization\"},\"potentialAction\":[{\"@type\":\"SearchAction\",\"target\":{\"@type\":\"EntryPoint\",\"urlTemplate\":\"https:\\\/\\\/weingut-stoerzel.de\\\/?s={search_term_string}\"},\"query-input\":{\"@type\":\"PropertyValueSpecification\",\"valueRequired\":true,\"valueName\":\"search_term_string\"}}],\"inLanguage\":\"en-US\"},{\"@type\":\"Organization\",\"@id\":\"https:\\\/\\\/weingut-stoerzel.de\\\/#organization\",\"name\":\"Weingut Heinz St\u00f6rzel\",\"url\":\"https:\\\/\\\/weingut-stoerzel.de\\\/\",\"logo\":{\"@type\":\"ImageObject\",\"inLanguage\":\"en-US\",\"@id\":\"https:\\\/\\\/weingut-stoerzel.de\\\/#\\\/schema\\\/logo\\\/image\\\/\",\"url\":\"https:\\\/\\\/weingut-stoerzel.de\\\/wp-content\\\/uploads\\\/2017\\\/02\\\/Wappen_HStoerzel.jpg\",\"contentUrl\":\"https:\\\/\\\/weingut-stoerzel.de\\\/wp-content\\\/uploads\\\/2017\\\/02\\\/Wappen_HStoerzel.jpg\",\"width\":592,\"height\":592,\"caption\":\"Weingut Heinz St\u00f6rzel\"},\"image\":{\"@id\":\"https:\\\/\\\/weingut-stoerzel.de\\\/#\\\/schema\\\/logo\\\/image\\\/\"},\"sameAs\":[\"https:\\\/\\\/www.facebook.com\\\/HStoerzel\\\/\",\"https:\\\/\\\/www.instagram.com\\\/weingutstoerzel\\\/\",\"https:\\\/\\\/www.youtube.com\\\/channel\\\/UC5BdI5neurScmsGaRkCtsDQ\"]}]}<\/script>\n<!-- \/ Yoast SEO plugin. -->","yoast_head_json":{"title":"Weingut Heinz St\u00f6rzel R\u00fcdesheimer Blanc de Noir trocken","description":"Unser 2024er R\u00fcdesheimer Blanc de Noir trocken aus Sp\u00e4tburgunder Trauben ist ein echtes Sch\u00e4tzchen. Sonne im Glas und gute Laune. Jetzt bestellen.","robots":{"index":"index","follow":"follow","max-snippet":"max-snippet:-1","max-image-preview":"max-image-preview:large","max-video-preview":"max-video-preview:-1"},"canonical":"https:\/\/weingut-stoerzel.de\/en\/product\/2024er-ruedesheimer-blanc-de-noir-trocken-kopie\/","og_locale":"en_US","og_type":"article","og_title":"Weingut Heinz St\u00f6rzel R\u00fcdesheimer Blanc de Noir trocken","og_description":"Unser 2024er R\u00fcdesheimer Blanc de Noir trocken aus Sp\u00e4tburgunder Trauben ist ein echtes Sch\u00e4tzchen. Sonne im Glas und gute Laune. Jetzt bestellen.","og_url":"https:\/\/weingut-stoerzel.de\/en\/product\/2024er-ruedesheimer-blanc-de-noir-trocken-kopie\/","og_site_name":"Weingut Heinz St\u00f6rzel","article_publisher":"https:\/\/www.facebook.com\/HStoerzel\/","article_modified_time":"2025-08-16T11:09:11+00:00","og_image":[{"width":1536,"height":2048,"url":"https:\/\/weingut-stoerzel.de\/wp-content\/uploads\/2024\/11\/WhatsApp-Bild-2025-08-11-um-16.18.38_2eaed756.jpg","type":"image\/jpeg"}],"twitter_card":"summary_large_image","twitter_misc":{"Est. reading time":"2 minutes"},"schema":{"@context":"https:\/\/schema.org","@graph":[{"@type":"WebPage","@id":"https:\/\/weingut-stoerzel.de\/produkt\/2024er-ruedesheimer-blanc-de-noir-trocken-kopie\/","url":"https:\/\/weingut-stoerzel.de\/produkt\/2024er-ruedesheimer-blanc-de-noir-trocken-kopie\/","name":"Weingut Heinz St\u00f6rzel R\u00fcdesheimer Blanc de Noir trocken","isPartOf":{"@id":"https:\/\/weingut-stoerzel.de\/#website"},"primaryImageOfPage":{"@id":"https:\/\/weingut-stoerzel.de\/produkt\/2024er-ruedesheimer-blanc-de-noir-trocken-kopie\/#primaryimage"},"image":{"@id":"https:\/\/weingut-stoerzel.de\/produkt\/2024er-ruedesheimer-blanc-de-noir-trocken-kopie\/#primaryimage"},"thumbnailUrl":"https:\/\/weingut-stoerzel.de\/wp-content\/uploads\/2024\/11\/WhatsApp-Bild-2025-08-11-um-16.18.38_2eaed756.jpg","datePublished":"2025-08-16T11:08:00+00:00","dateModified":"2025-08-16T11:09:11+00:00","description":"Unser 2024er R\u00fcdesheimer Blanc de Noir trocken aus Sp\u00e4tburgunder Trauben ist ein echtes Sch\u00e4tzchen. Sonne im Glas und gute Laune. Jetzt bestellen.","breadcrumb":{"@id":"https:\/\/weingut-stoerzel.de\/produkt\/2024er-ruedesheimer-blanc-de-noir-trocken-kopie\/#breadcrumb"},"inLanguage":"en-US","potentialAction":[{"@type":"ReadAction","target":["https:\/\/weingut-stoerzel.de\/produkt\/2024er-ruedesheimer-blanc-de-noir-trocken-kopie\/"]}]},{"@type":"ImageObject","inLanguage":"en-US","@id":"https:\/\/weingut-stoerzel.de\/produkt\/2024er-ruedesheimer-blanc-de-noir-trocken-kopie\/#primaryimage","url":"https:\/\/weingut-stoerzel.de\/wp-content\/uploads\/2024\/11\/WhatsApp-Bild-2025-08-11-um-16.18.38_2eaed756.jpg","contentUrl":"https:\/\/weingut-stoerzel.de\/wp-content\/uploads\/2024\/11\/WhatsApp-Bild-2025-08-11-um-16.18.38_2eaed756.jpg","width":1536,"height":2048},{"@type":"BreadcrumbList","@id":"https:\/\/weingut-stoerzel.de\/produkt\/2024er-ruedesheimer-blanc-de-noir-trocken-kopie\/#breadcrumb","itemListElement":[{"@type":"ListItem","position":1,"name":"Startseite","item":"https:\/\/weingut-stoerzel.de\/"},{"@type":"ListItem","position":2,"name":"Shop","item":"https:\/\/weingut-stoerzel.de\/shop\/"},{"@type":"ListItem","position":3,"name":"2024er R\u00fcdesheimer Blanc de Noir trocken"}]},{"@type":"WebSite","@id":"https:\/\/weingut-stoerzel.de\/#website","url":"https:\/\/weingut-stoerzel.de\/","name":"Weingut Heinz St\u00f6rzel","description":"Wein schenkt Freude","publisher":{"@id":"https:\/\/weingut-stoerzel.de\/#organization"},"potentialAction":[{"@type":"SearchAction","target":{"@type":"EntryPoint","urlTemplate":"https:\/\/weingut-stoerzel.de\/?s={search_term_string}"},"query-input":{"@type":"PropertyValueSpecification","valueRequired":true,"valueName":"search_term_string"}}],"inLanguage":"en-US"},{"@type":"Organization","@id":"https:\/\/weingut-stoerzel.de\/#organization","name":"Weingut Heinz St\u00f6rzel","url":"https:\/\/weingut-stoerzel.de\/","logo":{"@type":"ImageObject","inLanguage":"en-US","@id":"https:\/\/weingut-stoerzel.de\/#\/schema\/logo\/image\/","url":"https:\/\/weingut-stoerzel.de\/wp-content\/uploads\/2017\/02\/Wappen_HStoerzel.jpg","contentUrl":"https:\/\/weingut-stoerzel.de\/wp-content\/uploads\/2017\/02\/Wappen_HStoerzel.jpg","width":592,"height":592,"caption":"Weingut Heinz St\u00f6rzel"},"image":{"@id":"https:\/\/weingut-stoerzel.de\/#\/schema\/logo\/image\/"},"sameAs":["https:\/\/www.facebook.com\/HStoerzel\/","https:\/\/www.instagram.com\/weingutstoerzel\/","https:\/\/www.youtube.com\/channel\/UC5BdI5neurScmsGaRkCtsDQ"]}]}},"jetpack_sharing_enabled":true,"_links":{"self":[{"href":"https:\/\/weingut-stoerzel.de\/en\/wp-json\/wp\/v2\/product\/15587","targetHints":{"allow":["GET"]}}],"collection":[{"href":"https:\/\/weingut-stoerzel.de\/en\/wp-json\/wp\/v2\/product"}],"about":[{"href":"https:\/\/weingut-stoerzel.de\/en\/wp-json\/wp\/v2\/types\/product"}],"wp:featuredmedia":[{"embeddable":true,"href":"https:\/\/weingut-stoerzel.de\/en\/wp-json\/wp\/v2\/media\/15575"}],"wp:attachment":[{"href":"https:\/\/weingut-stoerzel.de\/en\/wp-json\/wp\/v2\/media?parent=15587"}],"wp:term":[{"taxonomy":"product_brand","embeddable":true,"href":"https:\/\/weingut-stoerzel.de\/en\/wp-json\/wp\/v2\/product_brand?post=15587"},{"taxonomy":"product_cat","embeddable":true,"href":"https:\/\/weingut-stoerzel.de\/en\/wp-json\/wp\/v2\/product_cat?post=15587"},{"taxonomy":"product_tag","embeddable":true,"href":"https:\/\/weingut-stoerzel.de\/en\/wp-json\/wp\/v2\/product_tag?post=15587"}],"curies":[{"name":"wp","href":"https:\/\/api.w.org\/{rel}","templated":true}]}}