{"id":15588,"date":"2025-08-16T13:09:55","date_gmt":"2025-08-16T11:09:55","guid":{"rendered":"https:\/\/weingut-stoerzel.de\/?post_type=product&#038;p=15588"},"modified":"2025-12-11T22:04:26","modified_gmt":"2025-12-11T21:04:26","slug":"2024er-ruedesheimer-rose-qba-feinherb","status":"publish","type":"product","link":"https:\/\/weingut-stoerzel.de\/en\/product\/2024er-ruedesheimer-rose-qba-feinherb\/","title":{"rendered":"2024er R\u00fcdesheimer Ros\u00e9 Kabinett feinherb"},"content":{"rendered":"<div class=\"flex flex-grow flex-col gap-3\">\n<div class=\"min-h-[20px] flex flex-col items-start gap-4 whitespace-pre-wrap\">\n<div class=\"markdown prose w-full break-words dark:prose-invert dark\">\n<p>Der R\u00fcdesheimer Ros\u00e9 feinherb aus Sp\u00e4tburgunder Trauben ist ein erfrischender und fruchtiger Wein, der durch seine zarte Farbe und feinherbe Note \u00fcberzeugt. Die Trauben f\u00fcr diesen Wein stammen aus den Weinbergen rund um R\u00fcdesheim am Rhein und wurden schonend in Edelstahltanks ausgebaut.<\/p>\n<div class=\"flex flex-grow flex-col gap-3\">\n<div class=\"min-h-[20px] flex flex-col items-start gap-4 whitespace-pre-wrap\">\n<div class=\"markdown prose w-full break-words dark:prose-invert dark\">\n<p>Der Wein wurde bei kontrollierten Temperaturen vergoren, um seine Frische und Fruchtigkeit zu bewahren.<\/p>\n<\/div>\n<\/div>\n<\/div>\n<p>Im Glas pr\u00e4sentiert sich der R\u00fcdesheimer Ros\u00e9 feinherb mit einer zartrosa Farbe und einem Duft nach roten Fr\u00fcchten wie Himbeeren, Erdbeeren und Kirschen. Am Gaumen entfaltet sich eine feinherbe Note, die durch eine angenehme S\u00e4ure perfekt ausbalanciert wird. Das fruchtige Aroma wird von einer leichten Mineralit\u00e4t begleitet, die dem Wein eine besondere Tiefe verleiht. Der Abgang ist angenehm lang und frisch.<\/p>\n<p>Der R\u00fcdesheimer Ros\u00e9 feinherb eignet sich perfekt als Begleiter zu leichten Gerichten wie Salaten, Fisch oder Meeresfr\u00fcchten. Auch als Aperitif oder einfach nur zum Genie\u00dfen an warmen Sommerabenden ist dieser Wein eine ausgezeichnete Wahl.<\/p>\n<\/div>\n<\/div>\n<\/div>\n<p>Alle unsere Weine finden Sie auch im Geschenkhaus Ehrenfels, Rheinstra\u00dfe 18, 65385 R\u00fcdesheim am Rhein.<\/p>\n<p>Die Versandkosten betragen pauschal 7,50\u20ac. Lieferung nach Absprache m\u00f6glich.<\/p>\n<p>Wir m\u00f6chten Sie bitten dreierweise (3,6,12\u2026.) zu bestellen, um die Versandkartons voll ausnutzen zu k\u00f6nnen.<\/p>\n","protected":false},"excerpt":{"rendered":"<p>Ros\u00e9 feinherb<\/p>\n<p>750ml (1l\/10,67\u20ac)<\/p>\n<p>Enth\u00e4lt Sulfite<\/p>\n<p>Alle Preise inkl. gesetzl. Mehrwertsteuer zzgl. Versandkosten<\/p>","protected":false},"featured_media":15578,"template":"","meta":{"_kadence_starter_templates_imported_post":false,"_kad_post_transparent":"default","_kad_post_title":"","_kad_post_layout":"default","_kad_post_sidebar_id":"","_kad_post_content_style":"default","_kad_post_vertical_padding":"default","_kad_post_feature":"","_kad_post_feature_position":"","_kad_post_header":false,"_kad_post_footer":false,"_kad_post_classname":""},"product_brand":[],"product_cat":[25],"product_tag":[],"class_list":{"0":"post-15588","1":"product","2":"type-product","3":"status-publish","4":"has-post-thumbnail","6":"product_cat-rose","8":"first","9":"instock","10":"taxable","11":"shipping-taxable","12":"purchasable","13":"product-type-simple","14":"entry","15":"content-bg","16":"loop-entry"},"yoast_head":"<!-- This site is optimized with the Yoast SEO plugin v27.4 - https:\/\/yoast.com\/product\/yoast-seo-wordpress\/ -->\n<title>R\u00fcdesheimer Ros\u00e9 feinherb<\/title>\n<meta name=\"description\" content=\"Unser 2043er R\u00fcdesheimer Ros\u00e9 feinherb aus Sp\u00e4tburgunder Trauben ist ein echtes Sch\u00e4tzchen. Sonne im Glas und gute Laune. Jetzt bestellen.\" \/>\n<meta name=\"robots\" content=\"index, follow, max-snippet:-1, max-image-preview:large, max-video-preview:-1\" \/>\n<link rel=\"canonical\" href=\"https:\/\/weingut-stoerzel.de\/en\/product\/2024er-ruedesheimer-rose-qba-feinherb\/\" \/>\n<meta property=\"og:locale\" content=\"en_US\" \/>\n<meta property=\"og:type\" content=\"article\" \/>\n<meta property=\"og:title\" content=\"R\u00fcdesheimer Ros\u00e9 feinherb\" \/>\n<meta property=\"og:description\" content=\"Unser 2043er R\u00fcdesheimer Ros\u00e9 feinherb aus Sp\u00e4tburgunder Trauben ist ein echtes Sch\u00e4tzchen. Sonne im Glas und gute Laune. Jetzt bestellen.\" \/>\n<meta property=\"og:url\" content=\"https:\/\/weingut-stoerzel.de\/en\/product\/2024er-ruedesheimer-rose-qba-feinherb\/\" \/>\n<meta property=\"og:site_name\" content=\"Weingut Heinz St\u00f6rzel\" \/>\n<meta property=\"article:publisher\" content=\"https:\/\/www.facebook.com\/HStoerzel\/\" \/>\n<meta property=\"article:modified_time\" content=\"2025-12-11T21:04:26+00:00\" \/>\n<meta property=\"og:image\" content=\"https:\/\/weingut-stoerzel.de\/wp-content\/uploads\/2024\/11\/WhatsApp-Bild-2025-08-11-um-16.18.38_909fec1b.jpg\" \/>\n\t<meta property=\"og:image:width\" content=\"1536\" \/>\n\t<meta property=\"og:image:height\" content=\"2048\" \/>\n\t<meta property=\"og:image:type\" content=\"image\/jpeg\" \/>\n<meta name=\"twitter:card\" content=\"summary_large_image\" \/>\n<meta name=\"twitter:label1\" content=\"Est. reading time\" \/>\n\t<meta name=\"twitter:data1\" content=\"2 minutes\" \/>\n<script type=\"application\/ld+json\" class=\"yoast-schema-graph\">{\"@context\":\"https:\\\/\\\/schema.org\",\"@graph\":[{\"@type\":\"WebPage\",\"@id\":\"https:\\\/\\\/weingut-stoerzel.de\\\/produkt\\\/2024er-ruedesheimer-rose-qba-feinherb\\\/\",\"url\":\"https:\\\/\\\/weingut-stoerzel.de\\\/produkt\\\/2024er-ruedesheimer-rose-qba-feinherb\\\/\",\"name\":\"R\u00fcdesheimer Ros\u00e9 feinherb\",\"isPartOf\":{\"@id\":\"https:\\\/\\\/weingut-stoerzel.de\\\/#website\"},\"primaryImageOfPage\":{\"@id\":\"https:\\\/\\\/weingut-stoerzel.de\\\/produkt\\\/2024er-ruedesheimer-rose-qba-feinherb\\\/#primaryimage\"},\"image\":{\"@id\":\"https:\\\/\\\/weingut-stoerzel.de\\\/produkt\\\/2024er-ruedesheimer-rose-qba-feinherb\\\/#primaryimage\"},\"thumbnailUrl\":\"https:\\\/\\\/weingut-stoerzel.de\\\/wp-content\\\/uploads\\\/2024\\\/11\\\/WhatsApp-Bild-2025-08-11-um-16.18.38_909fec1b.jpg\",\"datePublished\":\"2025-08-16T11:09:55+00:00\",\"dateModified\":\"2025-12-11T21:04:26+00:00\",\"description\":\"Unser 2043er R\u00fcdesheimer Ros\u00e9 feinherb aus Sp\u00e4tburgunder Trauben ist ein echtes Sch\u00e4tzchen. Sonne im Glas und gute Laune. Jetzt bestellen.\",\"breadcrumb\":{\"@id\":\"https:\\\/\\\/weingut-stoerzel.de\\\/produkt\\\/2024er-ruedesheimer-rose-qba-feinherb\\\/#breadcrumb\"},\"inLanguage\":\"en-US\",\"potentialAction\":[{\"@type\":\"ReadAction\",\"target\":[\"https:\\\/\\\/weingut-stoerzel.de\\\/produkt\\\/2024er-ruedesheimer-rose-qba-feinherb\\\/\"]}]},{\"@type\":\"ImageObject\",\"inLanguage\":\"en-US\",\"@id\":\"https:\\\/\\\/weingut-stoerzel.de\\\/produkt\\\/2024er-ruedesheimer-rose-qba-feinherb\\\/#primaryimage\",\"url\":\"https:\\\/\\\/weingut-stoerzel.de\\\/wp-content\\\/uploads\\\/2024\\\/11\\\/WhatsApp-Bild-2025-08-11-um-16.18.38_909fec1b.jpg\",\"contentUrl\":\"https:\\\/\\\/weingut-stoerzel.de\\\/wp-content\\\/uploads\\\/2024\\\/11\\\/WhatsApp-Bild-2025-08-11-um-16.18.38_909fec1b.jpg\",\"width\":1536,\"height\":2048},{\"@type\":\"BreadcrumbList\",\"@id\":\"https:\\\/\\\/weingut-stoerzel.de\\\/produkt\\\/2024er-ruedesheimer-rose-qba-feinherb\\\/#breadcrumb\",\"itemListElement\":[{\"@type\":\"ListItem\",\"position\":1,\"name\":\"Startseite\",\"item\":\"https:\\\/\\\/weingut-stoerzel.de\\\/\"},{\"@type\":\"ListItem\",\"position\":2,\"name\":\"Shop\",\"item\":\"https:\\\/\\\/weingut-stoerzel.de\\\/shop\\\/\"},{\"@type\":\"ListItem\",\"position\":3,\"name\":\"2024er R\u00fcdesheimer Ros\u00e9 Kabinett feinherb\"}]},{\"@type\":\"WebSite\",\"@id\":\"https:\\\/\\\/weingut-stoerzel.de\\\/#website\",\"url\":\"https:\\\/\\\/weingut-stoerzel.de\\\/\",\"name\":\"Weingut Heinz St\u00f6rzel\",\"description\":\"Wein schenkt Freude\",\"publisher\":{\"@id\":\"https:\\\/\\\/weingut-stoerzel.de\\\/#organization\"},\"potentialAction\":[{\"@type\":\"SearchAction\",\"target\":{\"@type\":\"EntryPoint\",\"urlTemplate\":\"https:\\\/\\\/weingut-stoerzel.de\\\/?s={search_term_string}\"},\"query-input\":{\"@type\":\"PropertyValueSpecification\",\"valueRequired\":true,\"valueName\":\"search_term_string\"}}],\"inLanguage\":\"en-US\"},{\"@type\":\"Organization\",\"@id\":\"https:\\\/\\\/weingut-stoerzel.de\\\/#organization\",\"name\":\"Weingut Heinz St\u00f6rzel\",\"url\":\"https:\\\/\\\/weingut-stoerzel.de\\\/\",\"logo\":{\"@type\":\"ImageObject\",\"inLanguage\":\"en-US\",\"@id\":\"https:\\\/\\\/weingut-stoerzel.de\\\/#\\\/schema\\\/logo\\\/image\\\/\",\"url\":\"https:\\\/\\\/weingut-stoerzel.de\\\/wp-content\\\/uploads\\\/2017\\\/02\\\/Wappen_HStoerzel.jpg\",\"contentUrl\":\"https:\\\/\\\/weingut-stoerzel.de\\\/wp-content\\\/uploads\\\/2017\\\/02\\\/Wappen_HStoerzel.jpg\",\"width\":592,\"height\":592,\"caption\":\"Weingut Heinz St\u00f6rzel\"},\"image\":{\"@id\":\"https:\\\/\\\/weingut-stoerzel.de\\\/#\\\/schema\\\/logo\\\/image\\\/\"},\"sameAs\":[\"https:\\\/\\\/www.facebook.com\\\/HStoerzel\\\/\",\"https:\\\/\\\/www.instagram.com\\\/weingutstoerzel\\\/\",\"https:\\\/\\\/www.youtube.com\\\/channel\\\/UC5BdI5neurScmsGaRkCtsDQ\"]}]}<\/script>\n<!-- \/ Yoast SEO plugin. -->","yoast_head_json":{"title":"R\u00fcdesheimer Ros\u00e9 feinherb","description":"Unser 2043er R\u00fcdesheimer Ros\u00e9 feinherb aus Sp\u00e4tburgunder Trauben ist ein echtes Sch\u00e4tzchen. Sonne im Glas und gute Laune. Jetzt bestellen.","robots":{"index":"index","follow":"follow","max-snippet":"max-snippet:-1","max-image-preview":"max-image-preview:large","max-video-preview":"max-video-preview:-1"},"canonical":"https:\/\/weingut-stoerzel.de\/en\/product\/2024er-ruedesheimer-rose-qba-feinherb\/","og_locale":"en_US","og_type":"article","og_title":"R\u00fcdesheimer Ros\u00e9 feinherb","og_description":"Unser 2043er R\u00fcdesheimer Ros\u00e9 feinherb aus Sp\u00e4tburgunder Trauben ist ein echtes Sch\u00e4tzchen. Sonne im Glas und gute Laune. Jetzt bestellen.","og_url":"https:\/\/weingut-stoerzel.de\/en\/product\/2024er-ruedesheimer-rose-qba-feinherb\/","og_site_name":"Weingut Heinz St\u00f6rzel","article_publisher":"https:\/\/www.facebook.com\/HStoerzel\/","article_modified_time":"2025-12-11T21:04:26+00:00","og_image":[{"width":1536,"height":2048,"url":"https:\/\/weingut-stoerzel.de\/wp-content\/uploads\/2024\/11\/WhatsApp-Bild-2025-08-11-um-16.18.38_909fec1b.jpg","type":"image\/jpeg"}],"twitter_card":"summary_large_image","twitter_misc":{"Est. reading time":"2 minutes"},"schema":{"@context":"https:\/\/schema.org","@graph":[{"@type":"WebPage","@id":"https:\/\/weingut-stoerzel.de\/produkt\/2024er-ruedesheimer-rose-qba-feinherb\/","url":"https:\/\/weingut-stoerzel.de\/produkt\/2024er-ruedesheimer-rose-qba-feinherb\/","name":"R\u00fcdesheimer Ros\u00e9 feinherb","isPartOf":{"@id":"https:\/\/weingut-stoerzel.de\/#website"},"primaryImageOfPage":{"@id":"https:\/\/weingut-stoerzel.de\/produkt\/2024er-ruedesheimer-rose-qba-feinherb\/#primaryimage"},"image":{"@id":"https:\/\/weingut-stoerzel.de\/produkt\/2024er-ruedesheimer-rose-qba-feinherb\/#primaryimage"},"thumbnailUrl":"https:\/\/weingut-stoerzel.de\/wp-content\/uploads\/2024\/11\/WhatsApp-Bild-2025-08-11-um-16.18.38_909fec1b.jpg","datePublished":"2025-08-16T11:09:55+00:00","dateModified":"2025-12-11T21:04:26+00:00","description":"Unser 2043er R\u00fcdesheimer Ros\u00e9 feinherb aus Sp\u00e4tburgunder Trauben ist ein echtes Sch\u00e4tzchen. Sonne im Glas und gute Laune. Jetzt bestellen.","breadcrumb":{"@id":"https:\/\/weingut-stoerzel.de\/produkt\/2024er-ruedesheimer-rose-qba-feinherb\/#breadcrumb"},"inLanguage":"en-US","potentialAction":[{"@type":"ReadAction","target":["https:\/\/weingut-stoerzel.de\/produkt\/2024er-ruedesheimer-rose-qba-feinherb\/"]}]},{"@type":"ImageObject","inLanguage":"en-US","@id":"https:\/\/weingut-stoerzel.de\/produkt\/2024er-ruedesheimer-rose-qba-feinherb\/#primaryimage","url":"https:\/\/weingut-stoerzel.de\/wp-content\/uploads\/2024\/11\/WhatsApp-Bild-2025-08-11-um-16.18.38_909fec1b.jpg","contentUrl":"https:\/\/weingut-stoerzel.de\/wp-content\/uploads\/2024\/11\/WhatsApp-Bild-2025-08-11-um-16.18.38_909fec1b.jpg","width":1536,"height":2048},{"@type":"BreadcrumbList","@id":"https:\/\/weingut-stoerzel.de\/produkt\/2024er-ruedesheimer-rose-qba-feinherb\/#breadcrumb","itemListElement":[{"@type":"ListItem","position":1,"name":"Startseite","item":"https:\/\/weingut-stoerzel.de\/"},{"@type":"ListItem","position":2,"name":"Shop","item":"https:\/\/weingut-stoerzel.de\/shop\/"},{"@type":"ListItem","position":3,"name":"2024er R\u00fcdesheimer Ros\u00e9 Kabinett feinherb"}]},{"@type":"WebSite","@id":"https:\/\/weingut-stoerzel.de\/#website","url":"https:\/\/weingut-stoerzel.de\/","name":"Weingut Heinz St\u00f6rzel","description":"Wein schenkt Freude","publisher":{"@id":"https:\/\/weingut-stoerzel.de\/#organization"},"potentialAction":[{"@type":"SearchAction","target":{"@type":"EntryPoint","urlTemplate":"https:\/\/weingut-stoerzel.de\/?s={search_term_string}"},"query-input":{"@type":"PropertyValueSpecification","valueRequired":true,"valueName":"search_term_string"}}],"inLanguage":"en-US"},{"@type":"Organization","@id":"https:\/\/weingut-stoerzel.de\/#organization","name":"Weingut Heinz St\u00f6rzel","url":"https:\/\/weingut-stoerzel.de\/","logo":{"@type":"ImageObject","inLanguage":"en-US","@id":"https:\/\/weingut-stoerzel.de\/#\/schema\/logo\/image\/","url":"https:\/\/weingut-stoerzel.de\/wp-content\/uploads\/2017\/02\/Wappen_HStoerzel.jpg","contentUrl":"https:\/\/weingut-stoerzel.de\/wp-content\/uploads\/2017\/02\/Wappen_HStoerzel.jpg","width":592,"height":592,"caption":"Weingut Heinz St\u00f6rzel"},"image":{"@id":"https:\/\/weingut-stoerzel.de\/#\/schema\/logo\/image\/"},"sameAs":["https:\/\/www.facebook.com\/HStoerzel\/","https:\/\/www.instagram.com\/weingutstoerzel\/","https:\/\/www.youtube.com\/channel\/UC5BdI5neurScmsGaRkCtsDQ"]}]}},"jetpack_sharing_enabled":true,"_links":{"self":[{"href":"https:\/\/weingut-stoerzel.de\/en\/wp-json\/wp\/v2\/product\/15588","targetHints":{"allow":["GET"]}}],"collection":[{"href":"https:\/\/weingut-stoerzel.de\/en\/wp-json\/wp\/v2\/product"}],"about":[{"href":"https:\/\/weingut-stoerzel.de\/en\/wp-json\/wp\/v2\/types\/product"}],"wp:featuredmedia":[{"embeddable":true,"href":"https:\/\/weingut-stoerzel.de\/en\/wp-json\/wp\/v2\/media\/15578"}],"wp:attachment":[{"href":"https:\/\/weingut-stoerzel.de\/en\/wp-json\/wp\/v2\/media?parent=15588"}],"wp:term":[{"taxonomy":"product_brand","embeddable":true,"href":"https:\/\/weingut-stoerzel.de\/en\/wp-json\/wp\/v2\/product_brand?post=15588"},{"taxonomy":"product_cat","embeddable":true,"href":"https:\/\/weingut-stoerzel.de\/en\/wp-json\/wp\/v2\/product_cat?post=15588"},{"taxonomy":"product_tag","embeddable":true,"href":"https:\/\/weingut-stoerzel.de\/en\/wp-json\/wp\/v2\/product_tag?post=15588"}],"curies":[{"name":"wp","href":"https:\/\/api.w.org\/{rel}","templated":true}]}}