{"id":1992,"date":"2019-12-01T11:02:08","date_gmt":"2019-12-01T10:02:08","guid":{"rendered":"https:\/\/weingut-stoerzel.de\/?post_type=product&#038;p=1992"},"modified":"2024-11-15T15:51:14","modified_gmt":"2024-11-15T14:51:14","slug":"2023er-ruedesheimer-klosterberg-riesling-kabinett-feinherb","status":"publish","type":"product","link":"https:\/\/weingut-stoerzel.de\/en\/product\/2023er-ruedesheimer-klosterberg-riesling-kabinett-feinherb\/","title":{"rendered":"2023er R\u00fcdesheimer Riesling Kabinett feinherb"},"content":{"rendered":"<div class=\"flex flex-grow flex-col gap-3\">\n<div class=\"min-h-[20px] flex flex-col items-start gap-4 whitespace-pre-wrap\">\n<div class=\"markdown prose w-full break-words dark:prose-invert dark\">\n<p>Der 2023er R\u00fcdesheimer Riesling Kabinett feinherb ist ein exzellenter Wein aus der renommierten Weinregion R\u00fcdesheim am Rhein. Er wird aus handverlesenen Trauben von den steilen H\u00e4ngen des R\u00fcdesheimer Bergs gewonnen und besticht durch seine feinherbe Note und ein delikates Aroma.<\/p>\n<p>Im Glas zeigt dieser Riesling eine hellgelbe Farbe mit gr\u00fcnlichen Reflexen. In der Nase pr\u00e4sentiert er sich mit einem intensiven und frischen Aroma von Zitrusfr\u00fcchten und Pfirsichen, gepaart mit einem Hauch von Mineralien und Kr\u00e4utern. Im Mund \u00fcberzeugt dieser Wein durch seine ausgewogene S\u00e4ure und eine dezente S\u00fc\u00dfe, die perfekt harmonieren. Der Abgang ist lang und fruchtig.<\/p>\n<p>Dieser R\u00fcdesheimer Riesling Kabinett feinherb ist ein idealer Begleiter zu vielen Gerichten, wie zum Beispiel zu asiatischen Gerichten oder zu leichtem, sommerlichem Essen. Er passt auch hervorragend zu leichten Desserts oder als Aperitif.<\/p>\n<p>Der R\u00fcdesheimer Riesling Kabinett feinherb ist ein hervorragendes Beispiel f\u00fcr die Qualit\u00e4t der R\u00fcdesheimer Weine. Die Trauben stammen aus den Weinbergen, die bekannt sind f\u00fcr Schiefer- und Quarzitboden und den Weinen ihre besondere Mineralit\u00e4t verleiht. Die Reifezeit erfolgt im Edelstahltank, um das volle Aroma und den nat\u00fcrlichen Charakter des Weins zu bewahren.<\/p>\n<p>Insgesamt ist der 2023er R\u00fcdesheimer Riesling Kabinett feinherb ein hervorragender Wein, der mit seinem intensiven Aroma und seiner ausgewogenen S\u00e4ure-S\u00fc\u00dfe-Balance begeistert. Er ist ein perfekter Wein f\u00fcr laue Sommerabende oder als Begleiter zu vielen verschiedenen Gerichten. Probieren Sie ihn aus und erleben Sie die hohe Qualit\u00e4t der R\u00fcdesheimer Weine!<\/p>\n<\/div>\n<\/div>\n<\/div>\n<p>Alle unsere Weine finden Sie auch im <a href=\"https:\/\/geschenkhaus-ehrenfels.de\/\">Geschenkhaus Ehrenfels<\/a>, Rheinstra\u00dfe 18, 65385 R\u00fcdesheim am Rhein.<\/p>\n<p>Die Versandkosten betragen pauschal 7,50\u20ac. Lieferung nach Absprache m\u00f6glich.<\/p>\n<p>Wir m\u00f6chten Sie bitten dreierweise (3,6,12\u2026.) zu bestellen, um die Versandkartons voll ausnutzen zu k\u00f6nnen.<\/p>\n","protected":false},"excerpt":{"rendered":"<p>Riesling Kabinett feinherb<\/p>\n<p>11,50% vol. Alk. &#8211; 10,4 g\/l Zucker &#8211; 7,0 g\/l S\u00e4ure<\/p>\n<p>750ml (1l\/10,66\u20ac)<\/p>\n<p>Enth\u00e4lt Sulfite<\/p>","protected":false},"featured_media":15402,"template":"","meta":{"_kadence_starter_templates_imported_post":false,"_kad_post_transparent":"default","_kad_post_title":"","_kad_post_layout":"default","_kad_post_sidebar_id":"","_kad_post_content_style":"default","_kad_post_vertical_padding":"default","_kad_post_feature":"","_kad_post_feature_position":"","_kad_post_header":false,"_kad_post_footer":false,"_kad_post_classname":""},"product_brand":[],"product_cat":[22],"product_tag":[],"class_list":{"0":"post-1992","1":"product","2":"type-product","3":"status-publish","4":"has-post-thumbnail","6":"product_cat-weisswein","8":"first","9":"instock","10":"taxable","11":"shipping-taxable","12":"purchasable","13":"product-type-simple","14":"entry","15":"content-bg","16":"loop-entry"},"yoast_head":"<!-- This site is optimized with the Yoast SEO plugin v27.6 - https:\/\/yoast.com\/product\/yoast-seo-wordpress\/ -->\n<title>2023er R\u00fcdesheimer Riesling Kabinett feinherb -<\/title>\n<meta name=\"description\" content=\"Weingut Heinz St\u00f6rzel - 2023er R\u00fcdesheimer Riesling Kabinett feinherb - Mit harmonischer S\u00e4ure und Frucht - Jetzt hier bestellen!\" \/>\n<meta name=\"robots\" content=\"index, follow, max-snippet:-1, max-image-preview:large, max-video-preview:-1\" \/>\n<link rel=\"canonical\" href=\"https:\/\/weingut-stoerzel.de\/en\/product\/2023er-ruedesheimer-klosterberg-riesling-kabinett-feinherb\/\" \/>\n<meta property=\"og:locale\" content=\"en_US\" \/>\n<meta property=\"og:type\" content=\"article\" \/>\n<meta property=\"og:title\" content=\"2023er R\u00fcdesheimer Riesling Kabinett feinherb -\" \/>\n<meta property=\"og:description\" content=\"Weingut Heinz St\u00f6rzel - 2023er R\u00fcdesheimer Riesling Kabinett feinherb - Mit harmonischer S\u00e4ure und Frucht - Jetzt hier bestellen!\" \/>\n<meta property=\"og:url\" content=\"https:\/\/weingut-stoerzel.de\/en\/product\/2023er-ruedesheimer-klosterberg-riesling-kabinett-feinherb\/\" \/>\n<meta property=\"og:site_name\" content=\"Weingut Heinz St\u00f6rzel\" \/>\n<meta property=\"article:publisher\" content=\"https:\/\/www.facebook.com\/HStoerzel\/\" \/>\n<meta property=\"article:modified_time\" content=\"2024-11-15T14:51:14+00:00\" \/>\n<meta property=\"og:image\" content=\"https:\/\/weingut-stoerzel.de\/wp-content\/uploads\/2022\/05\/23erRieslingtrocken.jpg\" \/>\n\t<meta property=\"og:image:width\" content=\"555\" \/>\n\t<meta property=\"og:image:height\" content=\"688\" \/>\n\t<meta property=\"og:image:type\" content=\"image\/jpeg\" \/>\n<meta name=\"twitter:card\" content=\"summary_large_image\" \/>\n<meta name=\"twitter:label1\" content=\"Est. reading time\" \/>\n\t<meta name=\"twitter:data1\" content=\"2 minutes\" \/>\n<script type=\"application\/ld+json\" class=\"yoast-schema-graph\">{\"@context\":\"https:\\\/\\\/schema.org\",\"@graph\":[{\"@type\":\"WebPage\",\"@id\":\"https:\\\/\\\/weingut-stoerzel.de\\\/produkt\\\/2023er-ruedesheimer-klosterberg-riesling-kabinett-feinherb\\\/\",\"url\":\"https:\\\/\\\/weingut-stoerzel.de\\\/produkt\\\/2023er-ruedesheimer-klosterberg-riesling-kabinett-feinherb\\\/\",\"name\":\"2023er R\u00fcdesheimer Riesling Kabinett feinherb -\",\"isPartOf\":{\"@id\":\"https:\\\/\\\/weingut-stoerzel.de\\\/#website\"},\"primaryImageOfPage\":{\"@id\":\"https:\\\/\\\/weingut-stoerzel.de\\\/produkt\\\/2023er-ruedesheimer-klosterberg-riesling-kabinett-feinherb\\\/#primaryimage\"},\"image\":{\"@id\":\"https:\\\/\\\/weingut-stoerzel.de\\\/produkt\\\/2023er-ruedesheimer-klosterberg-riesling-kabinett-feinherb\\\/#primaryimage\"},\"thumbnailUrl\":\"https:\\\/\\\/weingut-stoerzel.de\\\/wp-content\\\/uploads\\\/2022\\\/05\\\/23erRieslingtrocken.jpg\",\"datePublished\":\"2019-12-01T10:02:08+00:00\",\"dateModified\":\"2024-11-15T14:51:14+00:00\",\"description\":\"Weingut Heinz St\u00f6rzel - 2023er R\u00fcdesheimer Riesling Kabinett feinherb - Mit harmonischer S\u00e4ure und Frucht - Jetzt hier bestellen!\",\"breadcrumb\":{\"@id\":\"https:\\\/\\\/weingut-stoerzel.de\\\/produkt\\\/2023er-ruedesheimer-klosterberg-riesling-kabinett-feinherb\\\/#breadcrumb\"},\"inLanguage\":\"en-US\",\"potentialAction\":[{\"@type\":\"ReadAction\",\"target\":[\"https:\\\/\\\/weingut-stoerzel.de\\\/produkt\\\/2023er-ruedesheimer-klosterberg-riesling-kabinett-feinherb\\\/\"]}]},{\"@type\":\"ImageObject\",\"inLanguage\":\"en-US\",\"@id\":\"https:\\\/\\\/weingut-stoerzel.de\\\/produkt\\\/2023er-ruedesheimer-klosterberg-riesling-kabinett-feinherb\\\/#primaryimage\",\"url\":\"https:\\\/\\\/weingut-stoerzel.de\\\/wp-content\\\/uploads\\\/2022\\\/05\\\/23erRieslingtrocken.jpg\",\"contentUrl\":\"https:\\\/\\\/weingut-stoerzel.de\\\/wp-content\\\/uploads\\\/2022\\\/05\\\/23erRieslingtrocken.jpg\",\"width\":555,\"height\":688,\"caption\":\"2023er R\u00fcdesheimer Riesling trocken\"},{\"@type\":\"BreadcrumbList\",\"@id\":\"https:\\\/\\\/weingut-stoerzel.de\\\/produkt\\\/2023er-ruedesheimer-klosterberg-riesling-kabinett-feinherb\\\/#breadcrumb\",\"itemListElement\":[{\"@type\":\"ListItem\",\"position\":1,\"name\":\"Startseite\",\"item\":\"https:\\\/\\\/weingut-stoerzel.de\\\/\"},{\"@type\":\"ListItem\",\"position\":2,\"name\":\"Shop\",\"item\":\"https:\\\/\\\/weingut-stoerzel.de\\\/shop\\\/\"},{\"@type\":\"ListItem\",\"position\":3,\"name\":\"2023er R\u00fcdesheimer Riesling Kabinett feinherb\"}]},{\"@type\":\"WebSite\",\"@id\":\"https:\\\/\\\/weingut-stoerzel.de\\\/#website\",\"url\":\"https:\\\/\\\/weingut-stoerzel.de\\\/\",\"name\":\"Weingut Heinz St\u00f6rzel\",\"description\":\"Wein schenkt Freude\",\"publisher\":{\"@id\":\"https:\\\/\\\/weingut-stoerzel.de\\\/#organization\"},\"potentialAction\":[{\"@type\":\"SearchAction\",\"target\":{\"@type\":\"EntryPoint\",\"urlTemplate\":\"https:\\\/\\\/weingut-stoerzel.de\\\/?s={search_term_string}\"},\"query-input\":{\"@type\":\"PropertyValueSpecification\",\"valueRequired\":true,\"valueName\":\"search_term_string\"}}],\"inLanguage\":\"en-US\"},{\"@type\":\"Organization\",\"@id\":\"https:\\\/\\\/weingut-stoerzel.de\\\/#organization\",\"name\":\"Weingut Heinz St\u00f6rzel\",\"url\":\"https:\\\/\\\/weingut-stoerzel.de\\\/\",\"logo\":{\"@type\":\"ImageObject\",\"inLanguage\":\"en-US\",\"@id\":\"https:\\\/\\\/weingut-stoerzel.de\\\/#\\\/schema\\\/logo\\\/image\\\/\",\"url\":\"https:\\\/\\\/weingut-stoerzel.de\\\/wp-content\\\/uploads\\\/2017\\\/02\\\/Wappen_HStoerzel.jpg\",\"contentUrl\":\"https:\\\/\\\/weingut-stoerzel.de\\\/wp-content\\\/uploads\\\/2017\\\/02\\\/Wappen_HStoerzel.jpg\",\"width\":592,\"height\":592,\"caption\":\"Weingut Heinz St\u00f6rzel\"},\"image\":{\"@id\":\"https:\\\/\\\/weingut-stoerzel.de\\\/#\\\/schema\\\/logo\\\/image\\\/\"},\"sameAs\":[\"https:\\\/\\\/www.facebook.com\\\/HStoerzel\\\/\",\"https:\\\/\\\/www.instagram.com\\\/weingutstoerzel\\\/\",\"https:\\\/\\\/www.youtube.com\\\/channel\\\/UC5BdI5neurScmsGaRkCtsDQ\"]}]}<\/script>\n<!-- \/ Yoast SEO plugin. -->","yoast_head_json":{"title":"2023er R\u00fcdesheimer Riesling Kabinett feinherb -","description":"Weingut Heinz St\u00f6rzel - 2023er R\u00fcdesheimer Riesling Kabinett feinherb - Mit harmonischer S\u00e4ure und Frucht - Jetzt hier bestellen!","robots":{"index":"index","follow":"follow","max-snippet":"max-snippet:-1","max-image-preview":"max-image-preview:large","max-video-preview":"max-video-preview:-1"},"canonical":"https:\/\/weingut-stoerzel.de\/en\/product\/2023er-ruedesheimer-klosterberg-riesling-kabinett-feinherb\/","og_locale":"en_US","og_type":"article","og_title":"2023er R\u00fcdesheimer Riesling Kabinett feinherb -","og_description":"Weingut Heinz St\u00f6rzel - 2023er R\u00fcdesheimer Riesling Kabinett feinherb - Mit harmonischer S\u00e4ure und Frucht - Jetzt hier bestellen!","og_url":"https:\/\/weingut-stoerzel.de\/en\/product\/2023er-ruedesheimer-klosterberg-riesling-kabinett-feinherb\/","og_site_name":"Weingut Heinz St\u00f6rzel","article_publisher":"https:\/\/www.facebook.com\/HStoerzel\/","article_modified_time":"2024-11-15T14:51:14+00:00","og_image":[{"width":555,"height":688,"url":"https:\/\/weingut-stoerzel.de\/wp-content\/uploads\/2022\/05\/23erRieslingtrocken.jpg","type":"image\/jpeg"}],"twitter_card":"summary_large_image","twitter_misc":{"Est. reading time":"2 minutes"},"schema":{"@context":"https:\/\/schema.org","@graph":[{"@type":"WebPage","@id":"https:\/\/weingut-stoerzel.de\/produkt\/2023er-ruedesheimer-klosterberg-riesling-kabinett-feinherb\/","url":"https:\/\/weingut-stoerzel.de\/produkt\/2023er-ruedesheimer-klosterberg-riesling-kabinett-feinherb\/","name":"2023er R\u00fcdesheimer Riesling Kabinett feinherb -","isPartOf":{"@id":"https:\/\/weingut-stoerzel.de\/#website"},"primaryImageOfPage":{"@id":"https:\/\/weingut-stoerzel.de\/produkt\/2023er-ruedesheimer-klosterberg-riesling-kabinett-feinherb\/#primaryimage"},"image":{"@id":"https:\/\/weingut-stoerzel.de\/produkt\/2023er-ruedesheimer-klosterberg-riesling-kabinett-feinherb\/#primaryimage"},"thumbnailUrl":"https:\/\/weingut-stoerzel.de\/wp-content\/uploads\/2022\/05\/23erRieslingtrocken.jpg","datePublished":"2019-12-01T10:02:08+00:00","dateModified":"2024-11-15T14:51:14+00:00","description":"Weingut Heinz St\u00f6rzel - 2023er R\u00fcdesheimer Riesling Kabinett feinherb - Mit harmonischer S\u00e4ure und Frucht - Jetzt hier bestellen!","breadcrumb":{"@id":"https:\/\/weingut-stoerzel.de\/produkt\/2023er-ruedesheimer-klosterberg-riesling-kabinett-feinherb\/#breadcrumb"},"inLanguage":"en-US","potentialAction":[{"@type":"ReadAction","target":["https:\/\/weingut-stoerzel.de\/produkt\/2023er-ruedesheimer-klosterberg-riesling-kabinett-feinherb\/"]}]},{"@type":"ImageObject","inLanguage":"en-US","@id":"https:\/\/weingut-stoerzel.de\/produkt\/2023er-ruedesheimer-klosterberg-riesling-kabinett-feinherb\/#primaryimage","url":"https:\/\/weingut-stoerzel.de\/wp-content\/uploads\/2022\/05\/23erRieslingtrocken.jpg","contentUrl":"https:\/\/weingut-stoerzel.de\/wp-content\/uploads\/2022\/05\/23erRieslingtrocken.jpg","width":555,"height":688,"caption":"2023er R\u00fcdesheimer Riesling trocken"},{"@type":"BreadcrumbList","@id":"https:\/\/weingut-stoerzel.de\/produkt\/2023er-ruedesheimer-klosterberg-riesling-kabinett-feinherb\/#breadcrumb","itemListElement":[{"@type":"ListItem","position":1,"name":"Startseite","item":"https:\/\/weingut-stoerzel.de\/"},{"@type":"ListItem","position":2,"name":"Shop","item":"https:\/\/weingut-stoerzel.de\/shop\/"},{"@type":"ListItem","position":3,"name":"2023er R\u00fcdesheimer Riesling Kabinett feinherb"}]},{"@type":"WebSite","@id":"https:\/\/weingut-stoerzel.de\/#website","url":"https:\/\/weingut-stoerzel.de\/","name":"Weingut Heinz St\u00f6rzel","description":"Wein schenkt Freude","publisher":{"@id":"https:\/\/weingut-stoerzel.de\/#organization"},"potentialAction":[{"@type":"SearchAction","target":{"@type":"EntryPoint","urlTemplate":"https:\/\/weingut-stoerzel.de\/?s={search_term_string}"},"query-input":{"@type":"PropertyValueSpecification","valueRequired":true,"valueName":"search_term_string"}}],"inLanguage":"en-US"},{"@type":"Organization","@id":"https:\/\/weingut-stoerzel.de\/#organization","name":"Weingut Heinz St\u00f6rzel","url":"https:\/\/weingut-stoerzel.de\/","logo":{"@type":"ImageObject","inLanguage":"en-US","@id":"https:\/\/weingut-stoerzel.de\/#\/schema\/logo\/image\/","url":"https:\/\/weingut-stoerzel.de\/wp-content\/uploads\/2017\/02\/Wappen_HStoerzel.jpg","contentUrl":"https:\/\/weingut-stoerzel.de\/wp-content\/uploads\/2017\/02\/Wappen_HStoerzel.jpg","width":592,"height":592,"caption":"Weingut Heinz St\u00f6rzel"},"image":{"@id":"https:\/\/weingut-stoerzel.de\/#\/schema\/logo\/image\/"},"sameAs":["https:\/\/www.facebook.com\/HStoerzel\/","https:\/\/www.instagram.com\/weingutstoerzel\/","https:\/\/www.youtube.com\/channel\/UC5BdI5neurScmsGaRkCtsDQ"]}]}},"jetpack_sharing_enabled":true,"_links":{"self":[{"href":"https:\/\/weingut-stoerzel.de\/en\/wp-json\/wp\/v2\/product\/1992","targetHints":{"allow":["GET"]}}],"collection":[{"href":"https:\/\/weingut-stoerzel.de\/en\/wp-json\/wp\/v2\/product"}],"about":[{"href":"https:\/\/weingut-stoerzel.de\/en\/wp-json\/wp\/v2\/types\/product"}],"wp:featuredmedia":[{"embeddable":true,"href":"https:\/\/weingut-stoerzel.de\/en\/wp-json\/wp\/v2\/media\/15402"}],"wp:attachment":[{"href":"https:\/\/weingut-stoerzel.de\/en\/wp-json\/wp\/v2\/media?parent=1992"}],"wp:term":[{"taxonomy":"product_brand","embeddable":true,"href":"https:\/\/weingut-stoerzel.de\/en\/wp-json\/wp\/v2\/product_brand?post=1992"},{"taxonomy":"product_cat","embeddable":true,"href":"https:\/\/weingut-stoerzel.de\/en\/wp-json\/wp\/v2\/product_cat?post=1992"},{"taxonomy":"product_tag","embeddable":true,"href":"https:\/\/weingut-stoerzel.de\/en\/wp-json\/wp\/v2\/product_tag?post=1992"}],"curies":[{"name":"wp","href":"https:\/\/api.w.org\/{rel}","templated":true}]}}