{"id":4344,"date":"2020-06-04T16:33:50","date_gmt":"2020-06-04T14:33:50","guid":{"rendered":"https:\/\/weingut-stoerzel.de\/?post_type=product&#038;p=4344"},"modified":"2024-09-01T19:58:43","modified_gmt":"2024-09-01T17:58:43","slug":"2020er-rotwein-trocken-ruedesheimer-klosterberg","status":"publish","type":"product","link":"https:\/\/weingut-stoerzel.de\/en\/product\/2020er-rotwein-trocken-ruedesheimer-klosterberg\/","title":{"rendered":"2020er R\u00fcdesheimer Sp\u00e4tburgunder Rotwein Q.b.A. trocken BARRIQUE"},"content":{"rendered":"<p>Eine ordentliche und saubere Handlese ist Grundlage f\u00fcr jeden guten Rotwein. Nach einer gen\u00fcgenden Maischestandzeit wurde der junge Rotwein in Holzf\u00e4sser gelegt, um ihm eine zus\u00e4tzliche besondere Note zu verleihen. Der Wein gibt die Sp\u00e4tburgunder typische, rubinroten Farbe wieder und erinnert im Geschmack an schwarze Beeren und dunkle Kirschen. In der Nase ist eine gut eingebundene Holznote zu erkennen, die jedoch nicht zu aufdringlich ist und dezent im Hintergrund bleibt. Eine lange Lagerzeit von \u00fcber 12 Monaten in Holzf\u00e4ssern hat ihm seine ganz eigene und einzigartige Note verliehen. Genau der richtige Wein f\u00fcr kalte Winterabende auf dem Sofa oder vor dem Kamin.<\/p>\n<p>Wir empfehlen diesen Wein vor dem Genuss zu dekantieren, damit er sein ganzes Aroma entfalten kann.<\/p>\n<p>Alle unsere Weine und den Sekt finden Sie auch im <a href=\"https:\/\/geschenkhaus-ehrenfels.de\/\">Geschenkhaus Ehrenfels<\/a>, Rheinstra\u00dfe 18, 65385 R\u00fcdesheim am Rhein.<\/p>\n<p>Die Versandkosten betragen pauschal 7,50\u20ac. Lieferung nach Absprache m\u00f6glich.<\/p>\n<p>Wir m\u00f6chten Sie bitten dreierweise (3,6,12\u2026.) zu bestellen, um die Versandkartons voll ausnutzen zu k\u00f6nnen.<\/p>","protected":false},"excerpt":{"rendered":"<p>Rotwein trocken QbA<\/p>\n<p>13 % vol. Alk.<\/p>\n<p>750ml<\/p>\n<p>(19,87\u20ac\/ 1000ml)<\/p>\n<p>Enth\u00e4lt Sulfite<\/p>\n<p>Alle Preise inkl der gesetzlichen MwSt, zzgl Versandkosten<\/p>","protected":false},"featured_media":14699,"template":"","meta":{"_kadence_starter_templates_imported_post":false,"_kad_post_transparent":"","_kad_post_title":"","_kad_post_layout":"","_kad_post_sidebar_id":"","_kad_post_content_style":"","_kad_post_vertical_padding":"","_kad_post_feature":"","_kad_post_feature_position":"","_kad_post_header":false,"_kad_post_footer":false,"_kad_post_classname":""},"product_brand":[],"product_cat":[24],"product_tag":[],"class_list":{"0":"post-4344","1":"product","2":"type-product","3":"status-publish","4":"has-post-thumbnail","6":"product_cat-rotwein","8":"first","9":"instock","10":"taxable","11":"shipping-taxable","12":"purchasable","13":"product-type-simple","14":"entry","15":"content-bg","16":"loop-entry"},"yoast_head":"<!-- This site is optimized with the Yoast SEO plugin v27.4 - https:\/\/yoast.com\/product\/yoast-seo-wordpress\/ -->\n<title>Weingut Heinz St\u00f6rzel<\/title>\n<meta name=\"description\" content=\"R\u00fcdesheimer Sp\u00e4tburgunder Rotwein trocken aus dem Barrique FAss. Rubinrote Farbe, im Geschmack schwarze Beeren und dunkle Kirschen. Hier bestellen.\" \/>\n<meta name=\"robots\" content=\"index, follow, max-snippet:-1, max-image-preview:large, max-video-preview:-1\" \/>\n<link rel=\"canonical\" href=\"https:\/\/weingut-stoerzel.de\/en\/product\/2020er-rotwein-trocken-ruedesheimer-klosterberg\/\" \/>\n<meta property=\"og:locale\" content=\"en_US\" \/>\n<meta property=\"og:type\" content=\"article\" \/>\n<meta property=\"og:title\" content=\"Weingut Heinz St\u00f6rzel\" \/>\n<meta property=\"og:description\" content=\"R\u00fcdesheimer Sp\u00e4tburgunder Rotwein trocken aus dem Barrique FAss. Rubinrote Farbe, im Geschmack schwarze Beeren und dunkle Kirschen. Hier bestellen.\" \/>\n<meta property=\"og:url\" content=\"https:\/\/weingut-stoerzel.de\/en\/product\/2020er-rotwein-trocken-ruedesheimer-klosterberg\/\" \/>\n<meta property=\"og:site_name\" content=\"Weingut Heinz St\u00f6rzel\" \/>\n<meta property=\"article:publisher\" content=\"https:\/\/www.facebook.com\/HStoerzel\/\" \/>\n<meta property=\"article:modified_time\" content=\"2024-09-01T17:58:43+00:00\" \/>\n<meta property=\"og:image\" content=\"https:\/\/weingut-stoerzel.de\/wp-content\/uploads\/2023\/04\/RotweinBarrique.jpg\" \/>\n\t<meta property=\"og:image:width\" content=\"555\" \/>\n\t<meta property=\"og:image:height\" content=\"688\" \/>\n\t<meta property=\"og:image:type\" content=\"image\/jpeg\" \/>\n<meta name=\"twitter:card\" content=\"summary_large_image\" \/>\n<meta name=\"twitter:label1\" content=\"Est. reading time\" \/>\n\t<meta name=\"twitter:data1\" content=\"1 minute\" \/>\n<script type=\"application\/ld+json\" class=\"yoast-schema-graph\">{\"@context\":\"https:\\\/\\\/schema.org\",\"@graph\":[{\"@type\":\"WebPage\",\"@id\":\"https:\\\/\\\/weingut-stoerzel.de\\\/produkt\\\/2020er-rotwein-trocken-ruedesheimer-klosterberg\\\/\",\"url\":\"https:\\\/\\\/weingut-stoerzel.de\\\/produkt\\\/2020er-rotwein-trocken-ruedesheimer-klosterberg\\\/\",\"name\":\"Weingut Heinz St\u00f6rzel\",\"isPartOf\":{\"@id\":\"https:\\\/\\\/weingut-stoerzel.de\\\/#website\"},\"primaryImageOfPage\":{\"@id\":\"https:\\\/\\\/weingut-stoerzel.de\\\/produkt\\\/2020er-rotwein-trocken-ruedesheimer-klosterberg\\\/#primaryimage\"},\"image\":{\"@id\":\"https:\\\/\\\/weingut-stoerzel.de\\\/produkt\\\/2020er-rotwein-trocken-ruedesheimer-klosterberg\\\/#primaryimage\"},\"thumbnailUrl\":\"https:\\\/\\\/weingut-stoerzel.de\\\/wp-content\\\/uploads\\\/2023\\\/04\\\/RotweinBarrique.jpg\",\"datePublished\":\"2020-06-04T14:33:50+00:00\",\"dateModified\":\"2024-09-01T17:58:43+00:00\",\"description\":\"R\u00fcdesheimer Sp\u00e4tburgunder Rotwein trocken aus dem Barrique FAss. Rubinrote Farbe, im Geschmack schwarze Beeren und dunkle Kirschen. Hier bestellen.\",\"breadcrumb\":{\"@id\":\"https:\\\/\\\/weingut-stoerzel.de\\\/produkt\\\/2020er-rotwein-trocken-ruedesheimer-klosterberg\\\/#breadcrumb\"},\"inLanguage\":\"en-US\",\"potentialAction\":[{\"@type\":\"ReadAction\",\"target\":[\"https:\\\/\\\/weingut-stoerzel.de\\\/produkt\\\/2020er-rotwein-trocken-ruedesheimer-klosterberg\\\/\"]}]},{\"@type\":\"ImageObject\",\"inLanguage\":\"en-US\",\"@id\":\"https:\\\/\\\/weingut-stoerzel.de\\\/produkt\\\/2020er-rotwein-trocken-ruedesheimer-klosterberg\\\/#primaryimage\",\"url\":\"https:\\\/\\\/weingut-stoerzel.de\\\/wp-content\\\/uploads\\\/2023\\\/04\\\/RotweinBarrique.jpg\",\"contentUrl\":\"https:\\\/\\\/weingut-stoerzel.de\\\/wp-content\\\/uploads\\\/2023\\\/04\\\/RotweinBarrique.jpg\",\"width\":555,\"height\":688,\"caption\":\"R\u00fcdesheimer Sp\u00e4tburgunder Rotwein Barrique\"},{\"@type\":\"BreadcrumbList\",\"@id\":\"https:\\\/\\\/weingut-stoerzel.de\\\/produkt\\\/2020er-rotwein-trocken-ruedesheimer-klosterberg\\\/#breadcrumb\",\"itemListElement\":[{\"@type\":\"ListItem\",\"position\":1,\"name\":\"Startseite\",\"item\":\"https:\\\/\\\/weingut-stoerzel.de\\\/\"},{\"@type\":\"ListItem\",\"position\":2,\"name\":\"Shop\",\"item\":\"https:\\\/\\\/weingut-stoerzel.de\\\/shop\\\/\"},{\"@type\":\"ListItem\",\"position\":3,\"name\":\"2020er R\u00fcdesheimer Sp\u00e4tburgunder Rotwein Q.b.A. trocken BARRIQUE\"}]},{\"@type\":\"WebSite\",\"@id\":\"https:\\\/\\\/weingut-stoerzel.de\\\/#website\",\"url\":\"https:\\\/\\\/weingut-stoerzel.de\\\/\",\"name\":\"Weingut Heinz St\u00f6rzel\",\"description\":\"Wein schenkt Freude\",\"publisher\":{\"@id\":\"https:\\\/\\\/weingut-stoerzel.de\\\/#organization\"},\"potentialAction\":[{\"@type\":\"SearchAction\",\"target\":{\"@type\":\"EntryPoint\",\"urlTemplate\":\"https:\\\/\\\/weingut-stoerzel.de\\\/?s={search_term_string}\"},\"query-input\":{\"@type\":\"PropertyValueSpecification\",\"valueRequired\":true,\"valueName\":\"search_term_string\"}}],\"inLanguage\":\"en-US\"},{\"@type\":\"Organization\",\"@id\":\"https:\\\/\\\/weingut-stoerzel.de\\\/#organization\",\"name\":\"Weingut Heinz St\u00f6rzel\",\"url\":\"https:\\\/\\\/weingut-stoerzel.de\\\/\",\"logo\":{\"@type\":\"ImageObject\",\"inLanguage\":\"en-US\",\"@id\":\"https:\\\/\\\/weingut-stoerzel.de\\\/#\\\/schema\\\/logo\\\/image\\\/\",\"url\":\"https:\\\/\\\/weingut-stoerzel.de\\\/wp-content\\\/uploads\\\/2017\\\/02\\\/Wappen_HStoerzel.jpg\",\"contentUrl\":\"https:\\\/\\\/weingut-stoerzel.de\\\/wp-content\\\/uploads\\\/2017\\\/02\\\/Wappen_HStoerzel.jpg\",\"width\":592,\"height\":592,\"caption\":\"Weingut Heinz St\u00f6rzel\"},\"image\":{\"@id\":\"https:\\\/\\\/weingut-stoerzel.de\\\/#\\\/schema\\\/logo\\\/image\\\/\"},\"sameAs\":[\"https:\\\/\\\/www.facebook.com\\\/HStoerzel\\\/\",\"https:\\\/\\\/www.instagram.com\\\/weingutstoerzel\\\/\",\"https:\\\/\\\/www.youtube.com\\\/channel\\\/UC5BdI5neurScmsGaRkCtsDQ\"]}]}<\/script>\n<!-- \/ Yoast SEO plugin. -->","yoast_head_json":{"title":"Weingut Heinz St\u00f6rzel","description":"R\u00fcdesheimer Sp\u00e4tburgunder Rotwein trocken aus dem Barrique FAss. Rubinrote Farbe, im Geschmack schwarze Beeren und dunkle Kirschen. Hier bestellen.","robots":{"index":"index","follow":"follow","max-snippet":"max-snippet:-1","max-image-preview":"max-image-preview:large","max-video-preview":"max-video-preview:-1"},"canonical":"https:\/\/weingut-stoerzel.de\/en\/product\/2020er-rotwein-trocken-ruedesheimer-klosterberg\/","og_locale":"en_US","og_type":"article","og_title":"Weingut Heinz St\u00f6rzel","og_description":"R\u00fcdesheimer Sp\u00e4tburgunder Rotwein trocken aus dem Barrique FAss. Rubinrote Farbe, im Geschmack schwarze Beeren und dunkle Kirschen. Hier bestellen.","og_url":"https:\/\/weingut-stoerzel.de\/en\/product\/2020er-rotwein-trocken-ruedesheimer-klosterberg\/","og_site_name":"Weingut Heinz St\u00f6rzel","article_publisher":"https:\/\/www.facebook.com\/HStoerzel\/","article_modified_time":"2024-09-01T17:58:43+00:00","og_image":[{"width":555,"height":688,"url":"https:\/\/weingut-stoerzel.de\/wp-content\/uploads\/2023\/04\/RotweinBarrique.jpg","type":"image\/jpeg"}],"twitter_card":"summary_large_image","twitter_misc":{"Est. reading time":"1 minute"},"schema":{"@context":"https:\/\/schema.org","@graph":[{"@type":"WebPage","@id":"https:\/\/weingut-stoerzel.de\/produkt\/2020er-rotwein-trocken-ruedesheimer-klosterberg\/","url":"https:\/\/weingut-stoerzel.de\/produkt\/2020er-rotwein-trocken-ruedesheimer-klosterberg\/","name":"Weingut Heinz St\u00f6rzel","isPartOf":{"@id":"https:\/\/weingut-stoerzel.de\/#website"},"primaryImageOfPage":{"@id":"https:\/\/weingut-stoerzel.de\/produkt\/2020er-rotwein-trocken-ruedesheimer-klosterberg\/#primaryimage"},"image":{"@id":"https:\/\/weingut-stoerzel.de\/produkt\/2020er-rotwein-trocken-ruedesheimer-klosterberg\/#primaryimage"},"thumbnailUrl":"https:\/\/weingut-stoerzel.de\/wp-content\/uploads\/2023\/04\/RotweinBarrique.jpg","datePublished":"2020-06-04T14:33:50+00:00","dateModified":"2024-09-01T17:58:43+00:00","description":"R\u00fcdesheimer Sp\u00e4tburgunder Rotwein trocken aus dem Barrique FAss. Rubinrote Farbe, im Geschmack schwarze Beeren und dunkle Kirschen. Hier bestellen.","breadcrumb":{"@id":"https:\/\/weingut-stoerzel.de\/produkt\/2020er-rotwein-trocken-ruedesheimer-klosterberg\/#breadcrumb"},"inLanguage":"en-US","potentialAction":[{"@type":"ReadAction","target":["https:\/\/weingut-stoerzel.de\/produkt\/2020er-rotwein-trocken-ruedesheimer-klosterberg\/"]}]},{"@type":"ImageObject","inLanguage":"en-US","@id":"https:\/\/weingut-stoerzel.de\/produkt\/2020er-rotwein-trocken-ruedesheimer-klosterberg\/#primaryimage","url":"https:\/\/weingut-stoerzel.de\/wp-content\/uploads\/2023\/04\/RotweinBarrique.jpg","contentUrl":"https:\/\/weingut-stoerzel.de\/wp-content\/uploads\/2023\/04\/RotweinBarrique.jpg","width":555,"height":688,"caption":"R\u00fcdesheimer Sp\u00e4tburgunder Rotwein Barrique"},{"@type":"BreadcrumbList","@id":"https:\/\/weingut-stoerzel.de\/produkt\/2020er-rotwein-trocken-ruedesheimer-klosterberg\/#breadcrumb","itemListElement":[{"@type":"ListItem","position":1,"name":"Startseite","item":"https:\/\/weingut-stoerzel.de\/"},{"@type":"ListItem","position":2,"name":"Shop","item":"https:\/\/weingut-stoerzel.de\/shop\/"},{"@type":"ListItem","position":3,"name":"2020er R\u00fcdesheimer Sp\u00e4tburgunder Rotwein Q.b.A. trocken BARRIQUE"}]},{"@type":"WebSite","@id":"https:\/\/weingut-stoerzel.de\/#website","url":"https:\/\/weingut-stoerzel.de\/","name":"Weingut Heinz St\u00f6rzel","description":"Wein schenkt Freude","publisher":{"@id":"https:\/\/weingut-stoerzel.de\/#organization"},"potentialAction":[{"@type":"SearchAction","target":{"@type":"EntryPoint","urlTemplate":"https:\/\/weingut-stoerzel.de\/?s={search_term_string}"},"query-input":{"@type":"PropertyValueSpecification","valueRequired":true,"valueName":"search_term_string"}}],"inLanguage":"en-US"},{"@type":"Organization","@id":"https:\/\/weingut-stoerzel.de\/#organization","name":"Weingut Heinz St\u00f6rzel","url":"https:\/\/weingut-stoerzel.de\/","logo":{"@type":"ImageObject","inLanguage":"en-US","@id":"https:\/\/weingut-stoerzel.de\/#\/schema\/logo\/image\/","url":"https:\/\/weingut-stoerzel.de\/wp-content\/uploads\/2017\/02\/Wappen_HStoerzel.jpg","contentUrl":"https:\/\/weingut-stoerzel.de\/wp-content\/uploads\/2017\/02\/Wappen_HStoerzel.jpg","width":592,"height":592,"caption":"Weingut Heinz St\u00f6rzel"},"image":{"@id":"https:\/\/weingut-stoerzel.de\/#\/schema\/logo\/image\/"},"sameAs":["https:\/\/www.facebook.com\/HStoerzel\/","https:\/\/www.instagram.com\/weingutstoerzel\/","https:\/\/www.youtube.com\/channel\/UC5BdI5neurScmsGaRkCtsDQ"]}]}},"jetpack_sharing_enabled":true,"_links":{"self":[{"href":"https:\/\/weingut-stoerzel.de\/en\/wp-json\/wp\/v2\/product\/4344","targetHints":{"allow":["GET"]}}],"collection":[{"href":"https:\/\/weingut-stoerzel.de\/en\/wp-json\/wp\/v2\/product"}],"about":[{"href":"https:\/\/weingut-stoerzel.de\/en\/wp-json\/wp\/v2\/types\/product"}],"wp:featuredmedia":[{"embeddable":true,"href":"https:\/\/weingut-stoerzel.de\/en\/wp-json\/wp\/v2\/media\/14699"}],"wp:attachment":[{"href":"https:\/\/weingut-stoerzel.de\/en\/wp-json\/wp\/v2\/media?parent=4344"}],"wp:term":[{"taxonomy":"product_brand","embeddable":true,"href":"https:\/\/weingut-stoerzel.de\/en\/wp-json\/wp\/v2\/product_brand?post=4344"},{"taxonomy":"product_cat","embeddable":true,"href":"https:\/\/weingut-stoerzel.de\/en\/wp-json\/wp\/v2\/product_cat?post=4344"},{"taxonomy":"product_tag","embeddable":true,"href":"https:\/\/weingut-stoerzel.de\/en\/wp-json\/wp\/v2\/product_tag?post=4344"}],"curies":[{"name":"wp","href":"https:\/\/api.w.org\/{rel}","templated":true}]}}